{"id":29528,"date":"2021-10-12T15:51:09","date_gmt":"2021-10-12T12:51:09","guid":{"rendered":"https:\/\/gthydraulic.com.tr\/?page_id=29528"},"modified":"2025-04-27T02:15:12","modified_gmt":"2025-04-26T23:15:12","slug":"about-us","status":"publish","type":"page","link":"https:\/\/gthydraulic.com.tr\/de\/about-us\/","title":{"rendered":"About Us"},"content":{"rendered":"\t\t<div data-elementor-type=\"wp-page\" data-elementor-id=\"29528\" class=\"elementor elementor-29528 elementor-4400\" data-elementor-post-type=\"page\">\n\t\t\t\t<div class=\"wd-negative-gap elementor-element elementor-element-7c7c544 e-flex e-con-boxed e-con e-parent\" data-id=\"7c7c544\" data-element_type=\"container\" data-e-type=\"container\">\n\t\t\t\t\t<div class=\"e-con-inner\">\n\t\t<div class=\"elementor-element elementor-element-e7cb5cd e-con-full e-flex e-con e-child\" data-id=\"e7cb5cd\" data-element_type=\"container\" data-e-type=\"container\">\n\t\t\t\t<div class=\"elementor-element elementor-element-56aec39 elementor-widget elementor-widget-wd_image_or_svg\" data-id=\"56aec39\" data-element_type=\"widget\" data-e-type=\"widget\" data-widget_type=\"wd_image_or_svg.default\">\n\t\t\t\t<div class=\"elementor-widget-container\">\n\t\t\t\t\t\n\t\t<div class=\"wd-image text-left\">\n\t\t\t\t\t\t\t\t<img fetchpriority=\"high\" decoding=\"async\" width=\"1080\" height=\"1080\" src=\"https:\/\/gthydraulic.com.tr\/wp-content\/uploads\/2025\/03\/GT.webp\" class=\"attachment-full size-full\" alt=\"\" srcset=\"https:\/\/gthydraulic.com.tr\/wp-content\/uploads\/2025\/03\/GT.webp 1080w, https:\/\/gthydraulic.com.tr\/wp-content\/uploads\/2025\/03\/GT-300x300.webp 300w, https:\/\/gthydraulic.com.tr\/wp-content\/uploads\/2025\/03\/GT-800x800.webp 800w, https:\/\/gthydraulic.com.tr\/wp-content\/uploads\/2025\/03\/GT-150x150.webp 150w, https:\/\/gthydraulic.com.tr\/wp-content\/uploads\/2025\/03\/GT-768x768.webp 768w, https:\/\/gthydraulic.com.tr\/wp-content\/uploads\/2025\/03\/GT-430x430.webp 430w, https:\/\/gthydraulic.com.tr\/wp-content\/uploads\/2025\/03\/GT-700x700.webp 700w\" sizes=\"(max-width: 1080px) 100vw, 1080px\" \/>\t\t\t\t\t<\/div>\n\n\t\t\t\t\t\t<\/div>\n\t\t\t\t<\/div>\n\t\t\t\t<\/div>\n\t\t<div class=\"elementor-element elementor-element-97d6084 e-con-full e-flex e-con e-child\" data-id=\"97d6084\" data-element_type=\"container\" data-e-type=\"container\">\n\t\t\t\t<div class=\"elementor-element elementor-element-66e47ad elementor-widget elementor-widget-wd_text_block\" data-id=\"66e47ad\" data-element_type=\"widget\" data-e-type=\"widget\" data-widget_type=\"wd_text_block.default\">\n\t\t\t\t<div class=\"elementor-widget-container\">\n\t\t\t\t\t\t\t<div class=\"wd-text-block reset-last-child text-left\">\n\t\t\t\n\t\t\t<h2 style=\"color: #03588c;\"><strong>Qualit\u00e4tsproduktion, zuverl\u00e4ssige L\u00f6sungen<\/strong><\/h2><p>Bei GT Hydraulic sind wir auf die Herstellung hochwertiger \u00d6lk\u00fchlsysteme spezialisiert, die den anspruchsvollen Anforderungen moderner Industrieanwendungen gerecht werden. Mit jahrzehntelanger Erfahrung sind wir bestrebt, L\u00f6sungen zu bieten, die Langlebigkeit, Effizienz und Zuverl\u00e4ssigkeit vereinen.<\/p><p>Unsere hydraulischen \u00d6lk\u00fchlsysteme sind darauf ausgelegt, unter schwierigen Bedingungen eine optimale Effizienz zu gew\u00e4hrleisten. Durch den Einsatz fortschrittlicher Bar-Plate-K\u00fchltechnologie und hochwertiger Materialien wie 6063-Aluminium gew\u00e4hrleisten unsere Produkte eine langlebige Leistung und hervorragende W\u00e4rmeableitung.<\/p><p>Die \u00d6lk\u00fchlsysteme von GT Hydraulic eignen sich f\u00fcr eine Vielzahl von Anwendungen, darunter mobile Systeme, station\u00e4re Einheiten und AD-DC-K\u00fchlsysteme. Mit Blick auf Flexibilit\u00e4t und Anpassungsf\u00e4higkeit konzipiert, k\u00f6nnen sie synthetische und mineralische \u00d6le sowie andere industrielle Fl\u00fcssigkeiten effizient k\u00fchlen.<\/p><p>Wir legen gro\u00dfen Wert auf Kundenzufriedenheit, indem wir gebrauchsfertige Systeme liefern, die wartungsfreundlich, kosteneffizient und f\u00fcr eine nahtlose Integration in bestehende Anlagen ausgelegt sind. Mit einem Fokus auf Innovation und Qualit\u00e4t bleibt GT Hydraulic die vertrauensw\u00fcrdige Wahl f\u00fcr Fachleute weltweit.<\/p>\n\t\t\t\t\t<\/div>\n\t\t\t\t\t\t<\/div>\n\t\t\t\t<\/div>\n\t\t\t\t<\/div>\n\t\t\t\t\t<\/div>\n\t\t\t\t<\/div>\n\t\t<div class=\"wd-negative-gap elementor-element elementor-element-5ff2e5d e-flex e-con-boxed elementor-invisible e-con e-parent\" data-id=\"5ff2e5d\" data-element_type=\"container\" data-e-type=\"container\" data-settings=\"{&quot;animation&quot;:&quot;fadeInUp&quot;}\">\n\t\t\t\t\t<div class=\"e-con-inner\">\n\t\t<div class=\"elementor-element elementor-element-7240520 e-con-full e-flex e-con e-child\" data-id=\"7240520\" data-element_type=\"container\" data-e-type=\"container\">\n\t\t\t\t<div class=\"elementor-element elementor-element-82542c5 elementor-widget elementor-widget-wd_text_block\" data-id=\"82542c5\" data-element_type=\"widget\" data-e-type=\"widget\" data-widget_type=\"wd_text_block.default\">\n\t\t\t\t<div class=\"elementor-widget-container\">\n\t\t\t\t\t\t\t<div class=\"wd-text-block reset-last-child text-left\">\n\t\t\t\n\t\t\t<h3><span style=\"color: #03588c;\">Moderne und Ger\u00e4umige Produktionsst\u00e4tte<\/span><\/h3><p>Unsere Fabrik in Konya bietet eine hochkapazitive und effiziente Produktion mit etwa 8.000 Quadratmetern Produktionsfl\u00e4che. Diese ger\u00e4umige und moderne Anlage ist f\u00fcr die Herstellung hochwertiger hydraulischer K\u00fchl- und K\u00fchlsysteme konzipiert.<\/p><h3><span style=\"color: #03588c;\">Technologie und Umweltbewusstsein<\/span><\/h3><p>Unsere mit modernster Technologie ausgestattete Fabrik zeichnet sich durch energieeffiziente und umweltfreundliche Produktionsprozesse aus. Unsere innovativen Produkte bieten hohe Leistung und Effizienz in der Industrie- und Automobilbranche.<\/p><h3><span style=\"color: #03588c;\">Starke Zusammenarbeit und Kundenorientierung<\/span><\/h3><p>GT Hydraulic ist ein zuverl\u00e4ssiger Partner f\u00fcr hydraulische und K\u00fchlsystemprojekte und bietet ma\u00dfgeschneiderte L\u00f6sungen, um die Bed\u00fcrfnisse unserer Kunden zu erf\u00fcllen. Mit unserem Ansatz, der Projekten jeder Gr\u00f6\u00dfe einen Mehrwert verleiht, streben wir eine hohe Kundenzufriedenheit an.<\/p>\n\t\t\t\t\t<\/div>\n\t\t\t\t\t\t<\/div>\n\t\t\t\t<\/div>\n\t\t\t\t<\/div>\n\t\t<div class=\"elementor-element elementor-element-ad611e8 e-con-full e-flex e-con e-child\" data-id=\"ad611e8\" data-element_type=\"container\" data-e-type=\"container\">\n\t\t\t\t<div class=\"elementor-element elementor-element-deae098 elementor-widget elementor-widget-wd_image_or_svg\" data-id=\"deae098\" data-element_type=\"widget\" data-e-type=\"widget\" data-widget_type=\"wd_image_or_svg.default\">\n\t\t\t\t<div class=\"elementor-widget-container\">\n\t\t\t\t\t\n\t\t<div class=\"wd-image text-left\">\n\t\t\t\t\t\t\t\t<img decoding=\"async\" width=\"1443\" height=\"907\" src=\"https:\/\/gthydraulic.com.tr\/wp-content\/uploads\/2025\/03\/gt-hydraulic-oil-cooler-systems-gt-hydraulicgt-hydraulic-oil-cooler-systems-gt-hydraulicgt-hydraulic-oil-cooler-systems-gt-hydraulic-gt-hydraulic-gt-hydraulic.webp.webp\" class=\"attachment-full size-full\" alt=\"\" srcset=\"https:\/\/gthydraulic.com.tr\/wp-content\/uploads\/2025\/03\/gt-hydraulic-oil-cooler-systems-gt-hydraulicgt-hydraulic-oil-cooler-systems-gt-hydraulicgt-hydraulic-oil-cooler-systems-gt-hydraulic-gt-hydraulic-gt-hydraulic.webp.webp 1443w, https:\/\/gthydraulic.com.tr\/wp-content\/uploads\/2025\/03\/gt-hydraulic-oil-cooler-systems-gt-hydraulicgt-hydraulic-oil-cooler-systems-gt-hydraulicgt-hydraulic-oil-cooler-systems-gt-hydraulic-gt-hydraulic-gt-hydraulic.webp-400x251.webp 400w, https:\/\/gthydraulic.com.tr\/wp-content\/uploads\/2025\/03\/gt-hydraulic-oil-cooler-systems-gt-hydraulicgt-hydraulic-oil-cooler-systems-gt-hydraulicgt-hydraulic-oil-cooler-systems-gt-hydraulic-gt-hydraulic-gt-hydraulic.webp-1273x800.webp 1273w, https:\/\/gthydraulic.com.tr\/wp-content\/uploads\/2025\/03\/gt-hydraulic-oil-cooler-systems-gt-hydraulicgt-hydraulic-oil-cooler-systems-gt-hydraulicgt-hydraulic-oil-cooler-systems-gt-hydraulic-gt-hydraulic-gt-hydraulic.webp-768x483.webp 768w, https:\/\/gthydraulic.com.tr\/wp-content\/uploads\/2025\/03\/gt-hydraulic-oil-cooler-systems-gt-hydraulicgt-hydraulic-oil-cooler-systems-gt-hydraulicgt-hydraulic-oil-cooler-systems-gt-hydraulic-gt-hydraulic-gt-hydraulic.webp-430x270.webp 430w, https:\/\/gthydraulic.com.tr\/wp-content\/uploads\/2025\/03\/gt-hydraulic-oil-cooler-systems-gt-hydraulicgt-hydraulic-oil-cooler-systems-gt-hydraulicgt-hydraulic-oil-cooler-systems-gt-hydraulic-gt-hydraulic-gt-hydraulic.webp-700x440.webp 700w, https:\/\/gthydraulic.com.tr\/wp-content\/uploads\/2025\/03\/gt-hydraulic-oil-cooler-systems-gt-hydraulicgt-hydraulic-oil-cooler-systems-gt-hydraulicgt-hydraulic-oil-cooler-systems-gt-hydraulic-gt-hydraulic-gt-hydraulic.webp-150x94.webp 150w\" sizes=\"(max-width: 1443px) 100vw, 1443px\" \/>\t\t\t\t\t<\/div>\n\n\t\t\t\t\t\t<\/div>\n\t\t\t\t<\/div>\n\t\t\t\t<\/div>\n\t\t\t\t\t<\/div>\n\t\t\t\t<\/div>\n\t\t<div class=\"wd-negative-gap elementor-element elementor-element-f168c0a e-flex e-con-boxed e-con e-parent\" data-id=\"f168c0a\" data-element_type=\"container\" data-e-type=\"container\">\n\t\t\t\t\t<div class=\"e-con-inner\">\n\t\t<div class=\"elementor-element elementor-element-5642404 e-con-full e-flex e-con e-child\" data-id=\"5642404\" data-element_type=\"container\" data-e-type=\"container\">\n\t\t\t\t<div class=\"elementor-element elementor-element-6cf5219 wd-width-100 elementor-widget elementor-widget-wd_video\" data-id=\"6cf5219\" data-element_type=\"widget\" data-e-type=\"widget\" data-widget_type=\"wd_video.default\">\n\t\t\t\t<div class=\"elementor-widget-container\">\n\t\t\t\t\t\n\t\t<div class=\"wd-el-video wd-action-overlay wd-video-hosted wd-with-aspect-ratio wd-lightbox\">\n\t\t\t\t\t\t\t<div class=\"wd-popup wd-with-video wd-video-popup mfp-hide\" id=\"69e3942606106\"><video data-lazy-load=\"https:\/\/gthydraulic.com.tr\/wp-content\/uploads\/2025\/03\/Gt-Hydraulic-15.01.2025.mp4\" playsinline muted controls><\/video><\/div>\t\t\t\n\t\t\t\n\t\t\t\n\t\t\t\t\t\t\t<div class=\"wd-el-video-overlay wd-fill\">\n\t\t\t\t\t<img decoding=\"async\" width=\"2560\" height=\"500\" src=\"https:\/\/gthydraulic.com.tr\/wp-content\/uploads\/2025\/03\/gt-hydraulic-oil-cooler-systems-gt-hydraulic-gt-hydraulic-oil-cooler-systems-gt-hydraulic.webp\" class=\"attachment-full size-full\" alt=\"\" \/>\t\t\t\t<\/div>\n\t\t\t\t<div class=\"wd-el-video-control color-scheme-light wd-fill\">\n\t\t\t\t\t<span class=\"wd-el-video-play-btn\"><\/span>\n\t\t\t\t\t\t\t\t\t<\/div>\n\n\t\t\t\t<a class=\"wd-el-video-link wd-el-video-btn-overlay wd-fill wd-el-video-lightbox wd-el-video-hosted\" href=\"#69e3942606106\"><\/a>\n\t\t\t\t\t<\/div>\n\t\t\t\t\t\t<\/div>\n\t\t\t\t<\/div>\n\t\t\t\t<\/div>\n\t\t<div class=\"elementor-element elementor-element-b67633c e-con-full e-flex e-con e-child\" data-id=\"b67633c\" data-element_type=\"container\" data-e-type=\"container\">\n\t\t\t\t<div class=\"elementor-element elementor-element-30ae1e0 elementor-widget elementor-widget-wd_text_block\" data-id=\"30ae1e0\" data-element_type=\"widget\" data-e-type=\"widget\" data-widget_type=\"wd_text_block.default\">\n\t\t\t\t<div class=\"elementor-widget-container\">\n\t\t\t\t\t\t\t<div class=\"wd-text-block reset-last-child text-left\">\n\t\t\t\n\t\t\t<h3><span style=\"color: #03588c;\">Leistungsstarke L\u00f6sungen mit GT Hydraulic<\/span><\/h3>\nMit unseren modernen hydraulischen K\u00fchl- und K\u00fchlsystemen bieten wir leistungsstarke und langlebige L\u00f6sungen f\u00fcr die Industrie- und Automobilbranche. Durch den Einsatz fortschrittlicher Produktionstechnologien m\u00f6chten wir sowohl zur Energieeffizienz als auch zur \u00f6kologischen Nachhaltigkeit beitragen.\n\nUnser Expertenteam begleitet Sie in jeder Phase Ihrer Projekte. Mit ma\u00dfgeschneiderten L\u00f6sungen und unserem Engagement f\u00fcr h\u00f6chste Qualit\u00e4t sind wir bereit, Ihre Gesch\u00e4ftsprozesse positiv zu beeinflussen. Arbeiten Sie mit uns zusammen, um einen zuverl\u00e4ssigen Partner f\u00fcr Ihre Hydraulikprojekte zu gewinnen.\n\n\t\t\t\t\t<\/div>\n\t\t\t\t\t\t<\/div>\n\t\t\t\t<\/div>\n\t\t\t\t<div class=\"elementor-element elementor-element-7eb1562 elementor-invisible elementor-widget elementor-widget-button\" data-id=\"7eb1562\" data-element_type=\"widget\" data-e-type=\"widget\" data-settings=\"{&quot;_animation&quot;:&quot;fadeInRight&quot;}\" data-widget_type=\"button.default\">\n\t\t\t\t<div class=\"elementor-widget-container\">\n\t\t\t\t\t\t\t\t\t<div class=\"elementor-button-wrapper\">\n\t\t\t\t\t<a class=\"elementor-button elementor-button-link elementor-size-sm\" href=\"tel:03325016999\">\n\t\t\t\t\t\t<span class=\"elementor-button-content-wrapper\">\n\t\t\t\t\t\t<span class=\"elementor-button-icon\">\n\t\t\t\t<svg aria-hidden=\"true\" class=\"e-font-icon-svg e-fas-phone-alt\" viewBox=\"0 0 512 512\" xmlns=\"http:\/\/www.w3.org\/2000\/svg\"><path d=\"M497.39 361.8l-112-48a24 24 0 0 0-28 6.9l-49.6 60.6A370.66 370.66 0 0 1 130.6 204.11l60.6-49.6a23.94 23.94 0 0 0 6.9-28l-48-112A24.16 24.16 0 0 0 122.6.61l-104 24A24 24 0 0 0 0 48c0 256.5 207.9 464 464 464a24 24 0 0 0 23.4-18.6l24-104a24.29 24.29 0 0 0-14.01-27.6z\"><\/path><\/svg>\t\t\t<\/span>\n\t\t\t\t\t\t\t\t\t<span class=\"elementor-button-text\">Jetzt anrufen<\/span>\n\t\t\t\t\t<\/span>\n\t\t\t\t\t<\/a>\n\t\t\t\t<\/div>\n\t\t\t\t\t\t\t\t<\/div>\n\t\t\t\t<\/div>\n\t\t\t\t<\/div>\n\t\t\t\t\t<\/div>\n\t\t\t\t<\/div>\n\t\t\t\t<\/div>\n\t\t","protected":false},"excerpt":{"rendered":"<p>Qualit\u00e4tsproduktion, zuverl\u00e4ssige L\u00f6sungen Bei GT Hydraulic sind wir auf die Herstellung hochwertiger \u00d6lk\u00fchlsysteme spezialisiert, die den anspruchsvollen Anforderungen moderner Industrieanwendungen<\/p>\n","protected":false},"author":1,"featured_media":0,"parent":0,"menu_order":0,"comment_status":"closed","ping_status":"closed","template":"","meta":{"_joinchat":[],"footnotes":""},"class_list":["post-29528","page","type-page","status-publish","hentry"],"_links":{"self":[{"href":"https:\/\/gthydraulic.com.tr\/de\/wp-json\/wp\/v2\/pages\/29528","targetHints":{"allow":["GET"]}}],"collection":[{"href":"https:\/\/gthydraulic.com.tr\/de\/wp-json\/wp\/v2\/pages"}],"about":[{"href":"https:\/\/gthydraulic.com.tr\/de\/wp-json\/wp\/v2\/types\/page"}],"author":[{"embeddable":true,"href":"https:\/\/gthydraulic.com.tr\/de\/wp-json\/wp\/v2\/users\/1"}],"replies":[{"embeddable":true,"href":"https:\/\/gthydraulic.com.tr\/de\/wp-json\/wp\/v2\/comments?post=29528"}],"version-history":[{"count":4,"href":"https:\/\/gthydraulic.com.tr\/de\/wp-json\/wp\/v2\/pages\/29528\/revisions"}],"predecessor-version":[{"id":29532,"href":"https:\/\/gthydraulic.com.tr\/de\/wp-json\/wp\/v2\/pages\/29528\/revisions\/29532"}],"wp:attachment":[{"href":"https:\/\/gthydraulic.com.tr\/de\/wp-json\/wp\/v2\/media?parent=29528"}],"curies":[{"name":"wp","href":"https:\/\/api.w.org\/{rel}","templated":true}]}}