{"id":29590,"date":"2025-03-06T02:31:43","date_gmt":"2025-03-05T23:31:43","guid":{"rendered":"https:\/\/gthydraulic.com.tr\/product\/ms-0060\/"},"modified":"2025-04-28T21:11:09","modified_gmt":"2025-04-28T18:11:09","slug":"ms-0060","status":"publish","type":"product","link":"https:\/\/gthydraulic.com.tr\/de\/produkt\/ms-0060\/","title":{"rendered":"MS0060"},"content":{"rendered":"<h4>Allgemeine Produktinformationen<\/h4>\n<ul>\n<li><strong>Hauptmaterial:<\/strong> Aluminium<\/li>\n<li><strong>Material des L\u00fcfters \/ L\u00fcfterschutzes:<\/strong> Metall oder Hartplastik<\/li>\n<li><strong>Maximale Betriebstemperatur:<\/strong> 120\u00b0C<\/li>\n<li><strong>Pr\u00fcfdruck:<\/strong> 30 Bar<\/li>\n<li><strong>Betriebsdruck:<\/strong> 20 Bar<\/li>\n<li><strong>Anwendungsbereiche:<\/strong> Mobile und station\u00e4re industrielle Anwendungen<\/li>\n<\/ul>\n<p><strong>Die Luft-\u00d6l-W\u00e4rmetauscher von &#8222;GT HYDRAULIC&#8220;<\/strong> werden verwendet, um das \u00d6l im Hydrauliksystem zu k\u00fchlen, indem die Umgebungsluft mittels L\u00fcftern\/Elektromotoren durch die Kerne geleitet wird. Dank der Eigenschaften der K\u00fchlrippen wird die Turbulenz der Fl\u00fcssigkeit und damit die W\u00e4rmeaustauschkapazit\u00e4t erh\u00f6ht. Dar\u00fcber hinaus steigern spezielle Strukturen in den K\u00fchlrippen den gesamten W\u00e4rme\u00fcbertragungskoeffizienten. Es handelt sich um ein kompaktes, leichtes, langlebiges und technologisches Produkt.<\/p>\n<h4>Installation<\/h4>\n<p>Um den nat\u00fcrlichen Luftstrom aufrechtzuerhalten, k\u00f6nnen die Radiatoren horizontal installiert werden, wobei auf den Mindestabstand zur Wand geachtet werden sollte. W\u00e4rmetauscher werden typischerweise in den R\u00fccklaufleitungen des \u00d6ltanks im System installiert. Sie sollten mit Halterungen vor St\u00f6\u00dfen und mechanischen Vibrationen gesch\u00fctzt und mit flexiblen Schl\u00e4uchen an das System angeschlossen werden. Wir empfehlen die Installation eines Bypassventils, um den Radiator vor unvorhergesehenem hohen Druck w\u00e4hrend des Betriebs zu sch\u00fctzen.<\/p>\n<h5>Vergessen Sie nicht, den GT Hydraulic-Katalog f\u00fcr alle technischen Details zu konsultieren.<\/h5>\n<p><a class=\"custom-button\" href=\"https:\/\/gthydraulic.com.tr\/wp-content\/uploads\/2025\/03\/gt-hydraulic-technical-detail_compressed.pdf\" target=\"_blank\" rel=\"noopener\"><br \/>\nProdukt-PDF ansehen<br \/>\n<\/a><\/p>\n","protected":false},"excerpt":{"rendered":"<p><img decoding=\"async\" class=\"alignnone size-medium wp-image-27404\" src=\"https:\/\/gthydraulic.com.tr\/wp-content\/uploads\/2025\/03\/01-ms0060-gt-hydraulic-oil-cooler-systems.webp\" alt=\"\" width=\"100%\" height=\"100%\" \/><\/p>\n<p><img decoding=\"async\" class=\"alignnone size-medium wp-image-27404\" src=\"https:\/\/gthydraulic.com.tr\/wp-content\/uploads\/2025\/03\/02-ms0060-gt-hydraulic-oil-cooler-systems.webp\" alt=\"\" width=\"100%\" height=\"100%\" \/><\/p>\n<p><img decoding=\"async\" class=\"alignnone size-medium wp-image-27404\" src=\"https:\/\/gthydraulic.com.tr\/wp-content\/uploads\/2025\/03\/03-ms0060-gt-hydraulic-oil-cooler-systems.webp\" alt=\"\" width=\"100%\" height=\"100%\" \/><\/p>\n","protected":false},"featured_media":29203,"template":"","meta":{"_joinchat":[]},"product_brand":[],"product_cat":[204],"product_tag":[],"class_list":{"0":"post-29590","1":"product","2":"type-product","3":"status-publish","4":"has-post-thumbnail","6":"product_cat-ms-series-de","8":"first","9":"instock","10":"shipping-taxable","11":"purchasable","12":"product-type-simple"},"_links":{"self":[{"href":"https:\/\/gthydraulic.com.tr\/de\/wp-json\/wp\/v2\/product\/29590","targetHints":{"allow":["GET"]}}],"collection":[{"href":"https:\/\/gthydraulic.com.tr\/de\/wp-json\/wp\/v2\/product"}],"about":[{"href":"https:\/\/gthydraulic.com.tr\/de\/wp-json\/wp\/v2\/types\/product"}],"version-history":[{"count":1,"href":"https:\/\/gthydraulic.com.tr\/de\/wp-json\/wp\/v2\/product\/29590\/revisions"}],"predecessor-version":[{"id":29592,"href":"https:\/\/gthydraulic.com.tr\/de\/wp-json\/wp\/v2\/product\/29590\/revisions\/29592"}],"wp:featuredmedia":[{"embeddable":true,"href":"https:\/\/gthydraulic.com.tr\/de\/wp-json\/wp\/v2\/media\/29203"}],"wp:attachment":[{"href":"https:\/\/gthydraulic.com.tr\/de\/wp-json\/wp\/v2\/media?parent=29590"}],"wp:term":[{"taxonomy":"product_brand","embeddable":true,"href":"https:\/\/gthydraulic.com.tr\/de\/wp-json\/wp\/v2\/product_brand?post=29590"},{"taxonomy":"product_cat","embeddable":true,"href":"https:\/\/gthydraulic.com.tr\/de\/wp-json\/wp\/v2\/product_cat?post=29590"},{"taxonomy":"product_tag","embeddable":true,"href":"https:\/\/gthydraulic.com.tr\/de\/wp-json\/wp\/v2\/product_tag?post=29590"}],"curies":[{"name":"wp","href":"https:\/\/api.w.org\/{rel}","templated":true}]}}