{"id":29746,"date":"2025-01-10T01:04:15","date_gmt":"2025-01-09T22:04:15","guid":{"rendered":"https:\/\/gthydraulic.com.tr\/product\/m1-ac-dc-motor-oil-coolers\/"},"modified":"2025-04-29T03:04:53","modified_gmt":"2025-04-29T00:04:53","slug":"m1-ac-dc-motor-oil-coolers","status":"publish","type":"product","link":"https:\/\/gthydraulic.com.tr\/de\/produkt\/m1-ac-dc-motor-oil-coolers\/","title":{"rendered":"M1 AC-DC Motor Oil Coolers"},"content":{"rendered":"<h1><strong>Allgemeine Informationen<\/strong><\/h1>\n<p>Die <strong>M-Serie<\/strong> ist unsere Produktlinie, die in allen industriellen Systemen eingesetzt wird.<br \/>\nDie von uns angebotenen hydraulischen K\u00fchlsysteme werden gem\u00e4\u00df hohen Qualit\u00e4tsstandards hergestellt. Vom Materialeinkauf \u00fcber die Produktion bis hin zu den Qualit\u00e4tskontrollprozessen nach der Produktion ist jede Phase unter strenger Kontrolle und \u00dcberwachung.<\/p>\n<h2><strong>Produkte<\/strong><\/h2>\n<ul>\n<li>Mobile Systeme<\/li>\n<li>Station\u00e4re Einheit Anwendungen<\/li>\n<li>Komplette K\u00fchlsysteme f\u00fcr AC-DC-Anwendungen<\/li>\n<\/ul>\n<h2><strong>Eigenschaften<\/strong><\/h2>\n<ul>\n<li>Pr\u00fcfdruck: 30 bar<\/li>\n<li>Betriebsdruck: 25 bar<\/li>\n<li>Zur K\u00fchlung von synthetischen, mineralischen \u00d6len und einigen Fl\u00fcssigkeiten verwendet<\/li>\n<li>Die W\u00e4rme im Fluid wird mithilfe eines L\u00fcfters gek\u00fchlt<\/li>\n<li>Verwendung von Bar-Platten-K\u00fchlpads<\/li>\n<li>Es wird flexibles 6063-Aluminium verwendet<\/li>\n<li>F\u00fcr alle Arbeitsbedingungen geeignet<\/li>\n<li>Sofort einsatzbereit und wartungsfreundlich<\/li>\n<li>Hohe Effizienz und niedrige Kosten<\/li>\n<\/ul>\n","protected":false},"excerpt":{"rendered":"<p>Allgemeine Informationen Die M-Serie ist unsere Produktlinie, die in allen industriellen Systemen eingesetzt wird. Die von uns angebotenen hydraulischen K\u00fchlsysteme<\/p>\n","protected":false},"featured_media":28951,"template":"","meta":{"_joinchat":[]},"product_brand":[],"product_cat":[203],"product_tag":[],"class_list":{"0":"post-29746","1":"product","2":"type-product","3":"status-publish","4":"has-post-thumbnail","6":"product_cat-m-series-de","8":"first","9":"instock","10":"shipping-taxable","11":"purchasable","12":"product-type-simple"},"_links":{"self":[{"href":"https:\/\/gthydraulic.com.tr\/de\/wp-json\/wp\/v2\/product\/29746","targetHints":{"allow":["GET"]}}],"collection":[{"href":"https:\/\/gthydraulic.com.tr\/de\/wp-json\/wp\/v2\/product"}],"about":[{"href":"https:\/\/gthydraulic.com.tr\/de\/wp-json\/wp\/v2\/types\/product"}],"version-history":[{"count":1,"href":"https:\/\/gthydraulic.com.tr\/de\/wp-json\/wp\/v2\/product\/29746\/revisions"}],"predecessor-version":[{"id":29752,"href":"https:\/\/gthydraulic.com.tr\/de\/wp-json\/wp\/v2\/product\/29746\/revisions\/29752"}],"wp:featuredmedia":[{"embeddable":true,"href":"https:\/\/gthydraulic.com.tr\/de\/wp-json\/wp\/v2\/media\/28951"}],"wp:attachment":[{"href":"https:\/\/gthydraulic.com.tr\/de\/wp-json\/wp\/v2\/media?parent=29746"}],"wp:term":[{"taxonomy":"product_brand","embeddable":true,"href":"https:\/\/gthydraulic.com.tr\/de\/wp-json\/wp\/v2\/product_brand?post=29746"},{"taxonomy":"product_cat","embeddable":true,"href":"https:\/\/gthydraulic.com.tr\/de\/wp-json\/wp\/v2\/product_cat?post=29746"},{"taxonomy":"product_tag","embeddable":true,"href":"https:\/\/gthydraulic.com.tr\/de\/wp-json\/wp\/v2\/product_tag?post=29746"}],"curies":[{"name":"wp","href":"https:\/\/api.w.org\/{rel}","templated":true}]}}