{"id":29785,"date":"2025-01-10T00:55:44","date_gmt":"2025-01-09T21:55:44","guid":{"rendered":"https:\/\/gthydraulic.com.tr\/product\/g1-ac-dc-motor-oil-coolers\/"},"modified":"2025-04-29T03:18:56","modified_gmt":"2025-04-29T00:18:56","slug":"g1-ac-dc-motor-oil-coolers","status":"publish","type":"product","link":"https:\/\/gthydraulic.com.tr\/de\/produkt\/g1-ac-dc-motor-oil-coolers\/","title":{"rendered":"G1 AC-DC Motor Oil Coolers"},"content":{"rendered":"<h1><strong>Allgemeine Informationen<\/strong><\/h1>\n<p>Die <strong>G-Serie<\/strong> ist unsere Produktlinie, die in allen industriellen Systemen verwendet wird.<br \/>\nUnsere hydraulischen K\u00fchlsysteme werden nach hohen Qualit\u00e4tsstandards gefertigt. Jede Phase, von der Materialbeschaffung \u00fcber die Produktion bis hin zu den Qualit\u00e4tskontrollprozessen nach der Produktion, unterliegt strenger Pr\u00fcfung und \u00dcberwachung.<\/p>\n<h2><strong>Unsere Produkte sind konzipiert f\u00fcr:<\/strong><\/h2>\n<ul>\n<li>Mobile Systeme<\/li>\n<li>Station\u00e4re Einheit Anwendungen<\/li>\n<li>Komplette K\u00fchlsysteme f\u00fcr AC-DC-Anwendungen<\/li>\n<\/ul>\n<h2><strong>Eigenschaften<\/strong><\/h2>\n<ul>\n<li>Pr\u00fcfdruck: 30 bar<\/li>\n<li>Betriebsdruck: 25 bar<\/li>\n<li>Geeignet f\u00fcr die K\u00fchlung von synthetischen, mineralischen \u00d6len und bestimmten Fl\u00fcssigkeiten<\/li>\n<li>Die W\u00e4rme im Fluid wird mithilfe eines L\u00fcfters gek\u00fchlt<\/li>\n<li>Verwendet einen Bar-Platten-K\u00fchlkern<\/li>\n<li>Gefertigt aus flexiblem 6063-Aluminium<\/li>\n<li>F\u00fcr alle Arbeitsbedingungen konzipiert<\/li>\n<li>Sofort einsatzbereit und wartungsfreundlich<\/li>\n<li>Hocheffizient und kosteng\u00fcnstig<\/li>\n<\/ul>\n","protected":false},"excerpt":{"rendered":"<p>Allgemeine Informationen Die G-Serie ist unsere Produktlinie, die in allen industriellen Systemen verwendet wird. Unsere hydraulischen K\u00fchlsysteme werden nach hohen<\/p>\n","protected":false},"featured_media":28933,"template":"","meta":{"_joinchat":[]},"product_brand":[],"product_cat":[201],"product_tag":[],"class_list":{"0":"post-29785","1":"product","2":"type-product","3":"status-publish","4":"has-post-thumbnail","6":"product_cat-g-series-de","8":"first","9":"instock","10":"shipping-taxable","11":"purchasable","12":"product-type-simple"},"_links":{"self":[{"href":"https:\/\/gthydraulic.com.tr\/de\/wp-json\/wp\/v2\/product\/29785","targetHints":{"allow":["GET"]}}],"collection":[{"href":"https:\/\/gthydraulic.com.tr\/de\/wp-json\/wp\/v2\/product"}],"about":[{"href":"https:\/\/gthydraulic.com.tr\/de\/wp-json\/wp\/v2\/types\/product"}],"version-history":[{"count":2,"href":"https:\/\/gthydraulic.com.tr\/de\/wp-json\/wp\/v2\/product\/29785\/revisions"}],"predecessor-version":[{"id":29797,"href":"https:\/\/gthydraulic.com.tr\/de\/wp-json\/wp\/v2\/product\/29785\/revisions\/29797"}],"wp:featuredmedia":[{"embeddable":true,"href":"https:\/\/gthydraulic.com.tr\/de\/wp-json\/wp\/v2\/media\/28933"}],"wp:attachment":[{"href":"https:\/\/gthydraulic.com.tr\/de\/wp-json\/wp\/v2\/media?parent=29785"}],"wp:term":[{"taxonomy":"product_brand","embeddable":true,"href":"https:\/\/gthydraulic.com.tr\/de\/wp-json\/wp\/v2\/product_brand?post=29785"},{"taxonomy":"product_cat","embeddable":true,"href":"https:\/\/gthydraulic.com.tr\/de\/wp-json\/wp\/v2\/product_cat?post=29785"},{"taxonomy":"product_tag","embeddable":true,"href":"https:\/\/gthydraulic.com.tr\/de\/wp-json\/wp\/v2\/product_tag?post=29785"}],"curies":[{"name":"wp","href":"https:\/\/api.w.org\/{rel}","templated":true}]}}