{"id":29809,"date":"2025-01-10T00:42:51","date_gmt":"2025-01-09T21:42:51","guid":{"rendered":"https:\/\/gthydraulic.com.tr\/product\/b1-230-400-volt-engine-oil-coolers\/"},"modified":"2025-04-29T03:25:38","modified_gmt":"2025-04-29T00:25:38","slug":"b1-230-400-volt-engine-oil-coolers","status":"publish","type":"product","link":"https:\/\/gthydraulic.com.tr\/de\/produkt\/b1-230-400-volt-engine-oil-coolers\/","title":{"rendered":"B1 230\/400 Volt Engine Oil Coolers"},"content":{"rendered":"<h1><strong>Allgemeine Informationen<\/strong><\/h1>\n<p>Die <strong>B-Serie<\/strong> ist unsere Produktlinie, die in allen industriellen Systemen eingesetzt wird.<\/p>\n<p>Unsere hydraulischen K\u00fchlsysteme werden gem\u00e4\u00df hohen Qualit\u00e4tsstandards hergestellt. Jede Phase, von der Materialbeschaffung \u00fcber die Produktion bis hin zu den Qualit\u00e4tskontrollprozessen nach der Produktion, unterliegt einer strengen Kontrolle und \u00dcberwachung.<\/p>\n<h2><strong>Produkte<\/strong><\/h2>\n<ul>\n<li>Mobile Systeme<\/li>\n<li>Station\u00e4re Einheit Anwendungen<\/li>\n<\/ul>\n<p>Unsere Produkte sind komplette K\u00fchlsysteme f\u00fcr <strong>AC-DC-Anwendungen<\/strong>. Komplette K\u00fchler f\u00fcr AC 230-400 Volt Anwendungen.<\/p>\n<h2><strong>Eigenschaften<\/strong><\/h2>\n<ul>\n<li>Pr\u00fcfdruck: 30 bar.<\/li>\n<li>Betriebsdruck: 25 bar.<\/li>\n<li>Geeignet zur K\u00fchlung von synthetischen, mineralischen \u00d6len und einigen Fl\u00fcssigkeiten.<\/li>\n<li>Die W\u00e4rme im Fluid wird mithilfe eines L\u00fcfters gek\u00fchlt.<\/li>\n<li>Es wird ein Bar-Platten-K\u00fchlpad verwendet.<\/li>\n<li>Gefertigt aus flexiblem 6063-Aluminium-Material.<\/li>\n<li>F\u00fcr alle Arbeitsbedingungen konzipiert.<\/li>\n<li>Sofort einsatzbereit und einfach zu warten.<\/li>\n<li>Hohe Effizienz und niedrige Kosten.<\/li>\n<\/ul>\n<p><a style=\"display: inline-flex; align-items: center; justify-content: center; background-color: #03588c; color: #ffffff; text-decoration: none; padding: 10px 24px; border-radius: 8px; font-weight: bold; font-size: 16px; height: 50px; line-height: 5px; min-width: 200px; box-shadow: 0 6px 8px rgba(0, 0, 0, 0.1); transition: background-color 0.3s ease, transform 0.3s ease;\" href=\"https:\/\/gthydraulic.com.tr\/wp-content\/uploads\/2025\/01\/B_En.pdf\" target=\"_blank\" rel=\"noopener\"><br \/>\nProdukt-PDF ansehen<br \/>\n<\/a><\/p>\n","protected":false},"excerpt":{"rendered":"<p>Allgemeine Informationen Die B-Serie ist unsere Produktlinie, die in allen industriellen Systemen eingesetzt wird. Unsere hydraulischen K\u00fchlsysteme werden gem\u00e4\u00df hohen<\/p>\n","protected":false},"featured_media":28939,"template":"","meta":{"_joinchat":[]},"product_brand":[],"product_cat":[200],"product_tag":[],"class_list":{"0":"post-29809","1":"product","2":"type-product","3":"status-publish","4":"has-post-thumbnail","6":"product_cat-b-series-de","8":"first","9":"instock","10":"shipping-taxable","11":"purchasable","12":"product-type-simple"},"_links":{"self":[{"href":"https:\/\/gthydraulic.com.tr\/de\/wp-json\/wp\/v2\/product\/29809","targetHints":{"allow":["GET"]}}],"collection":[{"href":"https:\/\/gthydraulic.com.tr\/de\/wp-json\/wp\/v2\/product"}],"about":[{"href":"https:\/\/gthydraulic.com.tr\/de\/wp-json\/wp\/v2\/types\/product"}],"version-history":[{"count":1,"href":"https:\/\/gthydraulic.com.tr\/de\/wp-json\/wp\/v2\/product\/29809\/revisions"}],"predecessor-version":[{"id":29817,"href":"https:\/\/gthydraulic.com.tr\/de\/wp-json\/wp\/v2\/product\/29809\/revisions\/29817"}],"wp:featuredmedia":[{"embeddable":true,"href":"https:\/\/gthydraulic.com.tr\/de\/wp-json\/wp\/v2\/media\/28939"}],"wp:attachment":[{"href":"https:\/\/gthydraulic.com.tr\/de\/wp-json\/wp\/v2\/media?parent=29809"}],"wp:term":[{"taxonomy":"product_brand","embeddable":true,"href":"https:\/\/gthydraulic.com.tr\/de\/wp-json\/wp\/v2\/product_brand?post=29809"},{"taxonomy":"product_cat","embeddable":true,"href":"https:\/\/gthydraulic.com.tr\/de\/wp-json\/wp\/v2\/product_cat?post=29809"},{"taxonomy":"product_tag","embeddable":true,"href":"https:\/\/gthydraulic.com.tr\/de\/wp-json\/wp\/v2\/product_tag?post=29809"}],"curies":[{"name":"wp","href":"https:\/\/api.w.org\/{rel}","templated":true}]}}