{"id":29444,"date":"2021-09-01T16:52:35","date_gmt":"2021-09-01T13:52:35","guid":{"rendered":"https:\/\/gthydraulic.com.tr\/sah-boru\/"},"modified":"2025-05-01T22:05:08","modified_gmt":"2025-05-01T19:05:08","slug":"sah-boru","status":"publish","type":"page","link":"https:\/\/gthydraulic.com.tr\/es\/","title":{"rendered":"Gt Hydraulic"},"content":{"rendered":"\t\t<div data-elementor-type=\"wp-page\" data-elementor-id=\"29444\" class=\"elementor elementor-29444 elementor-1322\" data-elementor-post-type=\"page\">\n\t\t\t\t<div class=\"elementor-element elementor-element-b0623f3 e-con-full wd-section-stretch-content elementor-hidden-tablet elementor-hidden-mobile e-flex e-con e-parent\" data-id=\"b0623f3\" data-element_type=\"container\" data-e-type=\"container\" data-settings=\"{&quot;background_background&quot;:&quot;classic&quot;,&quot;background_motion_fx_motion_fx_mouse&quot;:&quot;yes&quot;}\">\n\t\t<div class=\"elementor-element elementor-element-94db663 e-con-full e-flex e-con e-child\" data-id=\"94db663\" data-element_type=\"container\" data-e-type=\"container\" data-settings=\"{&quot;background_background&quot;:&quot;classic&quot;}\">\n\t\t\t\t<div class=\"elementor-element elementor-element-4a6b007 wd-animation-slide-from-top wd_delay_400 wd-animation-normal elementor-widget elementor-widget-wd_text_block\" data-id=\"4a6b007\" data-element_type=\"widget\" data-e-type=\"widget\" data-widget_type=\"wd_text_block.default\">\n\t\t\t\t<div class=\"elementor-widget-container\">\n\t\t\t\t\t\t\t<div class=\"wd-text-block reset-last-child text-center color-primary\">\n\t\t\t\n\t\t\t<p class=\"\" data-start=\"2020\" data-end=\"2061\">\"Producci\u00f3n de Calidad, Soluciones Confiables\"<\/p>\n\n\t\t\t\t\t<\/div>\n\t\t\t\t\t\t<\/div>\n\t\t\t\t<\/div>\n\t\t\t\t<div class=\"elementor-element elementor-element-f39b413 wd-animation-slide-from-top wd_delay_250 wd-width-100 wd-animation-normal elementor-widget elementor-widget-wd_title\" data-id=\"f39b413\" data-element_type=\"widget\" data-e-type=\"widget\" data-widget_type=\"wd_title.default\">\n\t\t\t\t<div class=\"elementor-widget-container\">\n\t\t\t\t\t\t\t<div class=\"title-wrapper wd-set-mb reset-last-child wd-title-color-default wd-title-style-default wd-title-size-default text-center\">\n\n\t\t\t\n\t\t\t<div class=\"liner-continer\">\n\t\t\t\t<h4 class=\"woodmart-title-container title wd-fontsize-l\">Sistemas de Enfriamiento de Aceite Hidr\u00e1ulico<\/h4> \n\t\t\t\t\t\t\t<\/div>\n\n\t\t\t\t\t<\/div>\n\t\t\t\t\t\t<\/div>\n\t\t\t\t<\/div>\n\t\t\t\t<div class=\"elementor-element elementor-element-d82e990 wd-animation-slide-from-bottom wd_delay_250 wd-animation-normal elementor-widget elementor-widget-wd_text_block\" data-id=\"d82e990\" data-element_type=\"widget\" data-e-type=\"widget\" data-widget_type=\"wd_text_block.default\">\n\t\t\t\t<div class=\"elementor-widget-container\">\n\t\t\t\t\t\t\t<div class=\"wd-text-block reset-last-child text-center\">\n\t\t\t\n\t\t\tCon m\u00e1s de 70 a\u00f1os de experiencia en el sector y una amplia red de exportaci\u00f3n, ofrecemos soluciones confiables. Nuestros sistemas de enfriamiento de aceite hidr\u00e1ulico, duraderos, de larga vida \u00fatil y alto rendimiento, son la primera opci\u00f3n de los profesionales tanto a nivel nacional como internacional.\n\t\t\t\t\t<\/div>\n\t\t\t\t\t\t<\/div>\n\t\t\t\t<\/div>\n\t\t\t\t<div class=\"elementor-element elementor-element-531b6a0 wd-animation-slide-from-bottom wd_delay_400 wd-animation-normal elementor-widget elementor-widget-wd_button\" data-id=\"531b6a0\" data-element_type=\"widget\" data-e-type=\"widget\" data-widget_type=\"wd_button.default\">\n\t\t\t\t<div class=\"elementor-widget-container\">\n\t\t\t\t\t\t\t<div class=\"wd-button-wrapper text-center\" >\n\t\t\t<a class=\"btn btn-style-default btn-shape-rectangle btn-size-default btn-color-primary btn-icon-pos-right\"  href=\"\/es\/tienda\/\">\n\t\t\t\t<span class=\"wd-btn-text\" data-elementor-setting-key=\"text\">\n\t\t\t\t\tDESCUBRE NUESTROS PRODUCTOS\t\t\t\t<\/span>\n\n\t\t\t\t\t\t\t<\/a>\n\t\t<\/div>\n\t\t\t\t\t\t<\/div>\n\t\t\t\t<\/div>\n\t\t\t\t<\/div>\n\t\t<div class=\"wd-negative-gap elementor-element elementor-element-73f915e e-flex e-con-boxed e-con e-child\" data-id=\"73f915e\" data-element_type=\"container\" data-e-type=\"container\" data-settings=\"{&quot;background_background&quot;:&quot;classic&quot;}\">\n\t\t\t\t\t<div class=\"e-con-inner\">\n\t\t\t\t\t<\/div>\n\t\t\t\t<\/div>\n\t\t\t\t<\/div>\n\t\t<div class=\"elementor-element elementor-element-809fc52 e-con-full wd-section-stretch-content elementor-hidden-desktop e-flex e-con e-parent\" data-id=\"809fc52\" data-element_type=\"container\" data-e-type=\"container\" data-settings=\"{&quot;background_background&quot;:&quot;classic&quot;}\">\n\t\t<div class=\"wd-negative-gap elementor-element elementor-element-9dd7acf e-flex e-con-boxed e-con e-child\" data-id=\"9dd7acf\" data-element_type=\"container\" data-e-type=\"container\">\n\t\t\t\t\t<div class=\"e-con-inner\">\n\t\t\t\t<div class=\"elementor-element elementor-element-6e49402 elementor-widget elementor-widget-image-carousel\" data-id=\"6e49402\" data-element_type=\"widget\" data-e-type=\"widget\" data-settings=\"{&quot;slides_to_show_mobile&quot;:&quot;1&quot;,&quot;navigation&quot;:&quot;none&quot;,&quot;autoplay_speed&quot;:4000,&quot;autoplay&quot;:&quot;yes&quot;,&quot;pause_on_hover&quot;:&quot;yes&quot;,&quot;pause_on_interaction&quot;:&quot;yes&quot;,&quot;infinite&quot;:&quot;yes&quot;,&quot;speed&quot;:500}\" data-widget_type=\"image-carousel.default\">\n\t\t\t\t<div class=\"elementor-widget-container\">\n\t\t\t\t\t\t\t<div class=\"elementor-image-carousel-wrapper swiper\" role=\"region\" aria-roledescription=\"carousel\" aria-label=\"Resim D\u00f6ng\u00fcs\u00fc\" dir=\"ltr\">\n\t\t\t<div class=\"elementor-image-carousel swiper-wrapper\" aria-live=\"off\">\n\t\t\t\t\t\t\t\t<div class=\"swiper-slide\" role=\"group\" aria-roledescription=\"slide\" aria-label=\"1 de 1\"><figure class=\"swiper-slide-inner\"><img decoding=\"async\" class=\"swiper-slide-image\" src=\"https:\/\/gthydraulic.com.tr\/wp-content\/uploads\/2025\/03\/gt-hydraulic-oil-cooler-systems-gt-hydraulicgt-hydraulic-oil-cooler-systems-gt-hydraulicgt-hydraulic-oil-cooler-systems-gt-hydraulic-gt-hydraulic-gt-hydraulic.webp.webp\" alt=\"gt-hydraulic-oil-cooler-systems-gt-hydraulicgt-hydraulic-oil-cooler-systems-gt-hydraulicgt-hydraulic-oil-cooler-systems-gt-hydraulic-gt-hydraulic-gt-hydraulic.webp\" \/><\/figure><\/div>\t\t\t<\/div>\n\t\t\t\t\t<\/div>\n\t\t\t\t\t\t<\/div>\n\t\t\t\t<\/div>\n\t\t\t\t\t<\/div>\n\t\t\t\t<\/div>\n\t\t<div class=\"wd-negative-gap elementor-element elementor-element-53214e3 e-flex e-con-boxed e-con e-child\" data-id=\"53214e3\" data-element_type=\"container\" data-e-type=\"container\" data-settings=\"{&quot;background_background&quot;:&quot;classic&quot;}\">\n\t\t\t\t\t<div class=\"e-con-inner\">\n\t\t\t\t<div class=\"elementor-element elementor-element-5efc60f wd-animation-slide-from-top wd_delay_400 wd-animation-normal elementor-widget elementor-widget-wd_text_block\" data-id=\"5efc60f\" data-element_type=\"widget\" data-e-type=\"widget\" data-widget_type=\"wd_text_block.default\">\n\t\t\t\t<div class=\"elementor-widget-container\">\n\t\t\t\t\t\t\t<div class=\"wd-text-block reset-last-child text-center color-primary\">\n\t\t\t\n\t\t\t<p class=\"\" data-start=\"2020\" data-end=\"2061\">\"Producci\u00f3n de Calidad, Soluciones Confiables\"<\/p>\n\t\t\t\t\t<\/div>\n\t\t\t\t\t\t<\/div>\n\t\t\t\t<\/div>\n\t\t\t\t<div class=\"elementor-element elementor-element-33d0c4c wd-animation-slide-from-top wd_delay_250 wd-width-100 wd-animation-normal elementor-widget elementor-widget-wd_title\" data-id=\"33d0c4c\" data-element_type=\"widget\" data-e-type=\"widget\" data-widget_type=\"wd_title.default\">\n\t\t\t\t<div class=\"elementor-widget-container\">\n\t\t\t\t\t\t\t<div class=\"title-wrapper wd-set-mb reset-last-child wd-title-color-default wd-title-style-default wd-title-size-small text-center\">\n\n\t\t\t\n\t\t\t<div class=\"liner-continer\">\n\t\t\t\t<h4 class=\"woodmart-title-container title wd-fontsize-m\">Sistemas de Enfriamiento de Aceite Hidr\u00e1ulico<\/h4> \n\t\t\t\t\t\t\t<\/div>\n\n\t\t\t\t\t<\/div>\n\t\t\t\t\t\t<\/div>\n\t\t\t\t<\/div>\n\t\t\t\t<div class=\"elementor-element elementor-element-98ef43c wd-animation-slide-from-bottom wd_delay_250 wd-animation-normal elementor-widget elementor-widget-wd_text_block\" data-id=\"98ef43c\" data-element_type=\"widget\" data-e-type=\"widget\" data-widget_type=\"wd_text_block.default\">\n\t\t\t\t<div class=\"elementor-widget-container\">\n\t\t\t\t\t\t\t<div class=\"wd-text-block reset-last-child text-center\">\n\t\t\t\n\t\t\tCon m\u00e1s de 70 a\u00f1os de experiencia en el sector y una amplia red de exportaci\u00f3n, ofrecemos soluciones confiables. Nuestros sistemas de enfriamiento de aceite hidr\u00e1ulico, duraderos, de larga vida \u00fatil y alto rendimiento, son la primera opci\u00f3n de los profesionales tanto a nivel nacional como internacional.\n\n\t\t\t\t\t<\/div>\n\t\t\t\t\t\t<\/div>\n\t\t\t\t<\/div>\n\t\t\t\t<div class=\"elementor-element elementor-element-173c3a3 wd-animation-slide-from-bottom wd_delay_400 wd-animation-normal elementor-widget elementor-widget-wd_button\" data-id=\"173c3a3\" data-element_type=\"widget\" data-e-type=\"widget\" data-widget_type=\"wd_button.default\">\n\t\t\t\t<div class=\"elementor-widget-container\">\n\t\t\t\t\t\t\t<div class=\"wd-button-wrapper text-center\" >\n\t\t\t<a class=\"btn btn-style-default btn-shape-rectangle btn-size-default btn-color-primary btn-icon-pos-right\"  href=\"\/es\/tienda\/\">\n\t\t\t\t<span class=\"wd-btn-text\" data-elementor-setting-key=\"text\">\n\t\t\t\t\tDESCUBRE NUESTROS PRODUCTOS\t\t\t\t<\/span>\n\n\t\t\t\t\t\t\t<\/a>\n\t\t<\/div>\n\t\t\t\t\t\t<\/div>\n\t\t\t\t<\/div>\n\t\t\t\t\t<\/div>\n\t\t\t\t<\/div>\n\t\t\t\t<\/div>\n\t\t<div class=\"wd-negative-gap elementor-element elementor-element-3700491 e-flex e-con-boxed e-con e-parent\" data-id=\"3700491\" data-element_type=\"container\" data-e-type=\"container\">\n\t\t\t\t\t<div class=\"e-con-inner\">\n\t\t<div class=\"elementor-element elementor-element-e01f6c2 e-con-full e-flex e-con e-child\" data-id=\"e01f6c2\" data-element_type=\"container\" data-e-type=\"container\">\n\t\t\t\t<div class=\"elementor-element elementor-element-90bdeb5 elementor-widget elementor-widget-image\" data-id=\"90bdeb5\" data-element_type=\"widget\" data-e-type=\"widget\" data-widget_type=\"image.default\">\n\t\t\t\t<div class=\"elementor-widget-container\">\n\t\t\t\t\t\t\t\t\t\t\t\t\t\t\t\t<a href=\"\/es\/categoria-producto\/ms-series-es\/\">\n\t\t\t\t\t\t\t<img fetchpriority=\"high\" decoding=\"async\" width=\"800\" height=\"800\" src=\"https:\/\/gthydraulic.com.tr\/wp-content\/uploads\/2025\/03\/1-ms0001-gt-hydraulic-oil-cooler-systems-800x800.webp\" class=\"attachment-large size-large wp-image-29019\" alt=\"\" srcset=\"https:\/\/gthydraulic.com.tr\/wp-content\/uploads\/2025\/03\/1-ms0001-gt-hydraulic-oil-cooler-systems-800x800.webp 800w, https:\/\/gthydraulic.com.tr\/wp-content\/uploads\/2025\/03\/1-ms0001-gt-hydraulic-oil-cooler-systems-300x300.webp 300w, https:\/\/gthydraulic.com.tr\/wp-content\/uploads\/2025\/03\/1-ms0001-gt-hydraulic-oil-cooler-systems-150x150.webp 150w, https:\/\/gthydraulic.com.tr\/wp-content\/uploads\/2025\/03\/1-ms0001-gt-hydraulic-oil-cooler-systems-768x768.webp 768w, https:\/\/gthydraulic.com.tr\/wp-content\/uploads\/2025\/03\/1-ms0001-gt-hydraulic-oil-cooler-systems-1536x1536.webp 1536w, https:\/\/gthydraulic.com.tr\/wp-content\/uploads\/2025\/03\/1-ms0001-gt-hydraulic-oil-cooler-systems-2048x2048.webp 2048w, https:\/\/gthydraulic.com.tr\/wp-content\/uploads\/2025\/03\/1-ms0001-gt-hydraulic-oil-cooler-systems-430x430.webp 430w, https:\/\/gthydraulic.com.tr\/wp-content\/uploads\/2025\/03\/1-ms0001-gt-hydraulic-oil-cooler-systems-700x700.webp 700w\" sizes=\"(max-width: 800px) 100vw, 800px\" \/>\t\t\t\t\t\t\t\t<\/a>\n\t\t\t\t\t\t\t\t\t\t\t\t\t\t\t<\/div>\n\t\t\t\t<\/div>\n\t\t\t\t<div class=\"elementor-element elementor-element-9f78845 elementor-align-justify elementor-widget elementor-widget-button\" data-id=\"9f78845\" data-element_type=\"widget\" data-e-type=\"widget\" data-widget_type=\"button.default\">\n\t\t\t\t<div class=\"elementor-widget-container\">\n\t\t\t\t\t\t\t\t\t<div class=\"elementor-button-wrapper\">\n\t\t\t\t\t<a class=\"elementor-button elementor-button-link elementor-size-sm\" href=\"\/product-category\/ms-series\/\">\n\t\t\t\t\t\t<span class=\"elementor-button-content-wrapper\">\n\t\t\t\t\t\t\t\t\t<span class=\"elementor-button-text\">MS SERIES<\/span>\n\t\t\t\t\t<\/span>\n\t\t\t\t\t<\/a>\n\t\t\t\t<\/div>\n\t\t\t\t\t\t\t\t<\/div>\n\t\t\t\t<\/div>\n\t\t\t\t<\/div>\n\t\t<div class=\"elementor-element elementor-element-bd4e389 e-con-full e-flex e-con e-child\" data-id=\"bd4e389\" data-element_type=\"container\" data-e-type=\"container\">\n\t\t\t\t<div class=\"elementor-element elementor-element-4c3817c elementor-widget elementor-widget-image\" data-id=\"4c3817c\" data-element_type=\"widget\" data-e-type=\"widget\" data-widget_type=\"image.default\">\n\t\t\t\t<div class=\"elementor-widget-container\">\n\t\t\t\t\t\t\t\t\t\t\t\t\t\t\t\t<a href=\"\/es\/categoria-producto\/g-series-es\/\">\n\t\t\t\t\t\t\t<img decoding=\"async\" width=\"700\" height=\"700\" src=\"https:\/\/gthydraulic.com.tr\/wp-content\/uploads\/2025\/01\/G_SERIES-gt-hydraulic-oil-cooler-systems-gt-hydraulic-gt-radyator-gt-hydraulic.webp\" class=\"attachment-large size-large wp-image-28935\" alt=\"\" srcset=\"https:\/\/gthydraulic.com.tr\/wp-content\/uploads\/2025\/01\/G_SERIES-gt-hydraulic-oil-cooler-systems-gt-hydraulic-gt-radyator-gt-hydraulic.webp 700w, https:\/\/gthydraulic.com.tr\/wp-content\/uploads\/2025\/01\/G_SERIES-gt-hydraulic-oil-cooler-systems-gt-hydraulic-gt-radyator-gt-hydraulic-150x150.webp 150w, https:\/\/gthydraulic.com.tr\/wp-content\/uploads\/2025\/01\/G_SERIES-gt-hydraulic-oil-cooler-systems-gt-hydraulic-gt-radyator-gt-hydraulic-300x300.webp 300w, https:\/\/gthydraulic.com.tr\/wp-content\/uploads\/2025\/01\/G_SERIES-gt-hydraulic-oil-cooler-systems-gt-hydraulic-gt-radyator-gt-hydraulic-430x430.webp 430w\" sizes=\"(max-width: 700px) 100vw, 700px\" \/>\t\t\t\t\t\t\t\t<\/a>\n\t\t\t\t\t\t\t\t\t\t\t\t\t\t\t<\/div>\n\t\t\t\t<\/div>\n\t\t\t\t<div class=\"elementor-element elementor-element-0916fdf elementor-align-justify elementor-widget elementor-widget-button\" data-id=\"0916fdf\" data-element_type=\"widget\" data-e-type=\"widget\" data-widget_type=\"button.default\">\n\t\t\t\t<div class=\"elementor-widget-container\">\n\t\t\t\t\t\t\t\t\t<div class=\"elementor-button-wrapper\">\n\t\t\t\t\t<a class=\"elementor-button elementor-button-link elementor-size-sm\" href=\"\/product-category\/g-series\/\">\n\t\t\t\t\t\t<span class=\"elementor-button-content-wrapper\">\n\t\t\t\t\t\t\t\t\t<span class=\"elementor-button-text\">G SERIES<\/span>\n\t\t\t\t\t<\/span>\n\t\t\t\t\t<\/a>\n\t\t\t\t<\/div>\n\t\t\t\t\t\t\t\t<\/div>\n\t\t\t\t<\/div>\n\t\t\t\t<\/div>\n\t\t<div class=\"elementor-element elementor-element-f9bb856 e-con-full e-flex e-con e-child\" data-id=\"f9bb856\" data-element_type=\"container\" data-e-type=\"container\">\n\t\t\t\t<div class=\"elementor-element elementor-element-2cc999d elementor-widget elementor-widget-image\" data-id=\"2cc999d\" data-element_type=\"widget\" data-e-type=\"widget\" data-widget_type=\"image.default\">\n\t\t\t\t<div class=\"elementor-widget-container\">\n\t\t\t\t\t\t\t\t\t\t\t\t\t\t\t\t<a href=\"\/es\/categoria-producto\/h-series-es\/\">\n\t\t\t\t\t\t\t<img decoding=\"async\" width=\"700\" height=\"700\" src=\"https:\/\/gthydraulic.com.tr\/wp-content\/uploads\/2025\/01\/H_SERIES-gt-hydraulic-oil-cooler-systems-gt-hydraulic-gt-radyator-gt-hydraulic.webp\" class=\"attachment-large size-large wp-image-28947\" alt=\"\" srcset=\"https:\/\/gthydraulic.com.tr\/wp-content\/uploads\/2025\/01\/H_SERIES-gt-hydraulic-oil-cooler-systems-gt-hydraulic-gt-radyator-gt-hydraulic.webp 700w, https:\/\/gthydraulic.com.tr\/wp-content\/uploads\/2025\/01\/H_SERIES-gt-hydraulic-oil-cooler-systems-gt-hydraulic-gt-radyator-gt-hydraulic-150x150.webp 150w, https:\/\/gthydraulic.com.tr\/wp-content\/uploads\/2025\/01\/H_SERIES-gt-hydraulic-oil-cooler-systems-gt-hydraulic-gt-radyator-gt-hydraulic-300x300.webp 300w, https:\/\/gthydraulic.com.tr\/wp-content\/uploads\/2025\/01\/H_SERIES-gt-hydraulic-oil-cooler-systems-gt-hydraulic-gt-radyator-gt-hydraulic-430x430.webp 430w\" sizes=\"(max-width: 700px) 100vw, 700px\" \/>\t\t\t\t\t\t\t\t<\/a>\n\t\t\t\t\t\t\t\t\t\t\t\t\t\t\t<\/div>\n\t\t\t\t<\/div>\n\t\t\t\t<div class=\"elementor-element elementor-element-bc85f0d elementor-align-justify elementor-widget elementor-widget-button\" data-id=\"bc85f0d\" data-element_type=\"widget\" data-e-type=\"widget\" data-widget_type=\"button.default\">\n\t\t\t\t<div class=\"elementor-widget-container\">\n\t\t\t\t\t\t\t\t\t<div class=\"elementor-button-wrapper\">\n\t\t\t\t\t<a class=\"elementor-button elementor-button-link elementor-size-sm\" href=\"\/product-category\/h-series\/\">\n\t\t\t\t\t\t<span class=\"elementor-button-content-wrapper\">\n\t\t\t\t\t\t\t\t\t<span class=\"elementor-button-text\">H SERIES<\/span>\n\t\t\t\t\t<\/span>\n\t\t\t\t\t<\/a>\n\t\t\t\t<\/div>\n\t\t\t\t\t\t\t\t<\/div>\n\t\t\t\t<\/div>\n\t\t\t\t<\/div>\n\t\t<div class=\"elementor-element elementor-element-1255f73 e-con-full e-flex e-con e-child\" data-id=\"1255f73\" data-element_type=\"container\" data-e-type=\"container\">\n\t\t\t\t<div class=\"elementor-element elementor-element-b80dc91 elementor-widget elementor-widget-image\" data-id=\"b80dc91\" data-element_type=\"widget\" data-e-type=\"widget\" data-widget_type=\"image.default\">\n\t\t\t\t<div class=\"elementor-widget-container\">\n\t\t\t\t\t\t\t\t\t\t\t\t\t\t\t\t<a href=\"\/es\/categoria-producto\/m-series-es\/\">\n\t\t\t\t\t\t\t<img loading=\"lazy\" decoding=\"async\" width=\"700\" height=\"700\" src=\"https:\/\/gthydraulic.com.tr\/wp-content\/uploads\/2025\/01\/M_SERIES-gt-hydraulic-oil-cooler-systems-gt-hydraulic-gt-radyator-gt-hydraulic.webp\" class=\"attachment-large size-large wp-image-28953\" alt=\"\" srcset=\"https:\/\/gthydraulic.com.tr\/wp-content\/uploads\/2025\/01\/M_SERIES-gt-hydraulic-oil-cooler-systems-gt-hydraulic-gt-radyator-gt-hydraulic.webp 700w, https:\/\/gthydraulic.com.tr\/wp-content\/uploads\/2025\/01\/M_SERIES-gt-hydraulic-oil-cooler-systems-gt-hydraulic-gt-radyator-gt-hydraulic-150x150.webp 150w, https:\/\/gthydraulic.com.tr\/wp-content\/uploads\/2025\/01\/M_SERIES-gt-hydraulic-oil-cooler-systems-gt-hydraulic-gt-radyator-gt-hydraulic-300x300.webp 300w, https:\/\/gthydraulic.com.tr\/wp-content\/uploads\/2025\/01\/M_SERIES-gt-hydraulic-oil-cooler-systems-gt-hydraulic-gt-radyator-gt-hydraulic-430x430.webp 430w\" sizes=\"(max-width: 700px) 100vw, 700px\" \/>\t\t\t\t\t\t\t\t<\/a>\n\t\t\t\t\t\t\t\t\t\t\t\t\t\t\t<\/div>\n\t\t\t\t<\/div>\n\t\t\t\t<div class=\"elementor-element elementor-element-b98b282 elementor-align-justify elementor-widget elementor-widget-button\" data-id=\"b98b282\" data-element_type=\"widget\" data-e-type=\"widget\" data-widget_type=\"button.default\">\n\t\t\t\t<div class=\"elementor-widget-container\">\n\t\t\t\t\t\t\t\t\t<div class=\"elementor-button-wrapper\">\n\t\t\t\t\t<a class=\"elementor-button elementor-button-link elementor-size-sm\" href=\"\/product-category\/m-series\/\">\n\t\t\t\t\t\t<span class=\"elementor-button-content-wrapper\">\n\t\t\t\t\t\t\t\t\t<span class=\"elementor-button-text\">M SERIES<\/span>\n\t\t\t\t\t<\/span>\n\t\t\t\t\t<\/a>\n\t\t\t\t<\/div>\n\t\t\t\t\t\t\t\t<\/div>\n\t\t\t\t<\/div>\n\t\t\t\t<\/div>\n\t\t\t\t\t<\/div>\n\t\t\t\t<\/div>\n\t\t<div class=\"wd-negative-gap elementor-element elementor-element-8f349a9 elementor-hidden-desktop elementor-hidden-tablet elementor-hidden-mobile e-flex e-con-boxed e-con e-parent\" data-id=\"8f349a9\" data-element_type=\"container\" data-e-type=\"container\">\n\t\t\t\t\t<div class=\"e-con-inner\">\n\t\t\t\t<div class=\"elementor-element elementor-element-d243fcd wd-width-100 elementor-widget elementor-widget-wd_title\" data-id=\"d243fcd\" data-element_type=\"widget\" data-e-type=\"widget\" data-widget_type=\"wd_title.default\">\n\t\t\t\t<div class=\"elementor-widget-container\">\n\t\t\t\t\t\t\t<div class=\"title-wrapper wd-set-mb reset-last-child wd-title-color-primary wd-title-style-underlined wd-title-size-medium text-center\">\n\n\t\t\t\n\t\t\t<div class=\"liner-continer\">\n\t\t\t\t<h4 class=\"woodmart-title-container title wd-fontsize-xl\">Don't forget to check out our other products!<\/h4> \n\t\t\t\t\t\t\t<\/div>\n\n\t\t\t\t\t<\/div>\n\t\t\t\t\t\t<\/div>\n\t\t\t\t<\/div>\n\t\t\t\t\t<\/div>\n\t\t\t\t<\/div>\n\t\t<div class=\"wd-negative-gap elementor-element elementor-element-3d4dd46 wd-section-stretch e-flex e-con-boxed e-con e-parent\" data-id=\"3d4dd46\" data-element_type=\"container\" data-e-type=\"container\" data-settings=\"{&quot;background_background&quot;:&quot;video&quot;,&quot;background_play_on_mobile&quot;:&quot;yes&quot;,&quot;background_video_link&quot;:&quot;https:\\\/\\\/gthydraulic.com.tr\\\/wp-content\\\/uploads\\\/2025\\\/03\\\/Gt-Hydraulic-15.01.2025.mp4&quot;}\">\n\t\t\t\t\t<div class=\"e-con-inner\">\n\t\t<div class=\"elementor-background-video-container\">\n\t\t\t\t\t\t\t<video class=\"elementor-background-video-hosted\" role=\"presentation\" autoplay muted playsinline loop><\/video>\n\t\t\t\t\t<\/div><div class=\"elementor-element elementor-element-68c973b color-scheme-light e-con-full e-flex e-con e-child\" data-id=\"68c973b\" data-element_type=\"container\" data-e-type=\"container\">\n\t\t\t\t<div class=\"elementor-element elementor-element-5f0d1cd wd-width-100 elementor-widget elementor-widget-wd_title\" data-id=\"5f0d1cd\" data-element_type=\"widget\" data-e-type=\"widget\" data-widget_type=\"wd_title.default\">\n\t\t\t\t<div class=\"elementor-widget-container\">\n\t\t\t\t\t\t\t<div class=\"title-wrapper wd-set-mb reset-last-child wd-title-color-white wd-title-style-default wd-title-size-large text-center\">\n\n\t\t\t\t\t\t\t\t\t\t\t<div class=\"title-subtitle subtitle-color-white subtitle-style-default wd-fontsize-xs\">\n\t\t\t\t\t\"La Marca que Une Calidad con Confianza\"\t\t\t\t<\/div>\n\t\t\t\n\t\t\t<div class=\"liner-continer\">\n\t\t\t\t<h4 class=\"woodmart-title-container title wd-fontsize-xxl\">GT HYDRAULIC<\/h4> \n\t\t\t\t\t\t\t<\/div>\n\n\t\t\t\t\t<\/div>\n\t\t\t\t\t\t<\/div>\n\t\t\t\t<\/div>\n\t\t\t\t<\/div>\n\t\t\t\t\t<\/div>\n\t\t\t\t<\/div>\n\t\t<div class=\"wd-negative-gap elementor-element elementor-element-66a97d6 e-flex e-con-boxed e-con e-parent\" data-id=\"66a97d6\" data-element_type=\"container\" data-e-type=\"container\">\n\t\t\t\t\t<div class=\"e-con-inner\">\n\t\t<div class=\"elementor-element elementor-element-fc0832c e-con-full e-flex e-con e-child\" data-id=\"fc0832c\" data-element_type=\"container\" data-e-type=\"container\">\n\t\t\t\t<div class=\"elementor-element elementor-element-77ba41b elementor-widget elementor-widget-image\" data-id=\"77ba41b\" data-element_type=\"widget\" data-e-type=\"widget\" data-widget_type=\"image.default\">\n\t\t\t\t<div class=\"elementor-widget-container\">\n\t\t\t\t\t\t\t\t\t\t\t\t\t\t\t<img loading=\"lazy\" decoding=\"async\" width=\"800\" height=\"800\" src=\"https:\/\/gthydraulic.com.tr\/wp-content\/uploads\/2025\/03\/GT-800x800.webp\" class=\"attachment-large size-large wp-image-29247\" alt=\"\" srcset=\"https:\/\/gthydraulic.com.tr\/wp-content\/uploads\/2025\/03\/GT-800x800.webp 800w, https:\/\/gthydraulic.com.tr\/wp-content\/uploads\/2025\/03\/GT-300x300.webp 300w, https:\/\/gthydraulic.com.tr\/wp-content\/uploads\/2025\/03\/GT-150x150.webp 150w, https:\/\/gthydraulic.com.tr\/wp-content\/uploads\/2025\/03\/GT-768x768.webp 768w, https:\/\/gthydraulic.com.tr\/wp-content\/uploads\/2025\/03\/GT-430x430.webp 430w, https:\/\/gthydraulic.com.tr\/wp-content\/uploads\/2025\/03\/GT-700x700.webp 700w, https:\/\/gthydraulic.com.tr\/wp-content\/uploads\/2025\/03\/GT.webp 1080w\" sizes=\"(max-width: 800px) 100vw, 800px\" \/>\t\t\t\t\t\t\t\t\t\t\t\t\t\t\t<\/div>\n\t\t\t\t<\/div>\n\t\t\t\t<\/div>\n\t\t<div class=\"elementor-element elementor-element-2f9ea36 e-con-full e-flex e-con e-child\" data-id=\"2f9ea36\" data-element_type=\"container\" data-e-type=\"container\">\n\t\t\t\t<div class=\"elementor-element elementor-element-7c69d84 color-scheme-inherit text-left elementor-widget elementor-widget-text-editor\" data-id=\"7c69d84\" data-element_type=\"widget\" data-e-type=\"widget\" data-widget_type=\"text-editor.default\">\n\t\t\t\t<div class=\"elementor-widget-container\">\n\t\t\t\t\t\t\t\t\t<h1><strong>Confianza y Calidad<\/strong><\/h1><p>En GT Hydraulic, hemos construido los cimientos de nuestro negocio sobre la confianza y la calidad desde nuestra fundaci\u00f3n. Al priorizar la satisfacci\u00f3n del cliente en nuestros productos y servicios, buscamos establecer relaciones a largo plazo con nuestros socios y clientes.<\/p><p>La confianza es nuestra gu\u00eda en cada etapa de nuestro trabajo. Desde el primer d\u00eda, nunca hemos comprometido nuestros principios de honestidad, transparencia y cumplimiento de los est\u00e1ndares prometidos. Las s\u00f3lidas relaciones que hemos establecido con nuestros clientes han posicionado a GT Hydraulic como una marca confiable en el sector.<\/p><p>La calidad es la piedra angular de cada producto que fabricamos y de cada servicio que ofrecemos. Con procesos de producci\u00f3n basados en tecnolog\u00eda avanzada, esfuerzos detallados de I+D y nuestro equipo de expertos, ofrecemos soluciones de clase mundial. Vemos la calidad no solo como un requisito t\u00e9cnico, sino como un reflejo del valor que damos a nuestros clientes.<\/p><p>GT Hydraulic contin\u00faa manteniendo su posici\u00f3n de liderazgo en el sector mientras lleva la misi\u00f3n de transmitir confianza y calidad a las futuras generaciones. Siempre aspirando a lo mejor, mantenemos una relaci\u00f3n de confianza con nuestros valiosos clientes. Porque sabemos que la confianza y la calidad son los cimientos m\u00e1s fuertes de una marca.<\/p>\t\t\t\t\t\t\t\t<\/div>\n\t\t\t\t<\/div>\n\t\t\t\t<\/div>\n\t\t\t\t\t<\/div>\n\t\t\t\t<\/div>\n\t\t\t\t<\/div>\n\t\t","protected":false},"excerpt":{"rendered":"<p>\u00abProducci\u00f3n de Calidad, Soluciones Confiables\u00bb Sistemas de Enfriamiento de Aceite Hidr\u00e1ulico Con m\u00e1s de 70 a\u00f1os de experiencia en el<\/p>\n","protected":false},"author":1,"featured_media":0,"parent":0,"menu_order":0,"comment_status":"closed","ping_status":"closed","template":"","meta":{"_joinchat":[],"footnotes":""},"class_list":["post-29444","page","type-page","status-publish","hentry"],"_links":{"self":[{"href":"https:\/\/gthydraulic.com.tr\/es\/wp-json\/wp\/v2\/pages\/29444","targetHints":{"allow":["GET"]}}],"collection":[{"href":"https:\/\/gthydraulic.com.tr\/es\/wp-json\/wp\/v2\/pages"}],"about":[{"href":"https:\/\/gthydraulic.com.tr\/es\/wp-json\/wp\/v2\/types\/page"}],"author":[{"embeddable":true,"href":"https:\/\/gthydraulic.com.tr\/es\/wp-json\/wp\/v2\/users\/1"}],"replies":[{"embeddable":true,"href":"https:\/\/gthydraulic.com.tr\/es\/wp-json\/wp\/v2\/comments?post=29444"}],"version-history":[{"count":37,"href":"https:\/\/gthydraulic.com.tr\/es\/wp-json\/wp\/v2\/pages\/29444\/revisions"}],"predecessor-version":[{"id":30059,"href":"https:\/\/gthydraulic.com.tr\/es\/wp-json\/wp\/v2\/pages\/29444\/revisions\/30059"}],"wp:attachment":[{"href":"https:\/\/gthydraulic.com.tr\/es\/wp-json\/wp\/v2\/media?parent=29444"}],"curies":[{"name":"wp","href":"https:\/\/api.w.org\/{rel}","templated":true}]}}