{"id":29524,"date":"2021-10-12T15:51:09","date_gmt":"2021-10-12T12:51:09","guid":{"rendered":"https:\/\/gthydraulic.com.tr\/about-us\/"},"modified":"2025-04-27T02:11:18","modified_gmt":"2025-04-26T23:11:18","slug":"about-us","status":"publish","type":"page","link":"https:\/\/gthydraulic.com.tr\/es\/about-us\/","title":{"rendered":"About Us"},"content":{"rendered":"\t\t<div data-elementor-type=\"wp-page\" data-elementor-id=\"29524\" class=\"elementor elementor-29524 elementor-4400\" data-elementor-post-type=\"page\">\n\t\t\t\t<div class=\"wd-negative-gap elementor-element elementor-element-7c7c544 e-flex e-con-boxed e-con e-parent\" data-id=\"7c7c544\" data-element_type=\"container\" data-e-type=\"container\">\n\t\t\t\t\t<div class=\"e-con-inner\">\n\t\t<div class=\"elementor-element elementor-element-e7cb5cd e-con-full e-flex e-con e-child\" data-id=\"e7cb5cd\" data-element_type=\"container\" data-e-type=\"container\">\n\t\t\t\t<div class=\"elementor-element elementor-element-56aec39 elementor-widget elementor-widget-wd_image_or_svg\" data-id=\"56aec39\" data-element_type=\"widget\" data-e-type=\"widget\" data-widget_type=\"wd_image_or_svg.default\">\n\t\t\t\t<div class=\"elementor-widget-container\">\n\t\t\t\t\t\n\t\t<div class=\"wd-image text-left\">\n\t\t\t\t\t\t\t\t<img fetchpriority=\"high\" decoding=\"async\" width=\"1080\" height=\"1080\" src=\"https:\/\/gthydraulic.com.tr\/wp-content\/uploads\/2025\/03\/GT.webp\" class=\"attachment-full size-full\" alt=\"\" srcset=\"https:\/\/gthydraulic.com.tr\/wp-content\/uploads\/2025\/03\/GT.webp 1080w, https:\/\/gthydraulic.com.tr\/wp-content\/uploads\/2025\/03\/GT-300x300.webp 300w, https:\/\/gthydraulic.com.tr\/wp-content\/uploads\/2025\/03\/GT-800x800.webp 800w, https:\/\/gthydraulic.com.tr\/wp-content\/uploads\/2025\/03\/GT-150x150.webp 150w, https:\/\/gthydraulic.com.tr\/wp-content\/uploads\/2025\/03\/GT-768x768.webp 768w, https:\/\/gthydraulic.com.tr\/wp-content\/uploads\/2025\/03\/GT-430x430.webp 430w, https:\/\/gthydraulic.com.tr\/wp-content\/uploads\/2025\/03\/GT-700x700.webp 700w\" sizes=\"(max-width: 1080px) 100vw, 1080px\" \/>\t\t\t\t\t<\/div>\n\n\t\t\t\t\t\t<\/div>\n\t\t\t\t<\/div>\n\t\t\t\t<\/div>\n\t\t<div class=\"elementor-element elementor-element-97d6084 e-con-full e-flex e-con e-child\" data-id=\"97d6084\" data-element_type=\"container\" data-e-type=\"container\">\n\t\t\t\t<div class=\"elementor-element elementor-element-66e47ad elementor-widget elementor-widget-wd_text_block\" data-id=\"66e47ad\" data-element_type=\"widget\" data-e-type=\"widget\" data-widget_type=\"wd_text_block.default\">\n\t\t\t\t<div class=\"elementor-widget-container\">\n\t\t\t\t\t\t\t<div class=\"wd-text-block reset-last-child text-left\">\n\t\t\t\n\t\t\t<h2 style=\"color: #03588c;\"><strong>Producci\u00f3n de Calidad, Soluciones Confiables<\/strong><\/h2><p>En GT Hydraulic, nos especializamos en la producci\u00f3n de sistemas de enfriamiento de aceite de alta calidad, dise\u00f1ados para cumplir con los exigentes requisitos de las aplicaciones industriales modernas. Con d\u00e9cadas de experiencia, estamos comprometidos a ofrecer soluciones que combinan durabilidad, eficiencia y fiabilidad.<\/p><p>Nuestros sistemas hidr\u00e1ulicos de enfriamiento de aceite est\u00e1n dise\u00f1ados para rendir en condiciones dif\u00edciles mientras mantienen una eficiencia \u00f3ptima. Utilizando tecnolog\u00eda avanzada de enfriamiento de placas y materiales de primera calidad como el aluminio 6063, nuestros productos garantizan un rendimiento duradero y una disipaci\u00f3n superior del calor.<\/p><p>Los sistemas de enfriamiento de aceite de GT Hydraulic son adecuados para una variedad de aplicaciones, incluyendo sistemas m\u00f3viles, unidades estacionarias y sistemas de enfriamiento AD-DC. Dise\u00f1ados pensando en la flexibilidad y adaptabilidad, pueden enfriar eficazmente aceites sint\u00e9ticos, aceites minerales y otros fluidos industriales.<\/p><p>Priorizamos la satisfacci\u00f3n del cliente proporcionando sistemas listos para usar, f\u00e1ciles de mantener, rentables y dise\u00f1ados para una integraci\u00f3n perfecta en configuraciones existentes. Con un enfoque en la innovaci\u00f3n y la calidad, GT Hydraulic sigue siendo la opci\u00f3n de confianza para profesionales en todo el mundo.<\/p>\n\t\t\t\t\t<\/div>\n\t\t\t\t\t\t<\/div>\n\t\t\t\t<\/div>\n\t\t\t\t<\/div>\n\t\t\t\t\t<\/div>\n\t\t\t\t<\/div>\n\t\t<div class=\"wd-negative-gap elementor-element elementor-element-5ff2e5d e-flex e-con-boxed elementor-invisible e-con e-parent\" data-id=\"5ff2e5d\" data-element_type=\"container\" data-e-type=\"container\" data-settings=\"{&quot;animation&quot;:&quot;fadeInUp&quot;}\">\n\t\t\t\t\t<div class=\"e-con-inner\">\n\t\t<div class=\"elementor-element elementor-element-7240520 e-con-full e-flex e-con e-child\" data-id=\"7240520\" data-element_type=\"container\" data-e-type=\"container\">\n\t\t\t\t<div class=\"elementor-element elementor-element-82542c5 elementor-widget elementor-widget-wd_text_block\" data-id=\"82542c5\" data-element_type=\"widget\" data-e-type=\"widget\" data-widget_type=\"wd_text_block.default\">\n\t\t\t\t<div class=\"elementor-widget-container\">\n\t\t\t\t\t\t\t<div class=\"wd-text-block reset-last-child text-left\">\n\t\t\t\n\t\t\t<h3><span style=\"color: #03588c;\">Instalaci\u00f3n de Producci\u00f3n Moderna y Espaciosa<\/span><\/h3><p>Nuestra f\u00e1brica, ubicada en Konya, ofrece una producci\u00f3n de alta capacidad y eficiencia con aproximadamente 8.000 metros cuadrados de espacio de fabricaci\u00f3n. Esta instalaci\u00f3n amplia y moderna est\u00e1 dise\u00f1ada para la producci\u00f3n de sistemas de enfriamiento hidr\u00e1ulico y radiadores de alta calidad.<\/p><h3><span style=\"color: #03588c;\">Tecnolog\u00eda y Sensibilidad Ambiental<\/span><\/h3><p>Equipada con tecnolog\u00eda de \u00faltima generaci\u00f3n, nuestra f\u00e1brica se destaca por sus procesos de producci\u00f3n energ\u00e9ticamente eficientes y respetuosos con el medio ambiente. Nuestros productos innovadores ofrecen un alto rendimiento y eficiencia en los sectores industrial y automotriz.<\/p><h3><span style=\"color: #03588c;\">Colaboraci\u00f3n S\u00f3lida y Enfoque en el Cliente<\/span><\/h3><p>GT Hydraulic es un socio confiable en proyectos de hidr\u00e1ulica y enfriamiento, ofreciendo soluciones personalizadas para satisfacer las necesidades de nuestros clientes. Con nuestro enfoque que agrega valor a proyectos de todos los tama\u00f1os, buscamos garantizar una alta satisfacci\u00f3n del cliente.<\/p>\n\t\t\t\t\t<\/div>\n\t\t\t\t\t\t<\/div>\n\t\t\t\t<\/div>\n\t\t\t\t<\/div>\n\t\t<div class=\"elementor-element elementor-element-ad611e8 e-con-full e-flex e-con e-child\" data-id=\"ad611e8\" data-element_type=\"container\" data-e-type=\"container\">\n\t\t\t\t<div class=\"elementor-element elementor-element-deae098 elementor-widget elementor-widget-wd_image_or_svg\" data-id=\"deae098\" data-element_type=\"widget\" data-e-type=\"widget\" data-widget_type=\"wd_image_or_svg.default\">\n\t\t\t\t<div class=\"elementor-widget-container\">\n\t\t\t\t\t\n\t\t<div class=\"wd-image text-left\">\n\t\t\t\t\t\t\t\t<img decoding=\"async\" width=\"1443\" height=\"907\" src=\"https:\/\/gthydraulic.com.tr\/wp-content\/uploads\/2025\/03\/gt-hydraulic-oil-cooler-systems-gt-hydraulicgt-hydraulic-oil-cooler-systems-gt-hydraulicgt-hydraulic-oil-cooler-systems-gt-hydraulic-gt-hydraulic-gt-hydraulic.webp.webp\" class=\"attachment-full size-full\" alt=\"\" srcset=\"https:\/\/gthydraulic.com.tr\/wp-content\/uploads\/2025\/03\/gt-hydraulic-oil-cooler-systems-gt-hydraulicgt-hydraulic-oil-cooler-systems-gt-hydraulicgt-hydraulic-oil-cooler-systems-gt-hydraulic-gt-hydraulic-gt-hydraulic.webp.webp 1443w, https:\/\/gthydraulic.com.tr\/wp-content\/uploads\/2025\/03\/gt-hydraulic-oil-cooler-systems-gt-hydraulicgt-hydraulic-oil-cooler-systems-gt-hydraulicgt-hydraulic-oil-cooler-systems-gt-hydraulic-gt-hydraulic-gt-hydraulic.webp-400x251.webp 400w, https:\/\/gthydraulic.com.tr\/wp-content\/uploads\/2025\/03\/gt-hydraulic-oil-cooler-systems-gt-hydraulicgt-hydraulic-oil-cooler-systems-gt-hydraulicgt-hydraulic-oil-cooler-systems-gt-hydraulic-gt-hydraulic-gt-hydraulic.webp-1273x800.webp 1273w, https:\/\/gthydraulic.com.tr\/wp-content\/uploads\/2025\/03\/gt-hydraulic-oil-cooler-systems-gt-hydraulicgt-hydraulic-oil-cooler-systems-gt-hydraulicgt-hydraulic-oil-cooler-systems-gt-hydraulic-gt-hydraulic-gt-hydraulic.webp-768x483.webp 768w, https:\/\/gthydraulic.com.tr\/wp-content\/uploads\/2025\/03\/gt-hydraulic-oil-cooler-systems-gt-hydraulicgt-hydraulic-oil-cooler-systems-gt-hydraulicgt-hydraulic-oil-cooler-systems-gt-hydraulic-gt-hydraulic-gt-hydraulic.webp-430x270.webp 430w, https:\/\/gthydraulic.com.tr\/wp-content\/uploads\/2025\/03\/gt-hydraulic-oil-cooler-systems-gt-hydraulicgt-hydraulic-oil-cooler-systems-gt-hydraulicgt-hydraulic-oil-cooler-systems-gt-hydraulic-gt-hydraulic-gt-hydraulic.webp-700x440.webp 700w, https:\/\/gthydraulic.com.tr\/wp-content\/uploads\/2025\/03\/gt-hydraulic-oil-cooler-systems-gt-hydraulicgt-hydraulic-oil-cooler-systems-gt-hydraulicgt-hydraulic-oil-cooler-systems-gt-hydraulic-gt-hydraulic-gt-hydraulic.webp-150x94.webp 150w\" sizes=\"(max-width: 1443px) 100vw, 1443px\" \/>\t\t\t\t\t<\/div>\n\n\t\t\t\t\t\t<\/div>\n\t\t\t\t<\/div>\n\t\t\t\t<\/div>\n\t\t\t\t\t<\/div>\n\t\t\t\t<\/div>\n\t\t<div class=\"wd-negative-gap elementor-element elementor-element-f168c0a e-flex e-con-boxed e-con e-parent\" data-id=\"f168c0a\" data-element_type=\"container\" data-e-type=\"container\">\n\t\t\t\t\t<div class=\"e-con-inner\">\n\t\t<div class=\"elementor-element elementor-element-5642404 e-con-full e-flex e-con e-child\" data-id=\"5642404\" data-element_type=\"container\" data-e-type=\"container\">\n\t\t\t\t<div class=\"elementor-element elementor-element-6cf5219 wd-width-100 elementor-widget elementor-widget-wd_video\" data-id=\"6cf5219\" data-element_type=\"widget\" data-e-type=\"widget\" data-widget_type=\"wd_video.default\">\n\t\t\t\t<div class=\"elementor-widget-container\">\n\t\t\t\t\t\n\t\t<div class=\"wd-el-video wd-action-overlay wd-video-hosted wd-with-aspect-ratio wd-lightbox\">\n\t\t\t\t\t\t\t<div class=\"wd-popup wd-with-video wd-video-popup mfp-hide\" id=\"69e3944e1c612\"><video data-lazy-load=\"https:\/\/gthydraulic.com.tr\/wp-content\/uploads\/2025\/03\/Gt-Hydraulic-15.01.2025.mp4\" playsinline muted controls><\/video><\/div>\t\t\t\n\t\t\t\n\t\t\t\n\t\t\t\t\t\t\t<div class=\"wd-el-video-overlay wd-fill\">\n\t\t\t\t\t<img decoding=\"async\" width=\"2560\" height=\"500\" src=\"https:\/\/gthydraulic.com.tr\/wp-content\/uploads\/2025\/03\/gt-hydraulic-oil-cooler-systems-gt-hydraulic-gt-hydraulic-oil-cooler-systems-gt-hydraulic.webp\" class=\"attachment-full size-full\" alt=\"\" \/>\t\t\t\t<\/div>\n\t\t\t\t<div class=\"wd-el-video-control color-scheme-light wd-fill\">\n\t\t\t\t\t<span class=\"wd-el-video-play-btn\"><\/span>\n\t\t\t\t\t\t\t\t\t<\/div>\n\n\t\t\t\t<a class=\"wd-el-video-link wd-el-video-btn-overlay wd-fill wd-el-video-lightbox wd-el-video-hosted\" href=\"#69e3944e1c612\"><\/a>\n\t\t\t\t\t<\/div>\n\t\t\t\t\t\t<\/div>\n\t\t\t\t<\/div>\n\t\t\t\t<\/div>\n\t\t<div class=\"elementor-element elementor-element-b67633c e-con-full e-flex e-con e-child\" data-id=\"b67633c\" data-element_type=\"container\" data-e-type=\"container\">\n\t\t\t\t<div class=\"elementor-element elementor-element-30ae1e0 elementor-widget elementor-widget-wd_text_block\" data-id=\"30ae1e0\" data-element_type=\"widget\" data-e-type=\"widget\" data-widget_type=\"wd_text_block.default\">\n\t\t\t\t<div class=\"elementor-widget-container\">\n\t\t\t\t\t\t\t<div class=\"wd-text-block reset-last-child text-left\">\n\t\t\t\n\t\t\t<h3><span style=\"color: #03588c;\">Soluciones Potentes con GT Hydraulic<\/span><\/h3><p>Con nuestros modernos sistemas de enfriamiento hidr\u00e1ulico y radiadores, proporcionamos soluciones de alto rendimiento y larga duraci\u00f3n para los sectores industrial y automotriz. A trav\u00e9s de tecnolog\u00edas de producci\u00f3n avanzadas, buscamos contribuir tanto a la eficiencia energ\u00e9tica como a la sostenibilidad ambiental.<\/p><p>Nuestro equipo de expertos est\u00e1 contigo en cada etapa de tus proyectos. Con soluciones a medida y nuestro compromiso con la alta calidad, estamos listos para marcar la diferencia en tus procesos empresariales. As\u00f3ciate con nosotros para obtener un socio confiable para tus proyectos hidr\u00e1ulicos.<\/p>\n\t\t\t\t\t<\/div>\n\t\t\t\t\t\t<\/div>\n\t\t\t\t<\/div>\n\t\t\t\t<div class=\"elementor-element elementor-element-7eb1562 elementor-invisible elementor-widget elementor-widget-button\" data-id=\"7eb1562\" data-element_type=\"widget\" data-e-type=\"widget\" data-settings=\"{&quot;_animation&quot;:&quot;fadeInRight&quot;}\" data-widget_type=\"button.default\">\n\t\t\t\t<div class=\"elementor-widget-container\">\n\t\t\t\t\t\t\t\t\t<div class=\"elementor-button-wrapper\">\n\t\t\t\t\t<a class=\"elementor-button elementor-button-link elementor-size-sm\" href=\"tel:03325016999\">\n\t\t\t\t\t\t<span class=\"elementor-button-content-wrapper\">\n\t\t\t\t\t\t<span class=\"elementor-button-icon\">\n\t\t\t\t<svg aria-hidden=\"true\" class=\"e-font-icon-svg e-fas-phone-alt\" viewBox=\"0 0 512 512\" xmlns=\"http:\/\/www.w3.org\/2000\/svg\"><path d=\"M497.39 361.8l-112-48a24 24 0 0 0-28 6.9l-49.6 60.6A370.66 370.66 0 0 1 130.6 204.11l60.6-49.6a23.94 23.94 0 0 0 6.9-28l-48-112A24.16 24.16 0 0 0 122.6.61l-104 24A24 24 0 0 0 0 48c0 256.5 207.9 464 464 464a24 24 0 0 0 23.4-18.6l24-104a24.29 24.29 0 0 0-14.01-27.6z\"><\/path><\/svg>\t\t\t<\/span>\n\t\t\t\t\t\t\t\t\t<span class=\"elementor-button-text\">Llama ahora<\/span>\n\t\t\t\t\t<\/span>\n\t\t\t\t\t<\/a>\n\t\t\t\t<\/div>\n\t\t\t\t\t\t\t\t<\/div>\n\t\t\t\t<\/div>\n\t\t\t\t<\/div>\n\t\t\t\t\t<\/div>\n\t\t\t\t<\/div>\n\t\t\t\t<\/div>\n\t\t","protected":false},"excerpt":{"rendered":"<p>Producci\u00f3n de Calidad, Soluciones Confiables En GT Hydraulic, nos especializamos en la producci\u00f3n de sistemas de enfriamiento de aceite de<\/p>\n","protected":false},"author":1,"featured_media":0,"parent":0,"menu_order":0,"comment_status":"closed","ping_status":"closed","template":"","meta":{"_joinchat":[],"footnotes":""},"class_list":["post-29524","page","type-page","status-publish","hentry"],"_links":{"self":[{"href":"https:\/\/gthydraulic.com.tr\/es\/wp-json\/wp\/v2\/pages\/29524","targetHints":{"allow":["GET"]}}],"collection":[{"href":"https:\/\/gthydraulic.com.tr\/es\/wp-json\/wp\/v2\/pages"}],"about":[{"href":"https:\/\/gthydraulic.com.tr\/es\/wp-json\/wp\/v2\/types\/page"}],"author":[{"embeddable":true,"href":"https:\/\/gthydraulic.com.tr\/es\/wp-json\/wp\/v2\/users\/1"}],"replies":[{"embeddable":true,"href":"https:\/\/gthydraulic.com.tr\/es\/wp-json\/wp\/v2\/comments?post=29524"}],"version-history":[{"count":3,"href":"https:\/\/gthydraulic.com.tr\/es\/wp-json\/wp\/v2\/pages\/29524\/revisions"}],"predecessor-version":[{"id":29527,"href":"https:\/\/gthydraulic.com.tr\/es\/wp-json\/wp\/v2\/pages\/29524\/revisions\/29527"}],"wp:attachment":[{"href":"https:\/\/gthydraulic.com.tr\/es\/wp-json\/wp\/v2\/media?parent=29524"}],"curies":[{"name":"wp","href":"https:\/\/api.w.org\/{rel}","templated":true}]}}