{"id":29650,"date":"2025-03-06T02:28:58","date_gmt":"2025-03-05T23:28:58","guid":{"rendered":"https:\/\/gthydraulic.com.tr\/product\/ms-0030\/"},"modified":"2025-04-28T23:55:45","modified_gmt":"2025-04-28T20:55:45","slug":"ms-0030","status":"publish","type":"product","link":"https:\/\/gthydraulic.com.tr\/es\/producto\/ms-0030\/","title":{"rendered":"MS0030"},"content":{"rendered":"<h4>Informaci\u00f3n General del Producto<\/h4>\n<ul>\n<li><strong>Material Principal:<\/strong> Aluminio<\/li>\n<li><strong>Material del Ventilador \/ Protecci\u00f3n del Ventilador:<\/strong> Metal o Pl\u00e1stico R\u00edgido<\/li>\n<li><strong>Temperatura M\u00e1xima de Funcionamiento:<\/strong> 120\u00b0C<\/li>\n<li><strong>Presi\u00f3n de Prueba:<\/strong> 30 Bar<\/li>\n<li><strong>Presi\u00f3n de Funcionamiento:<\/strong> 20 Bar<\/li>\n<li><strong>\u00c1reas de Aplicaci\u00f3n:<\/strong> Aplicaciones Industriales M\u00f3viles y Estacionarias<\/li>\n<\/ul>\n<p><strong>Los intercambiadores de calor aire-aceite \u00abGT HYDRAULIC\u00bb<\/strong> se utilizan para enfriar el aceite en el sistema hidr\u00e1ulico haciendo pasar el aire ambiente a trav\u00e9s de los n\u00facleos mediante ventiladores o motores el\u00e9ctricos. Gracias a las caracter\u00edsticas de las aletas de enfriamiento, se incrementa la turbulencia del fluido y, por ende, la capacidad de intercambio t\u00e9rmico. Adem\u00e1s, las estructuras especiales de las aletas de enfriamiento aumentan el coeficiente global de transferencia de calor. Es un producto compacto, ligero, duradero y tecnol\u00f3gico.<\/p>\n<h4>Instalaci\u00f3n<\/h4>\n<p>Para mantener el flujo de aire natural, los radiadores pueden instalarse horizontalmente, prestando atenci\u00f3n a la distancia m\u00ednima con la pared. Los intercambiadores de calor suelen instalarse en los tubos de retorno del dep\u00f3sito de aceite en el sistema. Deben protegerse contra impactos y vibraciones mec\u00e1nicas mediante soportes y conectarse al sistema mediante tubos flexibles. Recomendamos instalar una v\u00e1lvula de derivaci\u00f3n para proteger el radiador de presiones altas imprevistas que puedan surgir durante el funcionamiento del sistema.<\/p>\n<h5>No olvides consultar el cat\u00e1logo de GT Hydraulic para todos los detalles t\u00e9cnicos.<\/h5>\n<p><a class=\"custom-button\" href=\"https:\/\/gthydraulic.com.tr\/wp-content\/uploads\/2025\/03\/gt-hydraulic-technical-detail_compressed.pdf\" target=\"_blank\" rel=\"noopener\"><br \/>\nVer PDF del Producto<br \/>\n<\/a><\/p>\n","protected":false},"excerpt":{"rendered":"<p><img decoding=\"async\" class=\"alignnone size-medium wp-image-27404\" src=\"https:\/\/gthydraulic.com.tr\/wp-content\/uploads\/2025\/03\/01-ms0030-gt-hydraulic-oil-cooler-systems.webp\" alt=\"\" width=\"100%\" height=\"100%\" \/><\/p>\n<p><img decoding=\"async\" class=\"alignnone size-medium wp-image-27404\" src=\"https:\/\/gthydraulic.com.tr\/wp-content\/uploads\/2025\/03\/02-ms0030-gt-hydraulic-oil-cooler-systems.webp\" alt=\"\" width=\"100%\" height=\"100%\" \/><\/p>\n<p><img decoding=\"async\" class=\"alignnone size-medium wp-image-27404\" src=\"https:\/\/gthydraulic.com.tr\/wp-content\/uploads\/2025\/03\/03-ms0030-gt-hydraulic-oil-cooler-systems.webp\" alt=\"\" width=\"100%\" height=\"100%\" \/><\/p>\n","protected":false},"featured_media":29061,"template":"","meta":{"_joinchat":[]},"product_brand":[],"product_cat":[194],"product_tag":[],"class_list":{"0":"post-29650","1":"product","2":"type-product","3":"status-publish","4":"has-post-thumbnail","6":"product_cat-ms-series-es","8":"first","9":"instock","10":"shipping-taxable","11":"purchasable","12":"product-type-simple"},"_links":{"self":[{"href":"https:\/\/gthydraulic.com.tr\/es\/wp-json\/wp\/v2\/product\/29650","targetHints":{"allow":["GET"]}}],"collection":[{"href":"https:\/\/gthydraulic.com.tr\/es\/wp-json\/wp\/v2\/product"}],"about":[{"href":"https:\/\/gthydraulic.com.tr\/es\/wp-json\/wp\/v2\/types\/product"}],"version-history":[{"count":2,"href":"https:\/\/gthydraulic.com.tr\/es\/wp-json\/wp\/v2\/product\/29650\/revisions"}],"predecessor-version":[{"id":29657,"href":"https:\/\/gthydraulic.com.tr\/es\/wp-json\/wp\/v2\/product\/29650\/revisions\/29657"}],"wp:featuredmedia":[{"embeddable":true,"href":"https:\/\/gthydraulic.com.tr\/es\/wp-json\/wp\/v2\/media\/29061"}],"wp:attachment":[{"href":"https:\/\/gthydraulic.com.tr\/es\/wp-json\/wp\/v2\/media?parent=29650"}],"wp:term":[{"taxonomy":"product_brand","embeddable":true,"href":"https:\/\/gthydraulic.com.tr\/es\/wp-json\/wp\/v2\/product_brand?post=29650"},{"taxonomy":"product_cat","embeddable":true,"href":"https:\/\/gthydraulic.com.tr\/es\/wp-json\/wp\/v2\/product_cat?post=29650"},{"taxonomy":"product_tag","embeddable":true,"href":"https:\/\/gthydraulic.com.tr\/es\/wp-json\/wp\/v2\/product_tag?post=29650"}],"curies":[{"name":"wp","href":"https:\/\/api.w.org\/{rel}","templated":true}]}}