{"id":29763,"date":"2025-01-10T01:01:48","date_gmt":"2025-01-09T22:01:48","guid":{"rendered":"https:\/\/gthydraulic.com.tr\/product\/h1-hydromotor-driven-oil-coolers\/"},"modified":"2025-04-29T03:10:28","modified_gmt":"2025-04-29T00:10:28","slug":"h1-hydromotor-driven-oil-coolers","status":"publish","type":"product","link":"https:\/\/gthydraulic.com.tr\/es\/producto\/h1-hydromotor-driven-oil-coolers\/","title":{"rendered":"H1 Hydromotor Driven Oil Coolers"},"content":{"rendered":"<h1><strong>Informaci\u00f3n General<\/strong><\/h1>\n<p>\nLa <strong>Serie H<\/strong> es nuestra l\u00ednea de productos utilizada en todos los sistemas industriales.<br \/>\nLos productos de enfriamiento hidr\u00e1ulico que ofrecemos se fabrican de acuerdo con altos est\u00e1ndares de calidad. Desde el suministro de materiales hasta la producci\u00f3n y los procesos de control de calidad posteriores a la producci\u00f3n, cada etapa est\u00e1 bajo estricto control y supervisi\u00f3n.\n<\/p>\n<h2><strong>Productos<\/strong><\/h2>\n<ul>\n<li>Sistemas m\u00f3viles<\/li>\n<li>Aplicaciones de unidades fijas<\/li>\n<li>Sistemas de enfriamiento completos para aplicaciones AC-DC<\/li>\n<\/ul>\n<h2><strong>Propiedades<\/strong><\/h2>\n<ul>\n<li>Presi\u00f3n de Prueba: 30 bar<\/li>\n<li>Presi\u00f3n de Funcionamiento: 25 bar<\/li>\n<li>Utilizado para enfriar aceites sint\u00e9ticos, minerales y algunos l\u00edquidos<\/li>\n<li>El calor en el fluido se enfr\u00eda con la ayuda de un ventilador<\/li>\n<li>Se utiliza almohadilla de enfriamiento tipo Bar-Placa<\/li>\n<li>Se utiliza material de aluminio flexible 6063<\/li>\n<li>Dise\u00f1ado para todo tipo de condiciones de trabajo<\/li>\n<li>Listo para usar y f\u00e1cil de mantener<\/li>\n<li>Tiene alta eficiencia y bajo costo<\/li>\n<\/ul>\n","protected":false},"excerpt":{"rendered":"<p>Informaci\u00f3n General La Serie H es nuestra l\u00ednea de productos utilizada en todos los sistemas industriales. Los productos de enfriamiento<\/p>\n","protected":false},"featured_media":28947,"template":"","meta":{"_joinchat":[]},"product_brand":[],"product_cat":[192],"product_tag":[],"class_list":{"0":"post-29763","1":"product","2":"type-product","3":"status-publish","4":"has-post-thumbnail","6":"product_cat-h-series-es","8":"first","9":"instock","10":"shipping-taxable","11":"purchasable","12":"product-type-simple"},"_links":{"self":[{"href":"https:\/\/gthydraulic.com.tr\/es\/wp-json\/wp\/v2\/product\/29763","targetHints":{"allow":["GET"]}}],"collection":[{"href":"https:\/\/gthydraulic.com.tr\/es\/wp-json\/wp\/v2\/product"}],"about":[{"href":"https:\/\/gthydraulic.com.tr\/es\/wp-json\/wp\/v2\/types\/product"}],"version-history":[{"count":1,"href":"https:\/\/gthydraulic.com.tr\/es\/wp-json\/wp\/v2\/product\/29763\/revisions"}],"predecessor-version":[{"id":29769,"href":"https:\/\/gthydraulic.com.tr\/es\/wp-json\/wp\/v2\/product\/29763\/revisions\/29769"}],"wp:featuredmedia":[{"embeddable":true,"href":"https:\/\/gthydraulic.com.tr\/es\/wp-json\/wp\/v2\/media\/28947"}],"wp:attachment":[{"href":"https:\/\/gthydraulic.com.tr\/es\/wp-json\/wp\/v2\/media?parent=29763"}],"wp:term":[{"taxonomy":"product_brand","embeddable":true,"href":"https:\/\/gthydraulic.com.tr\/es\/wp-json\/wp\/v2\/product_brand?post=29763"},{"taxonomy":"product_cat","embeddable":true,"href":"https:\/\/gthydraulic.com.tr\/es\/wp-json\/wp\/v2\/product_cat?post=29763"},{"taxonomy":"product_tag","embeddable":true,"href":"https:\/\/gthydraulic.com.tr\/es\/wp-json\/wp\/v2\/product_tag?post=29763"}],"curies":[{"name":"wp","href":"https:\/\/api.w.org\/{rel}","templated":true}]}}