{"id":29784,"date":"2025-01-10T00:55:44","date_gmt":"2025-01-09T21:55:44","guid":{"rendered":"https:\/\/gthydraulic.com.tr\/product\/g1-ac-dc-motor-oil-coolers\/"},"modified":"2025-04-29T03:17:41","modified_gmt":"2025-04-29T00:17:41","slug":"g1-ac-dc-motor-oil-coolers","status":"publish","type":"product","link":"https:\/\/gthydraulic.com.tr\/es\/producto\/g1-ac-dc-motor-oil-coolers\/","title":{"rendered":"G1 AC-DC Motor Oil Coolers"},"content":{"rendered":"<h1><strong>Informaci\u00f3n General<\/strong><\/h1>\n<p>La <strong>Serie G<\/strong> es nuestra l\u00ednea de productos utilizada en todos los sistemas industriales.<br \/>\nNuestros productos de enfriamiento hidr\u00e1ulico se fabrican seg\u00fan altos est\u00e1ndares de calidad. Cada etapa, desde la adquisici\u00f3n de materiales hasta la producci\u00f3n y los procesos de control de calidad posteriores a la producci\u00f3n, est\u00e1 bajo estricta inspecci\u00f3n y supervisi\u00f3n.<\/p>\n<h2><strong>Nuestros Productos Est\u00e1n Dise\u00f1ados Para:<\/strong><\/h2>\n<ul>\n<li>Sistemas m\u00f3viles<\/li>\n<li>Aplicaciones de unidades fijas<\/li>\n<li>Sistemas de enfriamiento completos para aplicaciones AC-DC<\/li>\n<\/ul>\n<h2><strong>Caracter\u00edsticas<\/strong><\/h2>\n<ul>\n<li>Presi\u00f3n de Prueba: 30 bar<\/li>\n<li>Presi\u00f3n de Funcionamiento: 25 bar<\/li>\n<li>Adecuado para enfriar aceites sint\u00e9ticos, minerales y ciertos fluidos<\/li>\n<li>El calor del fluido se enfr\u00eda con la ayuda de un ventilador<\/li>\n<li>Utiliza un n\u00facleo de enfriamiento tipo Bar-Placa<\/li>\n<li>Fabricado con material de aluminio flexible 6063<\/li>\n<li>Dise\u00f1ado para adaptarse a todas las condiciones de trabajo<\/li>\n<li>Listo para usar y f\u00e1cil de mantener<\/li>\n<li>Alta eficiencia y rentabilidad<\/li>\n<\/ul>\n","protected":false},"excerpt":{"rendered":"<p>Informaci\u00f3n General La Serie G es nuestra l\u00ednea de productos utilizada en todos los sistemas industriales. Nuestros productos de enfriamiento<\/p>\n","protected":false},"featured_media":28935,"template":"","meta":{"_joinchat":[]},"product_brand":[],"product_cat":[191],"product_tag":[],"class_list":{"0":"post-29784","1":"product","2":"type-product","3":"status-publish","4":"has-post-thumbnail","6":"product_cat-g-series-es","8":"first","9":"instock","10":"shipping-taxable","11":"purchasable","12":"product-type-simple"},"_links":{"self":[{"href":"https:\/\/gthydraulic.com.tr\/es\/wp-json\/wp\/v2\/product\/29784","targetHints":{"allow":["GET"]}}],"collection":[{"href":"https:\/\/gthydraulic.com.tr\/es\/wp-json\/wp\/v2\/product"}],"about":[{"href":"https:\/\/gthydraulic.com.tr\/es\/wp-json\/wp\/v2\/types\/product"}],"version-history":[{"count":1,"href":"https:\/\/gthydraulic.com.tr\/es\/wp-json\/wp\/v2\/product\/29784\/revisions"}],"predecessor-version":[{"id":29795,"href":"https:\/\/gthydraulic.com.tr\/es\/wp-json\/wp\/v2\/product\/29784\/revisions\/29795"}],"wp:featuredmedia":[{"embeddable":true,"href":"https:\/\/gthydraulic.com.tr\/es\/wp-json\/wp\/v2\/media\/28935"}],"wp:attachment":[{"href":"https:\/\/gthydraulic.com.tr\/es\/wp-json\/wp\/v2\/media?parent=29784"}],"wp:term":[{"taxonomy":"product_brand","embeddable":true,"href":"https:\/\/gthydraulic.com.tr\/es\/wp-json\/wp\/v2\/product_brand?post=29784"},{"taxonomy":"product_cat","embeddable":true,"href":"https:\/\/gthydraulic.com.tr\/es\/wp-json\/wp\/v2\/product_cat?post=29784"},{"taxonomy":"product_tag","embeddable":true,"href":"https:\/\/gthydraulic.com.tr\/es\/wp-json\/wp\/v2\/product_tag?post=29784"}],"curies":[{"name":"wp","href":"https:\/\/api.w.org\/{rel}","templated":true}]}}