{"id":29805,"date":"2025-01-10T00:42:51","date_gmt":"2025-01-09T21:42:51","guid":{"rendered":"https:\/\/gthydraulic.com.tr\/product\/b1-230-400-volt-engine-oil-coolers\/"},"modified":"2025-04-29T03:23:57","modified_gmt":"2025-04-29T00:23:57","slug":"b1-230-400-volt-engine-oil-coolers","status":"publish","type":"product","link":"https:\/\/gthydraulic.com.tr\/es\/producto\/b1-230-400-volt-engine-oil-coolers\/","title":{"rendered":"B1 230\/400 Volt Engine Oil Coolers"},"content":{"rendered":"<h1><strong>Informaci\u00f3n General<\/strong><\/h1>\n<p>La <strong>Serie B<\/strong> es nuestra l\u00ednea de productos utilizada en todos los sistemas industriales.<\/p>\n<p>Los productos de enfriamiento hidr\u00e1ulico que ofrecemos se fabrican de acuerdo con altos est\u00e1ndares de calidad. Desde el suministro de materiales hasta la producci\u00f3n y los procesos de control de calidad posteriores a la producci\u00f3n, cada etapa est\u00e1 bajo estricta inspecci\u00f3n y supervisi\u00f3n.<\/p>\n<h2><strong>Productos<\/strong><\/h2>\n<ul>\n<li>Sistemas m\u00f3viles<\/li>\n<li>Aplicaciones de unidades fijas<\/li>\n<\/ul>\n<p>Nuestros productos son sistemas de enfriamiento completos para <strong>aplicaciones AC-DC<\/strong>. Enfriadores completos para aplicaciones de 230-400 voltios AC.<\/p>\n<h2><strong>Propiedades<\/strong><\/h2>\n<ul>\n<li>Presi\u00f3n de Prueba: 30 bar.<\/li>\n<li>Presi\u00f3n de Funcionamiento: 25 bar.<\/li>\n<li>Utilizado para enfriar aceites sint\u00e9ticos, minerales y algunos l\u00edquidos.<\/li>\n<li>El calor del fluido se enfr\u00eda con la ayuda de un ventilador.<\/li>\n<li>Se utiliza una almohadilla de enfriamiento tipo Bar-Placa.<\/li>\n<li>Fabricado con material de aluminio flexible 6063.<\/li>\n<li>Dise\u00f1ado para todo tipo de condiciones de trabajo.<\/li>\n<li>Listo para usar y f\u00e1cil de mantener.<\/li>\n<li>Alta eficiencia y bajo costo.<\/li>\n<\/ul>\n<p><a style=\"display: inline-flex; align-items: center; justify-content: center; background-color: #03588c; color: #ffffff; text-decoration: none; padding: 10px 24px; border-radius: 8px; font-weight: bold; font-size: 16px; height: 50px; line-height: 5px; min-width: 200px; box-shadow: 0 6px 8px rgba(0, 0, 0, 0.1); transition: background-color 0.3s ease, transform 0.3s ease;\" href=\"https:\/\/gthydraulic.com.tr\/wp-content\/uploads\/2025\/01\/B_En.pdf\" target=\"_blank\" rel=\"noopener\"><br \/>\nVer PDF del Producto<br \/>\n<\/a><\/p>\n","protected":false},"excerpt":{"rendered":"<p>Informaci\u00f3n General La Serie B es nuestra l\u00ednea de productos utilizada en todos los sistemas industriales. Los productos de enfriamiento<\/p>\n","protected":false},"featured_media":28941,"template":"","meta":{"_joinchat":[]},"product_brand":[],"product_cat":[190],"product_tag":[],"class_list":{"0":"post-29805","1":"product","2":"type-product","3":"status-publish","4":"has-post-thumbnail","6":"product_cat-b-series-es","8":"first","9":"instock","10":"shipping-taxable","11":"purchasable","12":"product-type-simple"},"_links":{"self":[{"href":"https:\/\/gthydraulic.com.tr\/es\/wp-json\/wp\/v2\/product\/29805","targetHints":{"allow":["GET"]}}],"collection":[{"href":"https:\/\/gthydraulic.com.tr\/es\/wp-json\/wp\/v2\/product"}],"about":[{"href":"https:\/\/gthydraulic.com.tr\/es\/wp-json\/wp\/v2\/types\/product"}],"version-history":[{"count":2,"href":"https:\/\/gthydraulic.com.tr\/es\/wp-json\/wp\/v2\/product\/29805\/revisions"}],"predecessor-version":[{"id":29815,"href":"https:\/\/gthydraulic.com.tr\/es\/wp-json\/wp\/v2\/product\/29805\/revisions\/29815"}],"wp:featuredmedia":[{"embeddable":true,"href":"https:\/\/gthydraulic.com.tr\/es\/wp-json\/wp\/v2\/media\/28941"}],"wp:attachment":[{"href":"https:\/\/gthydraulic.com.tr\/es\/wp-json\/wp\/v2\/media?parent=29805"}],"wp:term":[{"taxonomy":"product_brand","embeddable":true,"href":"https:\/\/gthydraulic.com.tr\/es\/wp-json\/wp\/v2\/product_brand?post=29805"},{"taxonomy":"product_cat","embeddable":true,"href":"https:\/\/gthydraulic.com.tr\/es\/wp-json\/wp\/v2\/product_cat?post=29805"},{"taxonomy":"product_tag","embeddable":true,"href":"https:\/\/gthydraulic.com.tr\/es\/wp-json\/wp\/v2\/product_tag?post=29805"}],"curies":[{"name":"wp","href":"https:\/\/api.w.org\/{rel}","templated":true}]}}