{"id":29535,"date":"2021-10-12T15:51:09","date_gmt":"2021-10-12T12:51:09","guid":{"rendered":"https:\/\/gthydraulic.com.tr\/about-us\/"},"modified":"2025-04-27T02:28:47","modified_gmt":"2025-04-26T23:28:47","slug":"about-us","status":"publish","type":"page","link":"https:\/\/gthydraulic.com.tr\/fr\/about-us\/","title":{"rendered":"About Us"},"content":{"rendered":"\t\t<div data-elementor-type=\"wp-page\" data-elementor-id=\"29535\" class=\"elementor elementor-29535 elementor-4400\" data-elementor-post-type=\"page\">\n\t\t\t\t<div class=\"wd-negative-gap elementor-element elementor-element-7c7c544 e-flex e-con-boxed e-con e-parent\" data-id=\"7c7c544\" data-element_type=\"container\" data-e-type=\"container\">\n\t\t\t\t\t<div class=\"e-con-inner\">\n\t\t<div class=\"elementor-element elementor-element-e7cb5cd e-con-full e-flex e-con e-child\" data-id=\"e7cb5cd\" data-element_type=\"container\" data-e-type=\"container\">\n\t\t\t\t<div class=\"elementor-element elementor-element-56aec39 elementor-widget elementor-widget-wd_image_or_svg\" data-id=\"56aec39\" data-element_type=\"widget\" data-e-type=\"widget\" data-widget_type=\"wd_image_or_svg.default\">\n\t\t\t\t<div class=\"elementor-widget-container\">\n\t\t\t\t\t\n\t\t<div class=\"wd-image text-left\">\n\t\t\t\t\t\t\t\t<img fetchpriority=\"high\" decoding=\"async\" width=\"1080\" height=\"1080\" src=\"https:\/\/gthydraulic.com.tr\/wp-content\/uploads\/2025\/03\/GT.webp\" class=\"attachment-full size-full\" alt=\"\" srcset=\"https:\/\/gthydraulic.com.tr\/wp-content\/uploads\/2025\/03\/GT.webp 1080w, https:\/\/gthydraulic.com.tr\/wp-content\/uploads\/2025\/03\/GT-300x300.webp 300w, https:\/\/gthydraulic.com.tr\/wp-content\/uploads\/2025\/03\/GT-800x800.webp 800w, https:\/\/gthydraulic.com.tr\/wp-content\/uploads\/2025\/03\/GT-150x150.webp 150w, https:\/\/gthydraulic.com.tr\/wp-content\/uploads\/2025\/03\/GT-768x768.webp 768w, https:\/\/gthydraulic.com.tr\/wp-content\/uploads\/2025\/03\/GT-430x430.webp 430w, https:\/\/gthydraulic.com.tr\/wp-content\/uploads\/2025\/03\/GT-700x700.webp 700w\" sizes=\"(max-width: 1080px) 100vw, 1080px\" \/>\t\t\t\t\t<\/div>\n\n\t\t\t\t\t\t<\/div>\n\t\t\t\t<\/div>\n\t\t\t\t<\/div>\n\t\t<div class=\"elementor-element elementor-element-97d6084 e-con-full e-flex e-con e-child\" data-id=\"97d6084\" data-element_type=\"container\" data-e-type=\"container\">\n\t\t\t\t<div class=\"elementor-element elementor-element-66e47ad elementor-widget elementor-widget-wd_text_block\" data-id=\"66e47ad\" data-element_type=\"widget\" data-e-type=\"widget\" data-widget_type=\"wd_text_block.default\">\n\t\t\t\t<div class=\"elementor-widget-container\">\n\t\t\t\t\t\t\t<div class=\"wd-text-block reset-last-child text-left\">\n\t\t\t\n\t\t\t<h2 style=\"color: #03588c;\"><strong>Production de Qualit\u00e9, Solutions Fiables<\/strong><\/h2><p>Chez GT Hydraulic, nous sommes sp\u00e9cialis\u00e9s dans la production de syst\u00e8mes de refroidissement d'huile de haute qualit\u00e9, con\u00e7us pour r\u00e9pondre aux exigences des applications industrielles modernes. Forts de d\u00e9cennies d'exp\u00e9rience, nous nous engageons \u00e0 fournir des solutions alliant durabilit\u00e9, efficacit\u00e9 et fiabilit\u00e9.<\/p><p>Nos syst\u00e8mes de refroidissement d'huile hydraulique sont con\u00e7us pour fonctionner dans des conditions difficiles tout en maintenant une efficacit\u00e9 optimale. Gr\u00e2ce \u00e0 la technologie avanc\u00e9e de refroidissement par plaques et \u00e0 des mat\u00e9riaux de qualit\u00e9 sup\u00e9rieure comme l'aluminium 6063, nos produits garantissent des performances durables et une dissipation thermique sup\u00e9rieure.<\/p><p>Les syst\u00e8mes de refroidissement d'huile de GT Hydraulic conviennent \u00e0 une vari\u00e9t\u00e9 d'applications, y compris les syst\u00e8mes mobiles, les unit\u00e9s fixes et les syst\u00e8mes de refroidissement AD-DC. Con\u00e7us avec flexibilit\u00e9 et adaptabilit\u00e9, ils refroidissent efficacement les huiles synth\u00e9tiques et min\u00e9rales ainsi que d'autres fluides industriels.<\/p><p>Nous accordons la priorit\u00e9 \u00e0 la satisfaction de nos clients en fournissant des syst\u00e8mes pr\u00eats \u00e0 l'emploi, faciles \u00e0 entretenir, rentables et con\u00e7us pour une int\u00e9gration sans faille dans les installations existantes. Avec un accent sur l'innovation et la qualit\u00e9, GT Hydraulic continue d'\u00eatre le choix de confiance des professionnels du monde entier.<\/p>\n\t\t\t\t\t<\/div>\n\t\t\t\t\t\t<\/div>\n\t\t\t\t<\/div>\n\t\t\t\t<\/div>\n\t\t\t\t\t<\/div>\n\t\t\t\t<\/div>\n\t\t<div class=\"wd-negative-gap elementor-element elementor-element-5ff2e5d e-flex e-con-boxed elementor-invisible e-con e-parent\" data-id=\"5ff2e5d\" data-element_type=\"container\" data-e-type=\"container\" data-settings=\"{&quot;animation&quot;:&quot;fadeInUp&quot;}\">\n\t\t\t\t\t<div class=\"e-con-inner\">\n\t\t<div class=\"elementor-element elementor-element-7240520 e-con-full e-flex e-con e-child\" data-id=\"7240520\" data-element_type=\"container\" data-e-type=\"container\">\n\t\t\t\t<div class=\"elementor-element elementor-element-82542c5 elementor-widget elementor-widget-wd_text_block\" data-id=\"82542c5\" data-element_type=\"widget\" data-e-type=\"widget\" data-widget_type=\"wd_text_block.default\">\n\t\t\t\t<div class=\"elementor-widget-container\">\n\t\t\t\t\t\t\t<div class=\"wd-text-block reset-last-child text-left\">\n\t\t\t\n\t\t\t<h3><span style=\"color: #03588c;\">Usine de Production Moderne et Spacieuse<\/span><\/h3><p>Notre usine, situ\u00e9e \u00e0 Konya, offre une production \u00e0 haute capacit\u00e9 et efficace avec environ 8 000 m\u00e8tres carr\u00e9s d'espace de fabrication. Cette installation moderne et spacieuse est con\u00e7ue pour la production de syst\u00e8mes de refroidissement hydraulique et de radiateurs de haute qualit\u00e9.<\/p><h3><span style=\"color: #03588c;\">Technologie et Sensibilit\u00e9 Environnementale<\/span><\/h3><p>\u00c9quip\u00e9e de technologies de pointe, notre usine se distingue par ses processus de production \u00e9conomes en \u00e9nergie et respectueux de l'environnement. Nos produits innovants offrent des performances \u00e9lev\u00e9es et une grande efficacit\u00e9 dans les secteurs industriel et automobile.<\/p><h3><span style=\"color: #03588c;\">Forte Collaboration et Orientation Client<\/span><\/h3><p>GT Hydraulic est un partenaire fiable pour les projets hydrauliques et de refroidissement, offrant des solutions personnalis\u00e9es pour r\u00e9pondre aux besoins de nos clients. Gr\u00e2ce \u00e0 notre approche qui apporte de la valeur aux projets de toutes tailles, nous visons \u00e0 assurer une haute satisfaction de la client\u00e8le.<\/p>\n\t\t\t\t\t<\/div>\n\t\t\t\t\t\t<\/div>\n\t\t\t\t<\/div>\n\t\t\t\t<\/div>\n\t\t<div class=\"elementor-element elementor-element-ad611e8 e-con-full e-flex e-con e-child\" data-id=\"ad611e8\" data-element_type=\"container\" data-e-type=\"container\">\n\t\t\t\t<div class=\"elementor-element elementor-element-deae098 elementor-widget elementor-widget-wd_image_or_svg\" data-id=\"deae098\" data-element_type=\"widget\" data-e-type=\"widget\" data-widget_type=\"wd_image_or_svg.default\">\n\t\t\t\t<div class=\"elementor-widget-container\">\n\t\t\t\t\t\n\t\t<div class=\"wd-image text-left\">\n\t\t\t\t\t\t\t\t<img decoding=\"async\" width=\"1443\" height=\"907\" src=\"https:\/\/gthydraulic.com.tr\/wp-content\/uploads\/2025\/03\/gt-hydraulic-oil-cooler-systems-gt-hydraulicgt-hydraulic-oil-cooler-systems-gt-hydraulicgt-hydraulic-oil-cooler-systems-gt-hydraulic-gt-hydraulic-gt-hydraulic.webp.webp\" class=\"attachment-full size-full\" alt=\"\" srcset=\"https:\/\/gthydraulic.com.tr\/wp-content\/uploads\/2025\/03\/gt-hydraulic-oil-cooler-systems-gt-hydraulicgt-hydraulic-oil-cooler-systems-gt-hydraulicgt-hydraulic-oil-cooler-systems-gt-hydraulic-gt-hydraulic-gt-hydraulic.webp.webp 1443w, https:\/\/gthydraulic.com.tr\/wp-content\/uploads\/2025\/03\/gt-hydraulic-oil-cooler-systems-gt-hydraulicgt-hydraulic-oil-cooler-systems-gt-hydraulicgt-hydraulic-oil-cooler-systems-gt-hydraulic-gt-hydraulic-gt-hydraulic.webp-400x251.webp 400w, https:\/\/gthydraulic.com.tr\/wp-content\/uploads\/2025\/03\/gt-hydraulic-oil-cooler-systems-gt-hydraulicgt-hydraulic-oil-cooler-systems-gt-hydraulicgt-hydraulic-oil-cooler-systems-gt-hydraulic-gt-hydraulic-gt-hydraulic.webp-1273x800.webp 1273w, https:\/\/gthydraulic.com.tr\/wp-content\/uploads\/2025\/03\/gt-hydraulic-oil-cooler-systems-gt-hydraulicgt-hydraulic-oil-cooler-systems-gt-hydraulicgt-hydraulic-oil-cooler-systems-gt-hydraulic-gt-hydraulic-gt-hydraulic.webp-768x483.webp 768w, https:\/\/gthydraulic.com.tr\/wp-content\/uploads\/2025\/03\/gt-hydraulic-oil-cooler-systems-gt-hydraulicgt-hydraulic-oil-cooler-systems-gt-hydraulicgt-hydraulic-oil-cooler-systems-gt-hydraulic-gt-hydraulic-gt-hydraulic.webp-430x270.webp 430w, https:\/\/gthydraulic.com.tr\/wp-content\/uploads\/2025\/03\/gt-hydraulic-oil-cooler-systems-gt-hydraulicgt-hydraulic-oil-cooler-systems-gt-hydraulicgt-hydraulic-oil-cooler-systems-gt-hydraulic-gt-hydraulic-gt-hydraulic.webp-700x440.webp 700w, https:\/\/gthydraulic.com.tr\/wp-content\/uploads\/2025\/03\/gt-hydraulic-oil-cooler-systems-gt-hydraulicgt-hydraulic-oil-cooler-systems-gt-hydraulicgt-hydraulic-oil-cooler-systems-gt-hydraulic-gt-hydraulic-gt-hydraulic.webp-150x94.webp 150w\" sizes=\"(max-width: 1443px) 100vw, 1443px\" \/>\t\t\t\t\t<\/div>\n\n\t\t\t\t\t\t<\/div>\n\t\t\t\t<\/div>\n\t\t\t\t<\/div>\n\t\t\t\t\t<\/div>\n\t\t\t\t<\/div>\n\t\t<div class=\"wd-negative-gap elementor-element elementor-element-f168c0a e-flex e-con-boxed e-con e-parent\" data-id=\"f168c0a\" data-element_type=\"container\" data-e-type=\"container\">\n\t\t\t\t\t<div class=\"e-con-inner\">\n\t\t<div class=\"elementor-element elementor-element-5642404 e-con-full e-flex e-con e-child\" data-id=\"5642404\" data-element_type=\"container\" data-e-type=\"container\">\n\t\t\t\t<div class=\"elementor-element elementor-element-6cf5219 wd-width-100 elementor-widget elementor-widget-wd_video\" data-id=\"6cf5219\" data-element_type=\"widget\" data-e-type=\"widget\" data-widget_type=\"wd_video.default\">\n\t\t\t\t<div class=\"elementor-widget-container\">\n\t\t\t\t\t\n\t\t<div class=\"wd-el-video wd-action-overlay wd-video-hosted wd-with-aspect-ratio wd-lightbox\">\n\t\t\t\t\t\t\t<div class=\"wd-popup wd-with-video wd-video-popup mfp-hide\" id=\"69e39755ba83c\"><video data-lazy-load=\"https:\/\/gthydraulic.com.tr\/wp-content\/uploads\/2025\/03\/Gt-Hydraulic-15.01.2025.mp4\" playsinline muted controls><\/video><\/div>\t\t\t\n\t\t\t\n\t\t\t\n\t\t\t\t\t\t\t<div class=\"wd-el-video-overlay wd-fill\">\n\t\t\t\t\t<img decoding=\"async\" width=\"2560\" height=\"500\" src=\"https:\/\/gthydraulic.com.tr\/wp-content\/uploads\/2025\/03\/gt-hydraulic-oil-cooler-systems-gt-hydraulic-gt-hydraulic-oil-cooler-systems-gt-hydraulic.webp\" class=\"attachment-full size-full\" alt=\"\" \/>\t\t\t\t<\/div>\n\t\t\t\t<div class=\"wd-el-video-control color-scheme-light wd-fill\">\n\t\t\t\t\t<span class=\"wd-el-video-play-btn\"><\/span>\n\t\t\t\t\t\t\t\t\t<\/div>\n\n\t\t\t\t<a class=\"wd-el-video-link wd-el-video-btn-overlay wd-fill wd-el-video-lightbox wd-el-video-hosted\" href=\"#69e39755ba83c\"><\/a>\n\t\t\t\t\t<\/div>\n\t\t\t\t\t\t<\/div>\n\t\t\t\t<\/div>\n\t\t\t\t<\/div>\n\t\t<div class=\"elementor-element elementor-element-b67633c e-con-full e-flex e-con e-child\" data-id=\"b67633c\" data-element_type=\"container\" data-e-type=\"container\">\n\t\t\t\t<div class=\"elementor-element elementor-element-30ae1e0 elementor-widget elementor-widget-wd_text_block\" data-id=\"30ae1e0\" data-element_type=\"widget\" data-e-type=\"widget\" data-widget_type=\"wd_text_block.default\">\n\t\t\t\t<div class=\"elementor-widget-container\">\n\t\t\t\t\t\t\t<div class=\"wd-text-block reset-last-child text-left\">\n\t\t\t\n\t\t\t<h3><span style=\"color: #03588c;\">Solutions Puissantes avec GT Hydraulic<\/span><\/h3><p>Gr\u00e2ce \u00e0 nos syst\u00e8mes modernes de refroidissement hydraulique et de radiateurs, nous fournissons des solutions performantes et durables pour les secteurs industriel et automobile. Gr\u00e2ce \u00e0 des technologies de production avanc\u00e9es, nous visons \u00e0 contribuer \u00e0 la fois \u00e0 l'efficacit\u00e9 \u00e9nerg\u00e9tique et \u00e0 la durabilit\u00e9 environnementale.<\/p><p>Notre \u00e9quipe d'experts est \u00e0 vos c\u00f4t\u00e9s \u00e0 chaque \u00e9tape de vos projets. Avec des solutions sur mesure et notre engagement envers une qualit\u00e9 \u00e9lev\u00e9e, nous sommes pr\u00eats \u00e0 faire la diff\u00e9rence dans vos processus d'affaires. Collaborez avec nous pour b\u00e9n\u00e9ficier d'un partenaire fiable pour vos projets hydrauliques.<\/p>\n\t\t\t\t\t<\/div>\n\t\t\t\t\t\t<\/div>\n\t\t\t\t<\/div>\n\t\t\t\t<div class=\"elementor-element elementor-element-7eb1562 elementor-invisible elementor-widget elementor-widget-button\" data-id=\"7eb1562\" data-element_type=\"widget\" data-e-type=\"widget\" data-settings=\"{&quot;_animation&quot;:&quot;fadeInRight&quot;}\" data-widget_type=\"button.default\">\n\t\t\t\t<div class=\"elementor-widget-container\">\n\t\t\t\t\t\t\t\t\t<div class=\"elementor-button-wrapper\">\n\t\t\t\t\t<a class=\"elementor-button elementor-button-link elementor-size-sm\" href=\"tel:03325016999\">\n\t\t\t\t\t\t<span class=\"elementor-button-content-wrapper\">\n\t\t\t\t\t\t<span class=\"elementor-button-icon\">\n\t\t\t\t<svg aria-hidden=\"true\" class=\"e-font-icon-svg e-fas-phone-alt\" viewBox=\"0 0 512 512\" xmlns=\"http:\/\/www.w3.org\/2000\/svg\"><path d=\"M497.39 361.8l-112-48a24 24 0 0 0-28 6.9l-49.6 60.6A370.66 370.66 0 0 1 130.6 204.11l60.6-49.6a23.94 23.94 0 0 0 6.9-28l-48-112A24.16 24.16 0 0 0 122.6.61l-104 24A24 24 0 0 0 0 48c0 256.5 207.9 464 464 464a24 24 0 0 0 23.4-18.6l24-104a24.29 24.29 0 0 0-14.01-27.6z\"><\/path><\/svg>\t\t\t<\/span>\n\t\t\t\t\t\t\t\t\t<span class=\"elementor-button-text\">Appelez maintenant<\/span>\n\t\t\t\t\t<\/span>\n\t\t\t\t\t<\/a>\n\t\t\t\t<\/div>\n\t\t\t\t\t\t\t\t<\/div>\n\t\t\t\t<\/div>\n\t\t\t\t<\/div>\n\t\t\t\t\t<\/div>\n\t\t\t\t<\/div>\n\t\t\t\t<\/div>\n\t\t","protected":false},"excerpt":{"rendered":"<p>Production de Qualit\u00e9, Solutions Fiables Chez GT Hydraulic, nous sommes sp\u00e9cialis\u00e9s dans la production de syst\u00e8mes de refroidissement d&rsquo;huile de<\/p>\n","protected":false},"author":1,"featured_media":0,"parent":0,"menu_order":0,"comment_status":"closed","ping_status":"closed","template":"","meta":{"_joinchat":[],"footnotes":""},"class_list":["post-29535","page","type-page","status-publish","hentry"],"_links":{"self":[{"href":"https:\/\/gthydraulic.com.tr\/fr\/wp-json\/wp\/v2\/pages\/29535","targetHints":{"allow":["GET"]}}],"collection":[{"href":"https:\/\/gthydraulic.com.tr\/fr\/wp-json\/wp\/v2\/pages"}],"about":[{"href":"https:\/\/gthydraulic.com.tr\/fr\/wp-json\/wp\/v2\/types\/page"}],"author":[{"embeddable":true,"href":"https:\/\/gthydraulic.com.tr\/fr\/wp-json\/wp\/v2\/users\/1"}],"replies":[{"embeddable":true,"href":"https:\/\/gthydraulic.com.tr\/fr\/wp-json\/wp\/v2\/comments?post=29535"}],"version-history":[{"count":3,"href":"https:\/\/gthydraulic.com.tr\/fr\/wp-json\/wp\/v2\/pages\/29535\/revisions"}],"predecessor-version":[{"id":29539,"href":"https:\/\/gthydraulic.com.tr\/fr\/wp-json\/wp\/v2\/pages\/29535\/revisions\/29539"}],"wp:attachment":[{"href":"https:\/\/gthydraulic.com.tr\/fr\/wp-json\/wp\/v2\/media?parent=29535"}],"curies":[{"name":"wp","href":"https:\/\/api.w.org\/{rel}","templated":true}]}}