{"id":29556,"date":"2025-03-06T02:31:43","date_gmt":"2025-03-05T23:31:43","guid":{"rendered":"https:\/\/gthydraulic.com.tr\/product\/ms-0060\/"},"modified":"2025-04-28T21:06:05","modified_gmt":"2025-04-28T18:06:05","slug":"ms-0060","status":"publish","type":"product","link":"https:\/\/gthydraulic.com.tr\/fr\/produit\/ms-0060\/","title":{"rendered":"MS0060"},"content":{"rendered":"<h4>Informations G\u00e9n\u00e9rales sur le Produit<\/h4>\n<ul>\n<li><strong>Mat\u00e9riau Principal :<\/strong> Aluminium<\/li>\n<li><strong>Mat\u00e9riau du Ventilateur \/ Protection du Ventilateur :<\/strong> M\u00e9tal ou Plastique Rigide<\/li>\n<li><strong>Temp\u00e9rature Maximale de Fonctionnement :<\/strong> 120\u00b0C<\/li>\n<li><strong>Pression d\u2019Essai :<\/strong> 30 Bar<\/li>\n<li><strong>Pression de Fonctionnement :<\/strong> 20 Bar<\/li>\n<li><strong>Domaines d\u2019Application :<\/strong> Applications Industrielles Mobiles et Stationnaires<\/li>\n<\/ul>\n<p><strong>Les \u00e9changeurs de chaleur air-huile \u00ab\u00a0GT HYDRAULIC\u00a0\u00bb<\/strong> sont utilis\u00e9s pour refroidir l\u2019huile du syst\u00e8me hydraulique en faisant circuler l\u2019air ambiant \u00e0 travers les noyaux via des ventilateurs\/moteurs \u00e9lectriques. Gr\u00e2ce aux caract\u00e9ristiques des ailettes de refroidissement, ils augmentent la turbulence du fluide et donc la capacit\u00e9 d\u2019\u00e9change thermique. De plus, les structures sp\u00e9ciales des ailettes de refroidissement am\u00e9liorent le coefficient global de transfert de chaleur. C\u2019est un produit compact, l\u00e9ger, durable et technologique.<\/p>\n<h4>Installation<\/h4>\n<p>Pour maintenir le flux d\u2019air naturel, les radiateurs peuvent \u00eatre install\u00e9s horizontalement en respectant une distance minimale avec le mur. Les \u00e9changeurs de chaleur sont g\u00e9n\u00e9ralement install\u00e9s sur les tuyaux de retour du r\u00e9servoir d&rsquo;huile dans le syst\u00e8me. Ils doivent \u00eatre prot\u00e9g\u00e9s contre les chocs et les vibrations m\u00e9caniques avec des supports, et reli\u00e9s au syst\u00e8me par des tuyaux flexibles. Nous recommandons d\u2019installer une valve de d\u00e9rivation pour prot\u00e9ger le radiateur contre toute pression \u00e9lev\u00e9e impr\u00e9vue pouvant survenir lors du fonctionnement du syst\u00e8me.<\/p>\n<h5>N&rsquo;oubliez pas de consulter le catalogue GT Hydraulic pour tous les d\u00e9tails techniques.<\/h5>\n<p><a class=\"custom-button\" href=\"https:\/\/gthydraulic.com.tr\/wp-content\/uploads\/2025\/03\/gt-hydraulic-technical-detail_compressed.pdf\" target=\"_blank\" rel=\"noopener\"><br \/>\nConsulter le PDF du Produit<br \/>\n<\/a><\/p>\n","protected":false},"excerpt":{"rendered":"<p><img decoding=\"async\" class=\"alignnone size-medium wp-image-27404\" src=\"https:\/\/gthydraulic.com.tr\/wp-content\/uploads\/2025\/03\/01-ms0060-gt-hydraulic-oil-cooler-systems.webp\" alt=\"\" width=\"100%\" height=\"100%\" \/><\/p>\n<p><img decoding=\"async\" class=\"alignnone size-medium wp-image-27404\" src=\"https:\/\/gthydraulic.com.tr\/wp-content\/uploads\/2025\/03\/02-ms0060-gt-hydraulic-oil-cooler-systems.webp\" alt=\"\" width=\"100%\" height=\"100%\" \/><\/p>\n<p><img decoding=\"async\" class=\"alignnone size-medium wp-image-27404\" src=\"https:\/\/gthydraulic.com.tr\/wp-content\/uploads\/2025\/03\/03-ms0060-gt-hydraulic-oil-cooler-systems.webp\" alt=\"\" width=\"100%\" height=\"100%\" \/><\/p>\n","protected":false},"featured_media":29202,"template":"","meta":{"_joinchat":[]},"product_brand":[],"product_cat":[209],"product_tag":[],"class_list":{"0":"post-29556","1":"product","2":"type-product","3":"status-publish","4":"has-post-thumbnail","6":"product_cat-ms-series-fr","8":"first","9":"instock","10":"shipping-taxable","11":"purchasable","12":"product-type-simple"},"_links":{"self":[{"href":"https:\/\/gthydraulic.com.tr\/fr\/wp-json\/wp\/v2\/product\/29556","targetHints":{"allow":["GET"]}}],"collection":[{"href":"https:\/\/gthydraulic.com.tr\/fr\/wp-json\/wp\/v2\/product"}],"about":[{"href":"https:\/\/gthydraulic.com.tr\/fr\/wp-json\/wp\/v2\/types\/product"}],"version-history":[{"count":2,"href":"https:\/\/gthydraulic.com.tr\/fr\/wp-json\/wp\/v2\/product\/29556\/revisions"}],"predecessor-version":[{"id":29581,"href":"https:\/\/gthydraulic.com.tr\/fr\/wp-json\/wp\/v2\/product\/29556\/revisions\/29581"}],"wp:featuredmedia":[{"embeddable":true,"href":"https:\/\/gthydraulic.com.tr\/fr\/wp-json\/wp\/v2\/media\/29202"}],"wp:attachment":[{"href":"https:\/\/gthydraulic.com.tr\/fr\/wp-json\/wp\/v2\/media?parent=29556"}],"wp:term":[{"taxonomy":"product_brand","embeddable":true,"href":"https:\/\/gthydraulic.com.tr\/fr\/wp-json\/wp\/v2\/product_brand?post=29556"},{"taxonomy":"product_cat","embeddable":true,"href":"https:\/\/gthydraulic.com.tr\/fr\/wp-json\/wp\/v2\/product_cat?post=29556"},{"taxonomy":"product_tag","embeddable":true,"href":"https:\/\/gthydraulic.com.tr\/fr\/wp-json\/wp\/v2\/product_tag?post=29556"}],"curies":[{"name":"wp","href":"https:\/\/api.w.org\/{rel}","templated":true}]}}