{"id":29710,"date":"2025-03-06T02:22:00","date_gmt":"2025-03-05T23:22:00","guid":{"rendered":"https:\/\/gthydraulic.com.tr\/product\/ms-0005\/"},"modified":"2025-04-29T02:49:37","modified_gmt":"2025-04-28T23:49:37","slug":"ms-0005","status":"publish","type":"product","link":"https:\/\/gthydraulic.com.tr\/fr\/produit\/ms-0005\/","title":{"rendered":"MS0005"},"content":{"rendered":"<h4>Informations G\u00e9n\u00e9rales sur le Produit<\/h4>\n<ul>\n<li><strong>Mat\u00e9riau Principal :<\/strong> Aluminium<\/li>\n<li><strong>Mat\u00e9riau du Ventilateur \/ Protection du Ventilateur :<\/strong> M\u00e9tal ou Plastique Rigide<\/li>\n<li><strong>Temp\u00e9rature Maximale de Fonctionnement :<\/strong> 120\u00b0C<\/li>\n<li><strong>Pression d\u2019Essai :<\/strong> 30 Bar<\/li>\n<li><strong>Pression de Fonctionnement :<\/strong> 20 Bar<\/li>\n<li><strong>Domaines d\u2019Application :<\/strong> Applications Industrielles Mobiles et Stationnaires<\/li>\n<\/ul>\n<p><strong>Les \u00e9changeurs de chaleur air-huile \u00ab\u00a0GT HYDRAULIC\u00a0\u00bb<\/strong> sont utilis\u00e9s pour refroidir l&rsquo;huile dans le syst\u00e8me hydraulique en faisant passer l&rsquo;air ambiant \u00e0 travers les noyaux via des ventilateurs ou des moteurs \u00e9lectriques. Gr\u00e2ce aux caract\u00e9ristiques des ailettes de refroidissement, la turbulence du fluide augmente, ce qui am\u00e9liore la capacit\u00e9 d&rsquo;\u00e9change thermique. De plus, les structures sp\u00e9ciales des ailettes augmentent le coefficient global de transfert thermique. C&rsquo;est un produit compact, l\u00e9ger, durable et technologique.<\/p>\n<h4>Installation<\/h4>\n<p>Pour maintenir le flux d&rsquo;air naturel, les radiateurs peuvent \u00eatre install\u00e9s horizontalement, en respectant une distance minimale par rapport au mur. Les \u00e9changeurs de chaleur sont g\u00e9n\u00e9ralement install\u00e9s sur les tuyaux de retour du r\u00e9servoir d&rsquo;huile dans le syst\u00e8me. Ils doivent \u00eatre prot\u00e9g\u00e9s contre les chocs et les vibrations m\u00e9caniques \u00e0 l&rsquo;aide de supports et \u00eatre raccord\u00e9s au syst\u00e8me avec des tuyaux flexibles. Nous recommandons d&rsquo;installer une vanne de d\u00e9rivation pour prot\u00e9ger le radiateur contre des pressions \u00e9lev\u00e9es impr\u00e9vues pouvant survenir lors du fonctionnement du syst\u00e8me.<\/p>\n<h5>N&rsquo;oubliez pas de consulter le catalogue GT Hydraulic pour tous les d\u00e9tails techniques.<\/h5>\n<p><a class=\"custom-button\" href=\"https:\/\/gthydraulic.com.tr\/wp-content\/uploads\/2025\/03\/gt-hydraulic-technical-detail_compressed.pdf\" target=\"_blank\" rel=\"noopener\"><br \/>\nConsulter le PDF du Produit<br \/>\n<\/a><\/p>\n","protected":false},"excerpt":{"rendered":"<p><img decoding=\"async\" class=\"alignnone size-medium wp-image-27404\" src=\"https:\/\/gthydraulic.com.tr\/wp-content\/uploads\/2025\/03\/01-ms0005-gt-hydraulic-oil-cooler-systems.webp\" alt=\"\" width=\"100%\" height=\"100%\" \/><\/p>\n<p><img decoding=\"async\" class=\"alignnone size-medium wp-image-27404\" src=\"https:\/\/gthydraulic.com.tr\/wp-content\/uploads\/2025\/03\/02-ms0005-gt-hydraulic-oil-cooler-systems.webp\" alt=\"\" width=\"100%\" height=\"100%\" \/><\/p>\n<p><img decoding=\"async\" class=\"alignnone size-medium wp-image-27404\" src=\"https:\/\/gthydraulic.com.tr\/wp-content\/uploads\/2025\/03\/03-ms0005-gt-hydraulic-oil-cooler-systems.webp\" alt=\"\" width=\"100%\" height=\"100%\" \/><\/p>\n","protected":false},"featured_media":29058,"template":"","meta":{"_joinchat":[]},"product_brand":[],"product_cat":[209],"product_tag":[],"class_list":{"0":"post-29710","1":"product","2":"type-product","3":"status-publish","4":"has-post-thumbnail","6":"product_cat-ms-series-fr","8":"first","9":"instock","10":"shipping-taxable","11":"purchasable","12":"product-type-simple"},"_links":{"self":[{"href":"https:\/\/gthydraulic.com.tr\/fr\/wp-json\/wp\/v2\/product\/29710","targetHints":{"allow":["GET"]}}],"collection":[{"href":"https:\/\/gthydraulic.com.tr\/fr\/wp-json\/wp\/v2\/product"}],"about":[{"href":"https:\/\/gthydraulic.com.tr\/fr\/wp-json\/wp\/v2\/types\/product"}],"version-history":[{"count":1,"href":"https:\/\/gthydraulic.com.tr\/fr\/wp-json\/wp\/v2\/product\/29710\/revisions"}],"predecessor-version":[{"id":29716,"href":"https:\/\/gthydraulic.com.tr\/fr\/wp-json\/wp\/v2\/product\/29710\/revisions\/29716"}],"wp:featuredmedia":[{"embeddable":true,"href":"https:\/\/gthydraulic.com.tr\/fr\/wp-json\/wp\/v2\/media\/29058"}],"wp:attachment":[{"href":"https:\/\/gthydraulic.com.tr\/fr\/wp-json\/wp\/v2\/media?parent=29710"}],"wp:term":[{"taxonomy":"product_brand","embeddable":true,"href":"https:\/\/gthydraulic.com.tr\/fr\/wp-json\/wp\/v2\/product_brand?post=29710"},{"taxonomy":"product_cat","embeddable":true,"href":"https:\/\/gthydraulic.com.tr\/fr\/wp-json\/wp\/v2\/product_cat?post=29710"},{"taxonomy":"product_tag","embeddable":true,"href":"https:\/\/gthydraulic.com.tr\/fr\/wp-json\/wp\/v2\/product_tag?post=29710"}],"curies":[{"name":"wp","href":"https:\/\/api.w.org\/{rel}","templated":true}]}}