{"id":29745,"date":"2025-01-10T01:04:15","date_gmt":"2025-01-09T22:04:15","guid":{"rendered":"https:\/\/gthydraulic.com.tr\/product\/m1-ac-dc-motor-oil-coolers\/"},"modified":"2025-04-29T03:05:35","modified_gmt":"2025-04-29T00:05:35","slug":"m1-ac-dc-motor-oil-coolers","status":"publish","type":"product","link":"https:\/\/gthydraulic.com.tr\/fr\/produit\/m1-ac-dc-motor-oil-coolers\/","title":{"rendered":"M1 AC-DC Motor Oil Coolers"},"content":{"rendered":"<h1><strong>Informations G\u00e9n\u00e9rales<\/strong><\/h1>\n<p>La <strong>S\u00e9rie M<\/strong> est notre gamme de produits utilis\u00e9e dans tous les syst\u00e8mes industriels.<br \/>\nLes produits de refroidissement hydraulique que nous proposons sont fabriqu\u00e9s selon des normes de qualit\u00e9 \u00e9lev\u00e9es. De l&rsquo;approvisionnement en mat\u00e9riaux \u00e0 la production en passant par les processus de contr\u00f4le qualit\u00e9 post-production, chaque \u00e9tape est soumise \u00e0 un contr\u00f4le et \u00e0 une surveillance stricts.<\/p>\n<h2><strong>Produits<\/strong><\/h2>\n<ul>\n<li>Syst\u00e8mes mobiles<\/li>\n<li>Applications d&rsquo;unit\u00e9s fixes<\/li>\n<li>Syst\u00e8mes de refroidissement complets pour applications AC-DC<\/li>\n<\/ul>\n<h2><strong>Caract\u00e9ristiques<\/strong><\/h2>\n<ul>\n<li>Pression d&rsquo;Essai : 30 bar<\/li>\n<li>Pression de Fonctionnement : 25 bar<\/li>\n<li>Utilis\u00e9 pour refroidir les huiles synth\u00e9tiques, min\u00e9rales et certains liquides<\/li>\n<li>La chaleur dans le fluide est refroidie \u00e0 l&rsquo;aide d&rsquo;un ventilateur<\/li>\n<li>Utilisation d&rsquo;un coussin de refroidissement de type Bar-Plate<\/li>\n<li>Utilisation de mat\u00e9riau en aluminium flexible 6063<\/li>\n<li>Con\u00e7u pour tous types de conditions de travail<\/li>\n<li>Pr\u00eat \u00e0 l&#8217;emploi et facile \u00e0 entretenir<\/li>\n<li>Haute efficacit\u00e9 et faible co\u00fbt<\/li>\n<\/ul>\n","protected":false},"excerpt":{"rendered":"<p>Informations G\u00e9n\u00e9rales La S\u00e9rie M est notre gamme de produits utilis\u00e9e dans tous les syst\u00e8mes industriels. Les produits de refroidissement<\/p>\n","protected":false},"featured_media":28950,"template":"","meta":{"_joinchat":[]},"product_brand":[],"product_cat":[208],"product_tag":[],"class_list":{"0":"post-29745","1":"product","2":"type-product","3":"status-publish","4":"has-post-thumbnail","6":"product_cat-m-series-fr","8":"first","9":"instock","10":"shipping-taxable","11":"purchasable","12":"product-type-simple"},"_links":{"self":[{"href":"https:\/\/gthydraulic.com.tr\/fr\/wp-json\/wp\/v2\/product\/29745","targetHints":{"allow":["GET"]}}],"collection":[{"href":"https:\/\/gthydraulic.com.tr\/fr\/wp-json\/wp\/v2\/product"}],"about":[{"href":"https:\/\/gthydraulic.com.tr\/fr\/wp-json\/wp\/v2\/types\/product"}],"version-history":[{"count":1,"href":"https:\/\/gthydraulic.com.tr\/fr\/wp-json\/wp\/v2\/product\/29745\/revisions"}],"predecessor-version":[{"id":29753,"href":"https:\/\/gthydraulic.com.tr\/fr\/wp-json\/wp\/v2\/product\/29745\/revisions\/29753"}],"wp:featuredmedia":[{"embeddable":true,"href":"https:\/\/gthydraulic.com.tr\/fr\/wp-json\/wp\/v2\/media\/28950"}],"wp:attachment":[{"href":"https:\/\/gthydraulic.com.tr\/fr\/wp-json\/wp\/v2\/media?parent=29745"}],"wp:term":[{"taxonomy":"product_brand","embeddable":true,"href":"https:\/\/gthydraulic.com.tr\/fr\/wp-json\/wp\/v2\/product_brand?post=29745"},{"taxonomy":"product_cat","embeddable":true,"href":"https:\/\/gthydraulic.com.tr\/fr\/wp-json\/wp\/v2\/product_cat?post=29745"},{"taxonomy":"product_tag","embeddable":true,"href":"https:\/\/gthydraulic.com.tr\/fr\/wp-json\/wp\/v2\/product_tag?post=29745"}],"curies":[{"name":"wp","href":"https:\/\/api.w.org\/{rel}","templated":true}]}}