{"id":29787,"date":"2025-01-10T00:55:44","date_gmt":"2025-01-09T21:55:44","guid":{"rendered":"https:\/\/gthydraulic.com.tr\/product\/g1-ac-dc-motor-oil-coolers\/"},"modified":"2025-04-29T03:20:41","modified_gmt":"2025-04-29T00:20:41","slug":"g1-ac-dc-motor-oil-coolers","status":"publish","type":"product","link":"https:\/\/gthydraulic.com.tr\/fr\/produit\/g1-ac-dc-motor-oil-coolers\/","title":{"rendered":"G1 AC-DC Motor Oil Coolers"},"content":{"rendered":"<h1><strong>Informations G\u00e9n\u00e9rales<\/strong><\/h1>\n<p>La <strong>S\u00e9rie G<\/strong> est notre gamme de produits utilis\u00e9e dans tous les syst\u00e8mes industriels.<br \/>\nNos produits de refroidissement hydraulique sont fabriqu\u00e9s selon des normes de qualit\u00e9 \u00e9lev\u00e9es. Chaque \u00e9tape, de l&rsquo;approvisionnement en mat\u00e9riaux \u00e0 la production et aux processus de contr\u00f4le qualit\u00e9 post-production, fait l&rsquo;objet d&rsquo;une inspection et d&rsquo;une supervision rigoureuses.<\/p>\n<h2><strong>Nos Produits Sont Con\u00e7us Pour :<\/strong><\/h2>\n<ul>\n<li>Syst\u00e8mes mobiles<\/li>\n<li>Applications d&rsquo;unit\u00e9s fixes<\/li>\n<li>Syst\u00e8mes de refroidissement complets pour applications AC-DC<\/li>\n<\/ul>\n<h2><strong>Caract\u00e9ristiques<\/strong><\/h2>\n<ul>\n<li>Pression d&rsquo;Essai : 30 bar<\/li>\n<li>Pression de Fonctionnement : 25 bar<\/li>\n<li>Convient pour le refroidissement des huiles synth\u00e9tiques, min\u00e9rales et de certains fluides<\/li>\n<li>La chaleur du fluide est refroidie \u00e0 l&rsquo;aide d&rsquo;un ventilateur<\/li>\n<li>Utilise un noyau de refroidissement de type Bar-Platte<\/li>\n<li>Fabriqu\u00e9 en aluminium flexible 6063<\/li>\n<li>Con\u00e7u pour s&rsquo;adapter \u00e0 toutes les conditions de travail<\/li>\n<li>Pr\u00eat \u00e0 l&#8217;emploi et facile \u00e0 entretenir<\/li>\n<li>Haute efficacit\u00e9 et rentabilit\u00e9<\/li>\n<\/ul>\n","protected":false},"excerpt":{"rendered":"<p>Informations G\u00e9n\u00e9rales La S\u00e9rie G est notre gamme de produits utilis\u00e9e dans tous les syst\u00e8mes industriels. Nos produits de refroidissement<\/p>\n","protected":false},"featured_media":28932,"template":"","meta":{"_joinchat":[]},"product_brand":[],"product_cat":[206],"product_tag":[],"class_list":{"0":"post-29787","1":"product","2":"type-product","3":"status-publish","4":"has-post-thumbnail","6":"product_cat-g-series-fr","8":"first","9":"instock","10":"shipping-taxable","11":"purchasable","12":"product-type-simple"},"_links":{"self":[{"href":"https:\/\/gthydraulic.com.tr\/fr\/wp-json\/wp\/v2\/product\/29787","targetHints":{"allow":["GET"]}}],"collection":[{"href":"https:\/\/gthydraulic.com.tr\/fr\/wp-json\/wp\/v2\/product"}],"about":[{"href":"https:\/\/gthydraulic.com.tr\/fr\/wp-json\/wp\/v2\/types\/product"}],"version-history":[{"count":2,"href":"https:\/\/gthydraulic.com.tr\/fr\/wp-json\/wp\/v2\/product\/29787\/revisions"}],"predecessor-version":[{"id":29806,"href":"https:\/\/gthydraulic.com.tr\/fr\/wp-json\/wp\/v2\/product\/29787\/revisions\/29806"}],"wp:featuredmedia":[{"embeddable":true,"href":"https:\/\/gthydraulic.com.tr\/fr\/wp-json\/wp\/v2\/media\/28932"}],"wp:attachment":[{"href":"https:\/\/gthydraulic.com.tr\/fr\/wp-json\/wp\/v2\/media?parent=29787"}],"wp:term":[{"taxonomy":"product_brand","embeddable":true,"href":"https:\/\/gthydraulic.com.tr\/fr\/wp-json\/wp\/v2\/product_brand?post=29787"},{"taxonomy":"product_cat","embeddable":true,"href":"https:\/\/gthydraulic.com.tr\/fr\/wp-json\/wp\/v2\/product_cat?post=29787"},{"taxonomy":"product_tag","embeddable":true,"href":"https:\/\/gthydraulic.com.tr\/fr\/wp-json\/wp\/v2\/product_tag?post=29787"}],"curies":[{"name":"wp","href":"https:\/\/api.w.org\/{rel}","templated":true}]}}