{"id":29811,"date":"2025-01-10T00:42:51","date_gmt":"2025-01-09T21:42:51","guid":{"rendered":"https:\/\/gthydraulic.com.tr\/product\/b1-230-400-volt-engine-oil-coolers\/"},"modified":"2025-04-29T03:26:46","modified_gmt":"2025-04-29T00:26:46","slug":"b1-230-400-volt-engine-oil-coolers","status":"publish","type":"product","link":"https:\/\/gthydraulic.com.tr\/fr\/produit\/b1-230-400-volt-engine-oil-coolers\/","title":{"rendered":"B1 230\/400 Volt Engine Oil Coolers"},"content":{"rendered":"<h1><strong>Informations G\u00e9n\u00e9rales<\/strong><\/h1>\n<p>La <strong>S\u00e9rie B<\/strong> est notre gamme de produits utilis\u00e9e dans tous les syst\u00e8mes industriels.<\/p>\n<p>Les produits de refroidissement hydraulique que nous proposons sont fabriqu\u00e9s conform\u00e9ment \u00e0 des normes de qualit\u00e9 \u00e9lev\u00e9es. Chaque \u00e9tape, de l&rsquo;approvisionnement en mat\u00e9riaux \u00e0 la production et aux processus de contr\u00f4le qualit\u00e9 post-production, fait l&rsquo;objet d&rsquo;une inspection et d&rsquo;une surveillance rigoureuses.<\/p>\n<h2><strong>Produits<\/strong><\/h2>\n<ul>\n<li>Syst\u00e8mes mobiles<\/li>\n<li>Applications d&rsquo;unit\u00e9s fixes<\/li>\n<\/ul>\n<p>Nos produits sont des syst\u00e8mes de refroidissement complets pour les <strong>applications AC-DC<\/strong>. Refroidisseurs complets pour des applications de 230-400 volts AC.<\/p>\n<h2><strong>Caract\u00e9ristiques<\/strong><\/h2>\n<ul>\n<li>Pression d&rsquo;Essai : 30 bar.<\/li>\n<li>Pression de Fonctionnement : 25 bar.<\/li>\n<li>Utilis\u00e9 pour refroidir les huiles synth\u00e9tiques, min\u00e9rales et certains liquides.<\/li>\n<li>La chaleur dans le fluide est refroidie \u00e0 l&rsquo;aide d&rsquo;un ventilateur.<\/li>\n<li>Utilisation d&rsquo;un coussin de refroidissement de type Bar-Platte.<\/li>\n<li>Fabriqu\u00e9 en aluminium flexible 6063.<\/li>\n<li>Con\u00e7u pour toutes les conditions de travail.<\/li>\n<li>Pr\u00eat \u00e0 l&#8217;emploi et facile \u00e0 entretenir.<\/li>\n<li>Haute efficacit\u00e9 et faible co\u00fbt.<\/li>\n<\/ul>\n<p><a style=\"display: inline-flex; align-items: center; justify-content: center; background-color: #03588c; color: #ffffff; text-decoration: none; padding: 10px 24px; border-radius: 8px; font-weight: bold; font-size: 16px; height: 50px; line-height: 5px; min-width: 200px; box-shadow: 0 6px 8px rgba(0, 0, 0, 0.1); transition: background-color 0.3s ease, transform 0.3s ease;\" href=\"https:\/\/gthydraulic.com.tr\/wp-content\/uploads\/2025\/01\/B_En.pdf\" target=\"_blank\" rel=\"noopener\"><br \/>\nVoir le PDF du Produit<br \/>\n<\/a><\/p>\n","protected":false},"excerpt":{"rendered":"<p>Informations G\u00e9n\u00e9rales La S\u00e9rie B est notre gamme de produits utilis\u00e9e dans tous les syst\u00e8mes industriels. Les produits de refroidissement<\/p>\n","protected":false},"featured_media":28938,"template":"","meta":{"_joinchat":[]},"product_brand":[],"product_cat":[205],"product_tag":[],"class_list":{"0":"post-29811","1":"product","2":"type-product","3":"status-publish","4":"has-post-thumbnail","6":"product_cat-b-series-fr","8":"first","9":"instock","10":"shipping-taxable","11":"purchasable","12":"product-type-simple"},"_links":{"self":[{"href":"https:\/\/gthydraulic.com.tr\/fr\/wp-json\/wp\/v2\/product\/29811","targetHints":{"allow":["GET"]}}],"collection":[{"href":"https:\/\/gthydraulic.com.tr\/fr\/wp-json\/wp\/v2\/product"}],"about":[{"href":"https:\/\/gthydraulic.com.tr\/fr\/wp-json\/wp\/v2\/types\/product"}],"version-history":[{"count":2,"href":"https:\/\/gthydraulic.com.tr\/fr\/wp-json\/wp\/v2\/product\/29811\/revisions"}],"predecessor-version":[{"id":29818,"href":"https:\/\/gthydraulic.com.tr\/fr\/wp-json\/wp\/v2\/product\/29811\/revisions\/29818"}],"wp:featuredmedia":[{"embeddable":true,"href":"https:\/\/gthydraulic.com.tr\/fr\/wp-json\/wp\/v2\/media\/28938"}],"wp:attachment":[{"href":"https:\/\/gthydraulic.com.tr\/fr\/wp-json\/wp\/v2\/media?parent=29811"}],"wp:term":[{"taxonomy":"product_brand","embeddable":true,"href":"https:\/\/gthydraulic.com.tr\/fr\/wp-json\/wp\/v2\/product_brand?post=29811"},{"taxonomy":"product_cat","embeddable":true,"href":"https:\/\/gthydraulic.com.tr\/fr\/wp-json\/wp\/v2\/product_cat?post=29811"},{"taxonomy":"product_tag","embeddable":true,"href":"https:\/\/gthydraulic.com.tr\/fr\/wp-json\/wp\/v2\/product_tag?post=29811"}],"curies":[{"name":"wp","href":"https:\/\/api.w.org\/{rel}","templated":true}]}}