{"id":29339,"date":"2021-10-12T15:51:09","date_gmt":"2021-10-12T12:51:09","guid":{"rendered":"https:\/\/gthydraulic.com.tr\/about-us\/"},"modified":"2025-04-24T02:15:52","modified_gmt":"2025-04-23T23:15:52","slug":"about-us","status":"publish","type":"page","link":"https:\/\/gthydraulic.com.tr\/tr\/about-us\/","title":{"rendered":"About Us"},"content":{"rendered":"\t\t<div data-elementor-type=\"wp-page\" data-elementor-id=\"29339\" class=\"elementor elementor-29339 elementor-4400\" data-elementor-post-type=\"page\">\n\t\t\t\t<div class=\"wd-negative-gap elementor-element elementor-element-7c7c544 e-flex e-con-boxed e-con e-parent\" data-id=\"7c7c544\" data-element_type=\"container\" data-e-type=\"container\">\n\t\t\t\t\t<div class=\"e-con-inner\">\n\t\t<div class=\"elementor-element elementor-element-e7cb5cd e-con-full e-flex e-con e-child\" data-id=\"e7cb5cd\" data-element_type=\"container\" data-e-type=\"container\">\n\t\t\t\t<div class=\"elementor-element elementor-element-56aec39 elementor-widget elementor-widget-wd_image_or_svg\" data-id=\"56aec39\" data-element_type=\"widget\" data-e-type=\"widget\" data-widget_type=\"wd_image_or_svg.default\">\n\t\t\t\t<div class=\"elementor-widget-container\">\n\t\t\t\t\t\n\t\t<div class=\"wd-image text-left\">\n\t\t\t\t\t\t\t\t<img fetchpriority=\"high\" decoding=\"async\" width=\"1080\" height=\"1080\" src=\"https:\/\/gthydraulic.com.tr\/wp-content\/uploads\/2025\/03\/GT.webp\" class=\"attachment-full size-full\" alt=\"\" srcset=\"https:\/\/gthydraulic.com.tr\/wp-content\/uploads\/2025\/03\/GT.webp 1080w, https:\/\/gthydraulic.com.tr\/wp-content\/uploads\/2025\/03\/GT-300x300.webp 300w, https:\/\/gthydraulic.com.tr\/wp-content\/uploads\/2025\/03\/GT-800x800.webp 800w, https:\/\/gthydraulic.com.tr\/wp-content\/uploads\/2025\/03\/GT-150x150.webp 150w, https:\/\/gthydraulic.com.tr\/wp-content\/uploads\/2025\/03\/GT-768x768.webp 768w, https:\/\/gthydraulic.com.tr\/wp-content\/uploads\/2025\/03\/GT-430x430.webp 430w, https:\/\/gthydraulic.com.tr\/wp-content\/uploads\/2025\/03\/GT-700x700.webp 700w\" sizes=\"(max-width: 1080px) 100vw, 1080px\" \/>\t\t\t\t\t<\/div>\n\n\t\t\t\t\t\t<\/div>\n\t\t\t\t<\/div>\n\t\t\t\t<\/div>\n\t\t<div class=\"elementor-element elementor-element-97d6084 e-con-full e-flex e-con e-child\" data-id=\"97d6084\" data-element_type=\"container\" data-e-type=\"container\">\n\t\t\t\t<div class=\"elementor-element elementor-element-66e47ad elementor-widget elementor-widget-wd_text_block\" data-id=\"66e47ad\" data-element_type=\"widget\" data-e-type=\"widget\" data-widget_type=\"wd_text_block.default\">\n\t\t\t\t<div class=\"elementor-widget-container\">\n\t\t\t\t\t\t\t<div class=\"wd-text-block reset-last-child text-left\">\n\t\t\t\n\t\t\t<h2 style=\"color: #03588c;\"><strong>Kaliteli \u00dcretim, G\u00fcvenilir \u00c7\u00f6z\u00fcmler<\/strong><\/h2><p>GT Hydraulic olarak, modern end\u00fcstriyel uygulamalar\u0131n zorlu gereksinimlerini kar\u015f\u0131lamak \u00fczere tasarlanm\u0131\u015f y\u00fcksek kaliteli ya\u011f so\u011futucu sistemler \u00fcretiminde uzman\u0131z. Onlarca y\u0131ll\u0131k deneyimimizle, dayan\u0131kl\u0131l\u0131\u011f\u0131, verimlili\u011fi ve g\u00fcvenilirli\u011fi bir araya getiren \u00e7\u00f6z\u00fcmler sunmaya kararl\u0131y\u0131z.<\/p><p>Hidrolik ya\u011f so\u011futucu sistemlerimiz, zorlu ko\u015fullarda optimum verimlili\u011fi koruyacak \u015fekilde tasarlanm\u0131\u015ft\u0131r. Geli\u015fmi\u015f bar-plate so\u011futma teknolojisi ve 6063 al\u00fcminyum gibi kaliteli malzemeler kullan\u0131larak \u00fcretilen \u00fcr\u00fcnlerimiz, uzun \u00f6m\u00fcrl\u00fc performans ve \u00fcst\u00fcn \u0131s\u0131 da\u011f\u0131l\u0131m\u0131 sa\u011flar.<\/p><p>GT Hydraulic'in ya\u011f so\u011futucu sistemleri; mobil sistemler, sabit \u00fcniteler ve AD-DC so\u011futma sistemleri dahil olmak \u00fczere \u00e7e\u015fitli uygulamalar i\u00e7in uygundur. Esneklik ve uyumluluk g\u00f6zetilerek tasarlanan bu sistemler, sentetik ve mineral ya\u011flar ile di\u011fer end\u00fcstriyel s\u0131v\u0131lar\u0131 verimli bir \u015fekilde so\u011futabilir.<\/p><p>M\u00fc\u015fteri memnuniyetini \u00f6n planda tutarak, bak\u0131m\u0131 kolay, maliyet a\u00e7\u0131s\u0131ndan avantajl\u0131 ve mevcut sistemlere sorunsuz entegre olacak \u015fekilde tasarlanm\u0131\u015f, kullan\u0131ma haz\u0131r sistemler sunuyoruz. Yenilik\u00e7ilik ve kaliteye odaklanan GT Hydraulic, d\u00fcnya \u00e7ap\u0131nda profesyonellerin g\u00fcvenilir tercihi olmaya devam etmektedir.<\/p>\n\t\t\t\t\t<\/div>\n\t\t\t\t\t\t<\/div>\n\t\t\t\t<\/div>\n\t\t\t\t<\/div>\n\t\t\t\t\t<\/div>\n\t\t\t\t<\/div>\n\t\t<div class=\"wd-negative-gap elementor-element elementor-element-5ff2e5d e-flex e-con-boxed elementor-invisible e-con e-parent\" data-id=\"5ff2e5d\" data-element_type=\"container\" data-e-type=\"container\" data-settings=\"{&quot;animation&quot;:&quot;fadeInUp&quot;}\">\n\t\t\t\t\t<div class=\"e-con-inner\">\n\t\t<div class=\"elementor-element elementor-element-7240520 e-con-full e-flex e-con e-child\" data-id=\"7240520\" data-element_type=\"container\" data-e-type=\"container\">\n\t\t\t\t<div class=\"elementor-element elementor-element-82542c5 elementor-widget elementor-widget-wd_text_block\" data-id=\"82542c5\" data-element_type=\"widget\" data-e-type=\"widget\" data-widget_type=\"wd_text_block.default\">\n\t\t\t\t<div class=\"elementor-widget-container\">\n\t\t\t\t\t\t\t<div class=\"wd-text-block reset-last-child text-left\">\n\t\t\t\n\t\t\t<h3><span style=\"color: #03588c;\">Modern ve Geni\u015f \u00dcretim Tesisi<\/span><\/h3>\nKonya'da bulunan fabrikam\u0131z, yakla\u015f\u0131k 8.000 metrekarelik \u00fcretim alan\u0131yla y\u00fcksek kapasiteli ve verimli bir \u00fcretim sunmaktad\u0131r. Bu geni\u015f ve modern tesis, y\u00fcksek kaliteli hidrolik so\u011futma ve radyat\u00f6r sistemlerinin \u00fcretimi i\u00e7in tasarlanm\u0131\u015ft\u0131r.\n\n<h3><span style=\"color: #03588c;\">Teknoloji ve \u00c7evresel Duyarl\u0131l\u0131k<\/span><\/h3>\nSon teknoloji ile donat\u0131lm\u0131\u015f olan fabrikam\u0131z, enerji tasarruflu ve \u00e7evre dostu \u00fcretim s\u00fcre\u00e7leriyle \u00f6ne \u00e7\u0131kmaktad\u0131r. Yenilik\u00e7i \u00fcr\u00fcnlerimiz, sanayi ve otomotiv sekt\u00f6rlerinde y\u00fcksek performans ve verimlilik sa\u011flar.\n\n<h3><span style=\"color: #03588c;\">G\u00fc\u00e7l\u00fc \u0130\u015f Birli\u011fi ve M\u00fc\u015fteri Odakl\u0131l\u0131k<\/span><\/h3>\nGT Hydraulic, hidrolik ve so\u011futma projelerinde g\u00fcvenilir bir i\u015f orta\u011f\u0131d\u0131r ve m\u00fc\u015fterilerimizin ihtiya\u00e7lar\u0131na \u00f6zel \u00e7\u00f6z\u00fcmler sunar. Her \u00f6l\u00e7ekteki projeye de\u011fer katan yakla\u015f\u0131m\u0131m\u0131zla, y\u00fcksek m\u00fc\u015fteri memnuniyetini sa\u011flamay\u0131 hedefliyoruz.\n\n\t\t\t\t\t<\/div>\n\t\t\t\t\t\t<\/div>\n\t\t\t\t<\/div>\n\t\t\t\t<\/div>\n\t\t<div class=\"elementor-element elementor-element-ad611e8 e-con-full e-flex e-con e-child\" data-id=\"ad611e8\" data-element_type=\"container\" data-e-type=\"container\">\n\t\t\t\t<div class=\"elementor-element elementor-element-deae098 elementor-widget elementor-widget-wd_image_or_svg\" data-id=\"deae098\" data-element_type=\"widget\" data-e-type=\"widget\" data-widget_type=\"wd_image_or_svg.default\">\n\t\t\t\t<div class=\"elementor-widget-container\">\n\t\t\t\t\t\n\t\t<div class=\"wd-image text-left\">\n\t\t\t\t\t\t\t\t<img decoding=\"async\" width=\"1443\" height=\"907\" src=\"https:\/\/gthydraulic.com.tr\/wp-content\/uploads\/2025\/03\/gt-hydraulic-oil-cooler-systems-gt-hydraulicgt-hydraulic-oil-cooler-systems-gt-hydraulicgt-hydraulic-oil-cooler-systems-gt-hydraulic-gt-hydraulic-gt-hydraulic.webp.webp\" class=\"attachment-full size-full\" alt=\"\" srcset=\"https:\/\/gthydraulic.com.tr\/wp-content\/uploads\/2025\/03\/gt-hydraulic-oil-cooler-systems-gt-hydraulicgt-hydraulic-oil-cooler-systems-gt-hydraulicgt-hydraulic-oil-cooler-systems-gt-hydraulic-gt-hydraulic-gt-hydraulic.webp.webp 1443w, https:\/\/gthydraulic.com.tr\/wp-content\/uploads\/2025\/03\/gt-hydraulic-oil-cooler-systems-gt-hydraulicgt-hydraulic-oil-cooler-systems-gt-hydraulicgt-hydraulic-oil-cooler-systems-gt-hydraulic-gt-hydraulic-gt-hydraulic.webp-400x251.webp 400w, https:\/\/gthydraulic.com.tr\/wp-content\/uploads\/2025\/03\/gt-hydraulic-oil-cooler-systems-gt-hydraulicgt-hydraulic-oil-cooler-systems-gt-hydraulicgt-hydraulic-oil-cooler-systems-gt-hydraulic-gt-hydraulic-gt-hydraulic.webp-1273x800.webp 1273w, https:\/\/gthydraulic.com.tr\/wp-content\/uploads\/2025\/03\/gt-hydraulic-oil-cooler-systems-gt-hydraulicgt-hydraulic-oil-cooler-systems-gt-hydraulicgt-hydraulic-oil-cooler-systems-gt-hydraulic-gt-hydraulic-gt-hydraulic.webp-768x483.webp 768w, https:\/\/gthydraulic.com.tr\/wp-content\/uploads\/2025\/03\/gt-hydraulic-oil-cooler-systems-gt-hydraulicgt-hydraulic-oil-cooler-systems-gt-hydraulicgt-hydraulic-oil-cooler-systems-gt-hydraulic-gt-hydraulic-gt-hydraulic.webp-430x270.webp 430w, https:\/\/gthydraulic.com.tr\/wp-content\/uploads\/2025\/03\/gt-hydraulic-oil-cooler-systems-gt-hydraulicgt-hydraulic-oil-cooler-systems-gt-hydraulicgt-hydraulic-oil-cooler-systems-gt-hydraulic-gt-hydraulic-gt-hydraulic.webp-700x440.webp 700w, https:\/\/gthydraulic.com.tr\/wp-content\/uploads\/2025\/03\/gt-hydraulic-oil-cooler-systems-gt-hydraulicgt-hydraulic-oil-cooler-systems-gt-hydraulicgt-hydraulic-oil-cooler-systems-gt-hydraulic-gt-hydraulic-gt-hydraulic.webp-150x94.webp 150w\" sizes=\"(max-width: 1443px) 100vw, 1443px\" \/>\t\t\t\t\t<\/div>\n\n\t\t\t\t\t\t<\/div>\n\t\t\t\t<\/div>\n\t\t\t\t<\/div>\n\t\t\t\t\t<\/div>\n\t\t\t\t<\/div>\n\t\t<div class=\"wd-negative-gap elementor-element elementor-element-f168c0a e-flex e-con-boxed e-con e-parent\" data-id=\"f168c0a\" data-element_type=\"container\" data-e-type=\"container\">\n\t\t\t\t\t<div class=\"e-con-inner\">\n\t\t<div class=\"elementor-element elementor-element-5642404 e-con-full e-flex e-con e-child\" data-id=\"5642404\" data-element_type=\"container\" data-e-type=\"container\">\n\t\t\t\t<div class=\"elementor-element elementor-element-6cf5219 wd-width-100 elementor-widget elementor-widget-wd_video\" data-id=\"6cf5219\" data-element_type=\"widget\" data-e-type=\"widget\" data-widget_type=\"wd_video.default\">\n\t\t\t\t<div class=\"elementor-widget-container\">\n\t\t\t\t\t\n\t\t<div class=\"wd-el-video wd-action-overlay wd-video-hosted wd-with-aspect-ratio wd-lightbox\">\n\t\t\t\t\t\t\t<div class=\"wd-popup wd-with-video wd-video-popup mfp-hide\" id=\"69e3942063fbb\"><video data-lazy-load=\"https:\/\/gthydraulic.com.tr\/wp-content\/uploads\/2025\/03\/Gt-Hydraulic-15.01.2025.mp4\" playsinline muted controls><\/video><\/div>\t\t\t\n\t\t\t\n\t\t\t\n\t\t\t\t\t\t\t<div class=\"wd-el-video-overlay wd-fill\">\n\t\t\t\t\t<img decoding=\"async\" width=\"2560\" height=\"500\" src=\"https:\/\/gthydraulic.com.tr\/wp-content\/uploads\/2025\/03\/gt-hydraulic-oil-cooler-systems-gt-hydraulic-gt-hydraulic-oil-cooler-systems-gt-hydraulic.webp\" class=\"attachment-full size-full\" alt=\"\" \/>\t\t\t\t<\/div>\n\t\t\t\t<div class=\"wd-el-video-control color-scheme-light wd-fill\">\n\t\t\t\t\t<span class=\"wd-el-video-play-btn\"><\/span>\n\t\t\t\t\t\t\t\t\t<\/div>\n\n\t\t\t\t<a class=\"wd-el-video-link wd-el-video-btn-overlay wd-fill wd-el-video-lightbox wd-el-video-hosted\" href=\"#69e3942063fbb\"><\/a>\n\t\t\t\t\t<\/div>\n\t\t\t\t\t\t<\/div>\n\t\t\t\t<\/div>\n\t\t\t\t<\/div>\n\t\t<div class=\"elementor-element elementor-element-b67633c e-con-full e-flex e-con e-child\" data-id=\"b67633c\" data-element_type=\"container\" data-e-type=\"container\">\n\t\t\t\t<div class=\"elementor-element elementor-element-30ae1e0 elementor-widget elementor-widget-wd_text_block\" data-id=\"30ae1e0\" data-element_type=\"widget\" data-e-type=\"widget\" data-widget_type=\"wd_text_block.default\">\n\t\t\t\t<div class=\"elementor-widget-container\">\n\t\t\t\t\t\t\t<div class=\"wd-text-block reset-last-child text-left\">\n\t\t\t\n\t\t\t<h3><span style=\"color: #03588c;\">GT Hydraulic ile G\u00fc\u00e7l\u00fc \u00c7\u00f6z\u00fcmler<\/span><\/h3><p>Modern hidrolik so\u011futma ve radyat\u00f6r sistemlerimizle, sanayi ve otomotiv sekt\u00f6rleri i\u00e7in y\u00fcksek performansl\u0131 ve uzun \u00f6m\u00fcrl\u00fc \u00e7\u00f6z\u00fcmler sunuyoruz. Geli\u015fmi\u015f \u00fcretim teknolojileri sayesinde, hem enerji verimlili\u011fine hem de \u00e7evresel s\u00fcrd\u00fcr\u00fclebilirli\u011fe katk\u0131 sa\u011flamay\u0131 hedefliyoruz.<\/p><p>Uzman ekibimiz, projelerinizin her a\u015famas\u0131nda yan\u0131n\u0131zda. Size \u00f6zel \u00e7\u00f6z\u00fcmlerimiz ve y\u00fcksek kaliteye olan ba\u011fl\u0131l\u0131\u011f\u0131m\u0131z ile i\u015f s\u00fcre\u00e7lerinizde fark yaratmaya haz\u0131r\u0131z. Hidrolik projeleriniz i\u00e7in g\u00fcvenilir bir i\u015f orta\u011f\u0131 kazanmak istiyorsan\u0131z bizimle i\u015f birli\u011fi yap\u0131n.<\/p>\n\t\t\t\t\t<\/div>\n\t\t\t\t\t\t<\/div>\n\t\t\t\t<\/div>\n\t\t\t\t<div class=\"elementor-element elementor-element-7eb1562 elementor-invisible elementor-widget elementor-widget-button\" data-id=\"7eb1562\" data-element_type=\"widget\" data-e-type=\"widget\" data-settings=\"{&quot;_animation&quot;:&quot;fadeInRight&quot;}\" data-widget_type=\"button.default\">\n\t\t\t\t<div class=\"elementor-widget-container\">\n\t\t\t\t\t\t\t\t\t<div class=\"elementor-button-wrapper\">\n\t\t\t\t\t<a class=\"elementor-button elementor-button-link elementor-size-sm\" href=\"tel:03325016999\">\n\t\t\t\t\t\t<span class=\"elementor-button-content-wrapper\">\n\t\t\t\t\t\t<span class=\"elementor-button-icon\">\n\t\t\t\t<svg aria-hidden=\"true\" class=\"e-font-icon-svg e-fas-phone-alt\" viewBox=\"0 0 512 512\" xmlns=\"http:\/\/www.w3.org\/2000\/svg\"><path d=\"M497.39 361.8l-112-48a24 24 0 0 0-28 6.9l-49.6 60.6A370.66 370.66 0 0 1 130.6 204.11l60.6-49.6a23.94 23.94 0 0 0 6.9-28l-48-112A24.16 24.16 0 0 0 122.6.61l-104 24A24 24 0 0 0 0 48c0 256.5 207.9 464 464 464a24 24 0 0 0 23.4-18.6l24-104a24.29 24.29 0 0 0-14.01-27.6z\"><\/path><\/svg>\t\t\t<\/span>\n\t\t\t\t\t\t\t\t\t<span class=\"elementor-button-text\">Hemen Ara<\/span>\n\t\t\t\t\t<\/span>\n\t\t\t\t\t<\/a>\n\t\t\t\t<\/div>\n\t\t\t\t\t\t\t\t<\/div>\n\t\t\t\t<\/div>\n\t\t\t\t<\/div>\n\t\t\t\t\t<\/div>\n\t\t\t\t<\/div>\n\t\t\t\t<\/div>\n\t\t","protected":false},"excerpt":{"rendered":"<p>Kaliteli \u00dcretim, G\u00fcvenilir \u00c7\u00f6z\u00fcmler GT Hydraulic olarak, modern end\u00fcstriyel uygulamalar\u0131n zorlu gereksinimlerini kar\u015f\u0131lamak \u00fczere tasarlanm\u0131\u015f y\u00fcksek kaliteli ya\u011f so\u011futucu sistemler<\/p>\n","protected":false},"author":1,"featured_media":0,"parent":0,"menu_order":0,"comment_status":"closed","ping_status":"closed","template":"","meta":{"_joinchat":[],"footnotes":""},"class_list":["post-29339","page","type-page","status-publish","hentry"],"_links":{"self":[{"href":"https:\/\/gthydraulic.com.tr\/tr\/wp-json\/wp\/v2\/pages\/29339","targetHints":{"allow":["GET"]}}],"collection":[{"href":"https:\/\/gthydraulic.com.tr\/tr\/wp-json\/wp\/v2\/pages"}],"about":[{"href":"https:\/\/gthydraulic.com.tr\/tr\/wp-json\/wp\/v2\/types\/page"}],"author":[{"embeddable":true,"href":"https:\/\/gthydraulic.com.tr\/tr\/wp-json\/wp\/v2\/users\/1"}],"replies":[{"embeddable":true,"href":"https:\/\/gthydraulic.com.tr\/tr\/wp-json\/wp\/v2\/comments?post=29339"}],"version-history":[{"count":6,"href":"https:\/\/gthydraulic.com.tr\/tr\/wp-json\/wp\/v2\/pages\/29339\/revisions"}],"predecessor-version":[{"id":29345,"href":"https:\/\/gthydraulic.com.tr\/tr\/wp-json\/wp\/v2\/pages\/29339\/revisions\/29345"}],"wp:attachment":[{"href":"https:\/\/gthydraulic.com.tr\/tr\/wp-json\/wp\/v2\/media?parent=29339"}],"curies":[{"name":"wp","href":"https:\/\/api.w.org\/{rel}","templated":true}]}}