{"id":29628,"date":"2025-03-06T02:29:44","date_gmt":"2025-03-05T23:29:44","guid":{"rendered":"https:\/\/gthydraulic.com.tr\/product\/ms-0040\/"},"modified":"2025-04-28T23:07:36","modified_gmt":"2025-04-28T20:07:36","slug":"ms-0040","status":"publish","type":"product","link":"https:\/\/gthydraulic.com.tr\/tr\/urun\/ms-0040\/","title":{"rendered":"MS0040"},"content":{"rendered":"<h4>Genel \u00dcr\u00fcn Bilgisi<\/h4>\n<ul>\n<li><strong>Ana Malzeme:<\/strong> Al\u00fcminyum<\/li>\n<li><strong>Fan \/ Fan Koruma Malzemesi:<\/strong> Metal veya Sert Plastik<\/li>\n<li><strong>Maksimum \u00c7al\u0131\u015fma S\u0131cakl\u0131\u011f\u0131:<\/strong> 120\u00b0C<\/li>\n<li><strong>Test Bas\u0131nc\u0131:<\/strong> 30 Bar<\/li>\n<li><strong>\u00c7al\u0131\u015fma Bas\u0131nc\u0131:<\/strong> 20 Bar<\/li>\n<li><strong>Kullan\u0131m Alanlar\u0131:<\/strong> Mobil ve Sabit End\u00fcstriyel Uygulamalar<\/li>\n<\/ul>\n<p><strong>&#8220;GT HYDRAULIC&#8221;<\/strong> hava-ya\u011f \u0131s\u0131 de\u011fi\u015ftiricileri, \u00e7evredeki havay\u0131 fanlar\/elektrik motorlar\u0131 arac\u0131l\u0131\u011f\u0131yla \u00e7ekirdeklerden ge\u00e7irerek hidrolik sistemdeki ya\u011f\u0131 so\u011futmak i\u00e7in kullan\u0131l\u0131r. So\u011futucu kanat\u00e7\u0131klar\u0131n \u00f6zellikleri sayesinde, ak\u0131\u015fkan\u0131n t\u00fcrb\u00fclans\u0131 ve dolay\u0131s\u0131yla \u0131s\u0131 de\u011fi\u015fim kapasitesi art\u0131r\u0131l\u0131r. Ayr\u0131ca, so\u011futucu kanat\u00e7\u0131klar\u0131n \u00f6zel yap\u0131lar\u0131, genel \u0131s\u0131 transfer katsay\u0131s\u0131n\u0131 art\u0131r\u0131r. Kompakt, hafif, dayan\u0131kl\u0131 ve teknolojik bir \u00fcr\u00fcnd\u00fcr.<\/p>\n<h4>Montaj<\/h4>\n<p>Do\u011fal hava ak\u0131\u015f\u0131n\u0131 korumak i\u00e7in radyat\u00f6rler yatay olarak monte edilebilir, duvar ile aras\u0131ndaki minimum mesafeye dikkat edilmelidir. Is\u0131 de\u011fi\u015ftiriciler genellikle sistemdeki ya\u011f deposunun d\u00f6n\u00fc\u015f borular\u0131na monte edilir. Darbelere ve mekanik titre\u015fimlere kar\u015f\u0131 desteklerle korunmal\u0131 ve esnek borularla sisteme ba\u011flanmal\u0131d\u0131r. Sistemin \u00e7al\u0131\u015fmas\u0131 s\u0131ras\u0131nda olu\u015fabilecek \u00f6ng\u00f6r\u00fclemeyen y\u00fcksek bas\u0131nca kar\u015f\u0131 radyat\u00f6r\u00fc korumak i\u00e7in bir baypas valfi tak\u0131lmas\u0131n\u0131 tavsiye ederiz.<\/p>\n<h5>T\u00fcm teknik detaylar i\u00e7in GT Hydraulic katalo\u011funu incelemeyi unutmay\u0131n.<\/h5>\n<p><a class=\"custom-button\" href=\"https:\/\/gthydraulic.com.tr\/wp-content\/uploads\/2025\/03\/gt-hydraulic-technical-detail_compressed.pdf\" target=\"_blank\" rel=\"noopener\"><br \/>\n\u00dcr\u00fcn PDF&#8217;ini \u0130ncele<br \/>\n<\/a><\/p>\n","protected":false},"excerpt":{"rendered":"<p><img decoding=\"async\" class=\"alignnone size-medium wp-image-27404\" src=\"https:\/\/gthydraulic.com.tr\/wp-content\/uploads\/2025\/03\/01-ms0040-gt-hydraulic-oil-cooler-systems.webp\" alt=\"\" width=\"100%\" height=\"100%\" \/><\/p>\n<p><img decoding=\"async\" class=\"alignnone size-medium wp-image-27404\" src=\"https:\/\/gthydraulic.com.tr\/wp-content\/uploads\/2025\/03\/02-ms0040-gt-hydraulic-oil-cooler-systems.webp\" alt=\"\" width=\"100%\" height=\"100%\" \/><\/p>\n<p><img decoding=\"async\" class=\"alignnone size-medium wp-image-27404\" src=\"https:\/\/gthydraulic.com.tr\/wp-content\/uploads\/2025\/03\/03-ms0040-gt-hydraulic-oil-cooler-systems.webp\" alt=\"\" width=\"100%\" height=\"100%\" \/><\/p>\n","protected":false},"featured_media":29062,"template":"","meta":{"_joinchat":[]},"product_brand":[],"product_cat":[185],"product_tag":[],"class_list":{"0":"post-29628","1":"product","2":"type-product","3":"status-publish","4":"has-post-thumbnail","6":"product_cat-ms-series-tr","8":"first","9":"instock","10":"shipping-taxable","11":"purchasable","12":"product-type-simple"},"_links":{"self":[{"href":"https:\/\/gthydraulic.com.tr\/tr\/wp-json\/wp\/v2\/product\/29628","targetHints":{"allow":["GET"]}}],"collection":[{"href":"https:\/\/gthydraulic.com.tr\/tr\/wp-json\/wp\/v2\/product"}],"about":[{"href":"https:\/\/gthydraulic.com.tr\/tr\/wp-json\/wp\/v2\/types\/product"}],"version-history":[{"count":1,"href":"https:\/\/gthydraulic.com.tr\/tr\/wp-json\/wp\/v2\/product\/29628\/revisions"}],"predecessor-version":[{"id":29634,"href":"https:\/\/gthydraulic.com.tr\/tr\/wp-json\/wp\/v2\/product\/29628\/revisions\/29634"}],"wp:featuredmedia":[{"embeddable":true,"href":"https:\/\/gthydraulic.com.tr\/tr\/wp-json\/wp\/v2\/media\/29062"}],"wp:attachment":[{"href":"https:\/\/gthydraulic.com.tr\/tr\/wp-json\/wp\/v2\/media?parent=29628"}],"wp:term":[{"taxonomy":"product_brand","embeddable":true,"href":"https:\/\/gthydraulic.com.tr\/tr\/wp-json\/wp\/v2\/product_brand?post=29628"},{"taxonomy":"product_cat","embeddable":true,"href":"https:\/\/gthydraulic.com.tr\/tr\/wp-json\/wp\/v2\/product_cat?post=29628"},{"taxonomy":"product_tag","embeddable":true,"href":"https:\/\/gthydraulic.com.tr\/tr\/wp-json\/wp\/v2\/product_tag?post=29628"}],"curies":[{"name":"wp","href":"https:\/\/api.w.org\/{rel}","templated":true}]}}