{"id":29783,"date":"2025-01-10T00:55:44","date_gmt":"2025-01-09T21:55:44","guid":{"rendered":"https:\/\/gthydraulic.com.tr\/product\/g1-ac-dc-motor-oil-coolers\/"},"modified":"2025-04-29T03:16:31","modified_gmt":"2025-04-29T00:16:31","slug":"g1-ac-dc-motor-oil-coolers","status":"publish","type":"product","link":"https:\/\/gthydraulic.com.tr\/tr\/urun\/g1-ac-dc-motor-oil-coolers\/","title":{"rendered":"G1 AC-DC Motor Oil Coolers"},"content":{"rendered":"<h1><strong>Genel Bilgiler<\/strong><\/h1>\n<p><strong>G Serisi<\/strong>, t\u00fcm end\u00fcstriyel sistemlerde kullan\u0131lan \u00fcr\u00fcn serimizdir.<br \/>\nHidrolik so\u011futma \u00fcr\u00fcnlerimiz y\u00fcksek kalite standartlar\u0131na uygun olarak \u00fcretilmektedir. Malzeme tedarikinden \u00fcretime ve \u00fcretim sonras\u0131 kalite kontrol s\u00fcre\u00e7lerine kadar her a\u015fama s\u0131k\u0131 denetim ve g\u00f6zetim alt\u0131ndad\u0131r.<\/p>\n<h2><strong>\u00dcr\u00fcnlerimiz \u015eunlar \u0130\u00e7in Tasarlanm\u0131\u015ft\u0131r:<\/strong><\/h2>\n<ul>\n<li style=\"list-style-type: none;\">\n<ul>\n<li>Mobil sistemler<\/li>\n<li>Sabit \u00fcnite uygulamalar\u0131<\/li>\n<\/ul>\n<\/li>\n<\/ul>\n<ul>\n<li>AC-DC uygulamalar\u0131 i\u00e7in komple so\u011futma sistemleri<\/li>\n<\/ul>\n<h2><strong>\u00d6zellikler<\/strong><\/h2>\n<ul>\n<li>Test Bas\u0131nc\u0131: 30 bar<\/li>\n<li>\u00c7al\u0131\u015fma Bas\u0131nc\u0131: 25 bar<\/li>\n<li>Ssentetik, mineral ya\u011flar ve baz\u0131 s\u0131v\u0131lar\u0131n so\u011futulmas\u0131 i\u00e7in uygundur<\/li>\n<li>Ak\u0131\u015fkandaki \u0131s\u0131 fan yard\u0131m\u0131yla so\u011futulur<\/li>\n<li>Bar-Plaka tipi so\u011futma \u00e7ekirde\u011fi kullan\u0131l\u0131r<\/li>\n<li>Esnek 6063 al\u00fcminyum malzemeden \u00fcretilmi\u015ftir<\/li>\n<li>Her t\u00fcrl\u00fc \u00e7al\u0131\u015fma ko\u015fuluna uygun \u015fekilde tasarlanm\u0131\u015ft\u0131r<\/li>\n<li>Kullan\u0131ma haz\u0131r ve bak\u0131m\u0131 kolayd\u0131r<\/li>\n<li>Y\u00fcksek verimli ve maliyet a\u00e7\u0131s\u0131ndan ekonomiktir<\/li>\n<\/ul>\n","protected":false},"excerpt":{"rendered":"<p>Genel Bilgiler G Serisi, t\u00fcm end\u00fcstriyel sistemlerde kullan\u0131lan \u00fcr\u00fcn serimizdir. Hidrolik so\u011futma \u00fcr\u00fcnlerimiz y\u00fcksek kalite standartlar\u0131na uygun olarak \u00fcretilmektedir. Malzeme<\/p>\n","protected":false},"featured_media":28936,"template":"","meta":{"_joinchat":[]},"product_brand":[],"product_cat":[188],"product_tag":[],"class_list":{"0":"post-29783","1":"product","2":"type-product","3":"status-publish","4":"has-post-thumbnail","6":"product_cat-g-series-tr","8":"first","9":"instock","10":"shipping-taxable","11":"purchasable","12":"product-type-simple"},"_links":{"self":[{"href":"https:\/\/gthydraulic.com.tr\/tr\/wp-json\/wp\/v2\/product\/29783","targetHints":{"allow":["GET"]}}],"collection":[{"href":"https:\/\/gthydraulic.com.tr\/tr\/wp-json\/wp\/v2\/product"}],"about":[{"href":"https:\/\/gthydraulic.com.tr\/tr\/wp-json\/wp\/v2\/types\/product"}],"version-history":[{"count":1,"href":"https:\/\/gthydraulic.com.tr\/tr\/wp-json\/wp\/v2\/product\/29783\/revisions"}],"predecessor-version":[{"id":29794,"href":"https:\/\/gthydraulic.com.tr\/tr\/wp-json\/wp\/v2\/product\/29783\/revisions\/29794"}],"wp:featuredmedia":[{"embeddable":true,"href":"https:\/\/gthydraulic.com.tr\/tr\/wp-json\/wp\/v2\/media\/28936"}],"wp:attachment":[{"href":"https:\/\/gthydraulic.com.tr\/tr\/wp-json\/wp\/v2\/media?parent=29783"}],"wp:term":[{"taxonomy":"product_brand","embeddable":true,"href":"https:\/\/gthydraulic.com.tr\/tr\/wp-json\/wp\/v2\/product_brand?post=29783"},{"taxonomy":"product_cat","embeddable":true,"href":"https:\/\/gthydraulic.com.tr\/tr\/wp-json\/wp\/v2\/product_cat?post=29783"},{"taxonomy":"product_tag","embeddable":true,"href":"https:\/\/gthydraulic.com.tr\/tr\/wp-json\/wp\/v2\/product_tag?post=29783"}],"curies":[{"name":"wp","href":"https:\/\/api.w.org\/{rel}","templated":true}]}}