{"id":29804,"date":"2025-01-10T00:42:51","date_gmt":"2025-01-09T21:42:51","guid":{"rendered":"https:\/\/gthydraulic.com.tr\/product\/b1-230-400-volt-engine-oil-coolers\/"},"modified":"2025-04-29T03:23:08","modified_gmt":"2025-04-29T00:23:08","slug":"b1-230-400-volt-engine-oil-coolers","status":"publish","type":"product","link":"https:\/\/gthydraulic.com.tr\/tr\/urun\/b1-230-400-volt-engine-oil-coolers\/","title":{"rendered":"B1 230\/400 Volt Engine Oil Coolers"},"content":{"rendered":"<h1><strong>Genel Bilgiler<\/strong><\/h1>\n<p><strong>B Serisi<\/strong>, t\u00fcm end\u00fcstriyel sistemlerde kullan\u0131lan \u00fcr\u00fcn serimizdir.<\/p>\n<p>Sundu\u011fumuz hidrolik so\u011futma \u00fcr\u00fcnleri y\u00fcksek kalite standartlar\u0131na uygun olarak \u00fcretilmektedir. Malzeme tedarikinden \u00fcretime ve \u00fcretim sonras\u0131 kalite kontrol s\u00fcre\u00e7lerine kadar her a\u015fama s\u0131k\u0131 denetim ve g\u00f6zetim alt\u0131ndad\u0131r.<\/p>\n<h2><strong>\u00dcr\u00fcnler<\/strong><\/h2>\n<ul>\n<li>Mobil sistemler<\/li>\n<li>Sabit \u00fcnite uygulamalar\u0131<\/li>\n<\/ul>\n<p>\u00dcr\u00fcnlerimiz <strong>AC-DC uygulamalar\u0131<\/strong> i\u00e7in komple so\u011futma sistemleridir. AC 230-400 volt uygulamalar\u0131 i\u00e7in tam so\u011futucular sunulmaktad\u0131r.<\/p>\n<h2><strong>\u00d6zellikler<\/strong><\/h2>\n<ul>\n<li>Test Bas\u0131nc\u0131: 30 bar.<\/li>\n<li>\u00c7al\u0131\u015fma Bas\u0131nc\u0131: 25 bar.<\/li>\n<li>Ssentetik, mineral ya\u011flar ve baz\u0131 s\u0131v\u0131lar\u0131n so\u011futulmas\u0131nda kullan\u0131l\u0131r.<\/li>\n<li>Ak\u0131\u015fkandaki \u0131s\u0131 fan yard\u0131m\u0131yla so\u011futulur.<\/li>\n<li>Bar-Plaka tipi so\u011futma pedi kullan\u0131l\u0131r.<\/li>\n<li>Esnek 6063 al\u00fcminyum malzeme kullan\u0131l\u0131r.<\/li>\n<li>Her t\u00fcrl\u00fc \u00e7al\u0131\u015fma ko\u015fuluna uygun olarak tasarlanm\u0131\u015ft\u0131r.<\/li>\n<li>Kullan\u0131ma haz\u0131r ve bak\u0131m kolayl\u0131\u011f\u0131 sa\u011flar.<\/li>\n<li>Y\u00fcksek verimlili\u011fe ve d\u00fc\u015f\u00fck maliyete sahiptir.<\/li>\n<\/ul>\n<p><a style=\"display: inline-flex; align-items: center; justify-content: center; background-color: #03588c; color: #ffffff; text-decoration: none; padding: 10px 24px; border-radius: 8px; font-weight: bold; font-size: 16px; height: 50px; line-height: 5px; min-width: 200px; box-shadow: 0 6px 8px rgba(0, 0, 0, 0.1); transition: background-color 0.3s ease, transform 0.3s ease;\" href=\"https:\/\/gthydraulic.com.tr\/wp-content\/uploads\/2025\/01\/B_En.pdf\" target=\"_blank\" rel=\"noopener\"><br \/>\n\u00dcr\u00fcn PDF&#8217;ini \u0130ncele<br \/>\n<\/a><\/p>\n","protected":false},"excerpt":{"rendered":"<p>Genel Bilgiler B Serisi, t\u00fcm end\u00fcstriyel sistemlerde kullan\u0131lan \u00fcr\u00fcn serimizdir. Sundu\u011fumuz hidrolik so\u011futma \u00fcr\u00fcnleri y\u00fcksek kalite standartlar\u0131na uygun olarak \u00fcretilmektedir.<\/p>\n","protected":false},"featured_media":28942,"template":"","meta":{"_joinchat":[]},"product_brand":[],"product_cat":[189],"product_tag":[],"class_list":{"0":"post-29804","1":"product","2":"type-product","3":"status-publish","4":"has-post-thumbnail","6":"product_cat-b-series-tr","8":"first","9":"instock","10":"shipping-taxable","11":"purchasable","12":"product-type-simple"},"_links":{"self":[{"href":"https:\/\/gthydraulic.com.tr\/tr\/wp-json\/wp\/v2\/product\/29804","targetHints":{"allow":["GET"]}}],"collection":[{"href":"https:\/\/gthydraulic.com.tr\/tr\/wp-json\/wp\/v2\/product"}],"about":[{"href":"https:\/\/gthydraulic.com.tr\/tr\/wp-json\/wp\/v2\/types\/product"}],"version-history":[{"count":1,"href":"https:\/\/gthydraulic.com.tr\/tr\/wp-json\/wp\/v2\/product\/29804\/revisions"}],"predecessor-version":[{"id":29813,"href":"https:\/\/gthydraulic.com.tr\/tr\/wp-json\/wp\/v2\/product\/29804\/revisions\/29813"}],"wp:featuredmedia":[{"embeddable":true,"href":"https:\/\/gthydraulic.com.tr\/tr\/wp-json\/wp\/v2\/media\/28942"}],"wp:attachment":[{"href":"https:\/\/gthydraulic.com.tr\/tr\/wp-json\/wp\/v2\/media?parent=29804"}],"wp:term":[{"taxonomy":"product_brand","embeddable":true,"href":"https:\/\/gthydraulic.com.tr\/tr\/wp-json\/wp\/v2\/product_brand?post=29804"},{"taxonomy":"product_cat","embeddable":true,"href":"https:\/\/gthydraulic.com.tr\/tr\/wp-json\/wp\/v2\/product_cat?post=29804"},{"taxonomy":"product_tag","embeddable":true,"href":"https:\/\/gthydraulic.com.tr\/tr\/wp-json\/wp\/v2\/product_tag?post=29804"}],"curies":[{"name":"wp","href":"https:\/\/api.w.org\/{rel}","templated":true}]}}